{"id":724988,"date":"2025-08-27T19:42:38","date_gmt":"2025-08-27T16:42:38","guid":{"rendered":"https:\/\/roveyayinevi.com.tr\/index.php\/urun\/hukuk-ozgurluk-ve-ahlak\/"},"modified":"2026-04-16T02:32:49","modified_gmt":"2026-04-15T23:32:49","slug":"hukuk-ozgurluk-ve-ahlak","status":"publish","type":"product","link":"https:\/\/roveyayinevi.com.tr\/index.php\/urun\/hukuk-ozgurluk-ve-ahlak\/","title":{"rendered":"Hukuk, \u00d6zg\u00fcrl\u00fck Ve Ahlak"},"content":{"rendered":"<p>Yay\u0131mland\u0131ktan yakla\u015f\u0131k 60 y\u0131l sonra okuruyla yeniden bulu\u015fan Hukuk, \u00d6zg\u00fcrl\u00fck ve Ahlak, ad\u0131ndan ba\u015flayan vaade uygun olarak, bu \u00fc\u00e7 bile\u015fenin ili\u015fkisine odaklan\u0131yor. H. L. A. Hart, hukuk ile ahlak aras\u0131ndaki ili\u015fkiyi, ahlaka ayk\u0131r\u0131 bulunan edimlerin cezaya tabi olup olmamas\u0131 tart\u0131\u015fmas\u0131n\u0131 merkeze alarak inceliyor. Bu bak\u0131mdan \u201ccinsel ahlak\u201d alan\u0131n\u0131 verimli bir tart\u0131\u015fma sahas\u0131 sayarak \u00e7a\u011f\u0131n\u0131n \u00f6tesinde, cesur y\u00f6nelimlerle tart\u0131\u015fmay\u0131 s\u00fcrd\u00fcr\u00fcyor. Kitapta toplumlar\u0131n genel ahlak \u00e7er\u00e7evelerini \u201czorlayan\u201d tercihler zaman zaman \u00f6rnek vakalardan yola \u00e7\u0131k\u0131larak ele al\u0131n\u0131yor. Cinsel \u00f6zg\u00fcrl\u00fck alan\u0131nda ya\u015fanan tart\u0131\u015fmalar\u0131 tarihsel zeminde inceleyen eser, bu \u00f6zg\u00fcrl\u00fcklerin elde edilebilmesinin ne kadar uzun zaman ald\u0131\u011f\u0131n\u0131, bu u\u011furda ne kadar b\u00fcy\u00fck gayret g\u00f6sterildi\u011fini ortaya koyarken onlarca y\u0131l \u00f6teden g\u00fcn\u00fcm\u00fcze \u0131\u015f\u0131k d\u00fc\u015f\u00fcr\u00fcyor. H. L. A. Hart\u2019\u0131n, kanun yapman\u0131n \u201ckolayl\u0131\u011f\u0131\u201d ile kanunlar\u0131 de\u011fi\u015ftirmenin \u201czorlu\u011fu\u201dnu \u00f6zg\u00fcrl\u00fck kavram\u0131n\u0131 vurgulayarak irdeledi\u011fi Hukuk, \u00d6zg\u00fcrl\u00fck ve Ahlak, sordu\u011fu sorulara okurla birlikte yan\u0131t vermeyi \u00f6nceleyen yap\u0131s\u0131yla g\u00fcncelli\u011fini korumaya devam ediyor.<\/p>\n","protected":false},"excerpt":{"rendered":"<p>Yay\u0131mland\u0131ktan yakla\u015f\u0131k 60 y\u0131l sonra okuruyla yeniden bulu\u015fan Hukuk, \u00d6zg\u00fcrl\u00fck ve Ahlak, ad\u0131ndan ba\u015flayan vaade uygun olarak, bu \u00fc\u00e7 bile\u015fenin ili\u015fkisine odaklan\u0131yor. H. L. A. Hart,<span class=\"excerpt-hellip\"> [\u2026]<\/span><\/p>\n","protected":false},"featured_media":0,"template":"","meta":{"_monsterinsights_skip_tracking":false,"_monsterinsights_sitenote_active":false,"_monsterinsights_sitenote_note":"","_monsterinsights_sitenote_category":0},"product_brand":[],"product_cat":[15350,17602],"product_tag":[],"class_list":{"0":"post-724988","1":"product","2":"type-product","3":"status-publish","5":"product_cat-hukuk","6":"product_cat-hukuk-uzerine","7":"pa_cilt-ciltsiz","8":"pa_tur-kitap","9":"pa_yayinevi-islik-yayinlari","10":"pa_yazar-h-l-a-hart","12":"first","13":"instock","14":"sale","15":"shipping-taxable","16":"purchasable","17":"product-type-simple"},"_links":{"self":[{"href":"https:\/\/roveyayinevi.com.tr\/index.php\/wp-json\/wp\/v2\/product\/724988","targetHints":{"allow":["GET"]}}],"collection":[{"href":"https:\/\/roveyayinevi.com.tr\/index.php\/wp-json\/wp\/v2\/product"}],"about":[{"href":"https:\/\/roveyayinevi.com.tr\/index.php\/wp-json\/wp\/v2\/types\/product"}],"wp:attachment":[{"href":"https:\/\/roveyayinevi.com.tr\/index.php\/wp-json\/wp\/v2\/media?parent=724988"}],"wp:term":[{"taxonomy":"product_brand","embeddable":true,"href":"https:\/\/roveyayinevi.com.tr\/index.php\/wp-json\/wp\/v2\/product_brand?post=724988"},{"taxonomy":"product_cat","embeddable":true,"href":"https:\/\/roveyayinevi.com.tr\/index.php\/wp-json\/wp\/v2\/product_cat?post=724988"},{"taxonomy":"product_tag","embeddable":true,"href":"https:\/\/roveyayinevi.com.tr\/index.php\/wp-json\/wp\/v2\/product_tag?post=724988"}],"curies":[{"name":"wp","href":"https:\/\/api.w.org\/{rel}","templated":true}]}}