{"id":724981,"date":"2025-08-27T19:42:32","date_gmt":"2025-08-27T16:42:32","guid":{"rendered":"https:\/\/roveyayinevi.com.tr\/index.php\/urun\/hazine-seti-10-kitap-set\/"},"modified":"2026-04-16T02:32:49","modified_gmt":"2026-04-15T23:32:49","slug":"hazine-seti-10-kitap-set","status":"publish","type":"product","link":"https:\/\/roveyayinevi.com.tr\/index.php\/urun\/hazine-seti-10-kitap-set\/","title":{"rendered":"Hazine Seti 10 Kitap  ( Set )"},"content":{"rendered":"<p>Y\u0131llard\u0131r sahnelenen g\u00f6lge oyunlar\u0131 ile bizlerden nelerin saklanmak istendi\u011fini, perdenin arkas\u0131nda gizlenen ger\u00e7eklerin neler oldu\u011funu merak ediyorsan\u0131z; SINIRSIZLAR2023 \u015eAH-MATM\u0130LL\u0130 HAREKAT\u0130ST1HBARATS\u0130YASETTE KURT KAPANISON \u0130\u015eGALCENNETE A\u00c7ILAN KAPI  AYASOFYAT\u00dcRK\u0130YEDE PETROL K\u0130ME SAKLANIYOR\u0130LL\u00dcM\u0130NAT\u0130 DE\u015e\u0130FRES\u0130\u00d6RG\u00dcTLER\u0130N DO\u011eU\u015eUgibi \u00f6zel \u00e7al\u0131\u015fmalar\u0131n yer ald\u0131\u011f\u0131 \u00c7\u0131naralt\u0131 Hazine setine mutlaka sahip olmal\u0131s\u0131n\u0131z.  <\/p>\n","protected":false},"excerpt":{"rendered":"<p>Y\u0131llard\u0131r sahnelenen g\u00f6lge oyunlar\u0131 ile bizlerden nelerin saklanmak istendi\u011fini, perdenin arkas\u0131nda gizlenen ger\u00e7eklerin neler oldu\u011funu merak ediyorsan\u0131z; SINIRSIZLAR2023 \u015eAH-MATM\u0130LL\u0130 HAREKAT\u0130ST1HBARATS\u0130YASETTE KURT KAPANISON \u0130\u015eGALCENNETE A\u00c7ILAN KAPI AYASOFYAT\u00dcRK\u0130YEDE<span class=\"excerpt-hellip\"> [\u2026]<\/span><\/p>\n","protected":false},"featured_media":0,"template":"","meta":{"_monsterinsights_skip_tracking":false,"_monsterinsights_sitenote_active":false,"_monsterinsights_sitenote_note":"","_monsterinsights_sitenote_category":0},"product_brand":[],"product_cat":[12370,12304],"product_tag":[],"class_list":{"0":"post-724981","1":"product","2":"type-product","3":"status-publish","5":"product_cat-arastirma-inceleme","6":"product_cat-tarih","7":"pa_cilt-ciltsiz","8":"pa_tur-kitap","9":"pa_yayinevi-cinaralti-yayinlari","10":"pa_yazar-kolektif","12":"first","13":"instock","14":"sale","15":"shipping-taxable","16":"purchasable","17":"product-type-simple"},"_links":{"self":[{"href":"https:\/\/roveyayinevi.com.tr\/index.php\/wp-json\/wp\/v2\/product\/724981","targetHints":{"allow":["GET"]}}],"collection":[{"href":"https:\/\/roveyayinevi.com.tr\/index.php\/wp-json\/wp\/v2\/product"}],"about":[{"href":"https:\/\/roveyayinevi.com.tr\/index.php\/wp-json\/wp\/v2\/types\/product"}],"wp:attachment":[{"href":"https:\/\/roveyayinevi.com.tr\/index.php\/wp-json\/wp\/v2\/media?parent=724981"}],"wp:term":[{"taxonomy":"product_brand","embeddable":true,"href":"https:\/\/roveyayinevi.com.tr\/index.php\/wp-json\/wp\/v2\/product_brand?post=724981"},{"taxonomy":"product_cat","embeddable":true,"href":"https:\/\/roveyayinevi.com.tr\/index.php\/wp-json\/wp\/v2\/product_cat?post=724981"},{"taxonomy":"product_tag","embeddable":true,"href":"https:\/\/roveyayinevi.com.tr\/index.php\/wp-json\/wp\/v2\/product_tag?post=724981"}],"curies":[{"name":"wp","href":"https:\/\/api.w.org\/{rel}","templated":true}]}}