{"id":724980,"date":"2025-08-27T19:42:32","date_gmt":"2025-08-27T16:42:32","guid":{"rendered":"https:\/\/roveyayinevi.com.tr\/index.php\/urun\/gelisim-seti-5-kitap-set\/"},"modified":"2026-04-05T02:40:08","modified_gmt":"2026-04-04T23:40:08","slug":"gelisim-seti-5-kitap-set","status":"publish","type":"product","link":"https:\/\/roveyayinevi.com.tr\/index.php\/urun\/gelisim-seti-5-kitap-set\/","title":{"rendered":"Geli\u015fim  Seti 5 Kitap ( Set )"},"content":{"rendered":"<p>\u00d6zel ya\u015famda, sosyal ya\u015famda ve i\u015f hayat\u0131nda ba\u015far\u0131l\u0131 ve mutlu bir olabilmek i\u00e7in kendimizi \u00e7ok y\u00f6nl\u00fc geli\u015ftirmek, bunun i\u00e7in ya\u015fam boyu \u00f6\u011frenme gayretinde olmak gerekti\u011fine inan\u0131yorsan\u0131z; OLMAZSA OLMAZHAYATA K\u00dc\u00c7\u00dcK DOKUNU\u015eLARL\u0130DER NESL\u0130N \u0130N\u015eASI\u0130LET\u0130\u015e\u0130M\u0130N KADARSINADI: MUTLULUKgibi \u00f6zel \u00e7al\u0131\u015fmalar\u0131n yer ald\u0131\u011f\u0131 Geli\u015fim setimizi mutlaka okumal\u0131 ve okutmal\u0131s\u0131n\u0131z.<\/p>\n","protected":false},"excerpt":{"rendered":"<p>\u00d6zel ya\u015famda, sosyal ya\u015famda ve i\u015f hayat\u0131nda ba\u015far\u0131l\u0131 ve mutlu bir olabilmek i\u00e7in kendimizi \u00e7ok y\u00f6nl\u00fc geli\u015ftirmek, bunun i\u00e7in ya\u015fam boyu \u00f6\u011frenme gayretinde olmak gerekti\u011fine inan\u0131yorsan\u0131z;<span class=\"excerpt-hellip\"> [\u2026]<\/span><\/p>\n","protected":false},"featured_media":0,"template":"","meta":{"_monsterinsights_skip_tracking":false,"_monsterinsights_sitenote_active":false,"_monsterinsights_sitenote_note":"","_monsterinsights_sitenote_category":0},"product_brand":[],"product_cat":[12364,12376],"product_tag":[],"class_list":{"0":"post-724980","1":"product","2":"type-product","3":"status-publish","5":"product_cat-genel-konular","6":"product_cat-kisisel-gelisim","7":"pa_cilt-ciltsiz","8":"pa_tur-kitap","9":"pa_yayinevi-cinaralti-yayinlari","10":"pa_yazar-kolektif","12":"first","13":"instock","14":"sale","15":"shipping-taxable","16":"purchasable","17":"product-type-simple"},"_links":{"self":[{"href":"https:\/\/roveyayinevi.com.tr\/index.php\/wp-json\/wp\/v2\/product\/724980","targetHints":{"allow":["GET"]}}],"collection":[{"href":"https:\/\/roveyayinevi.com.tr\/index.php\/wp-json\/wp\/v2\/product"}],"about":[{"href":"https:\/\/roveyayinevi.com.tr\/index.php\/wp-json\/wp\/v2\/types\/product"}],"wp:attachment":[{"href":"https:\/\/roveyayinevi.com.tr\/index.php\/wp-json\/wp\/v2\/media?parent=724980"}],"wp:term":[{"taxonomy":"product_brand","embeddable":true,"href":"https:\/\/roveyayinevi.com.tr\/index.php\/wp-json\/wp\/v2\/product_brand?post=724980"},{"taxonomy":"product_cat","embeddable":true,"href":"https:\/\/roveyayinevi.com.tr\/index.php\/wp-json\/wp\/v2\/product_cat?post=724980"},{"taxonomy":"product_tag","embeddable":true,"href":"https:\/\/roveyayinevi.com.tr\/index.php\/wp-json\/wp\/v2\/product_tag?post=724980"}],"curies":[{"name":"wp","href":"https:\/\/api.w.org\/{rel}","templated":true}]}}