{"id":724979,"date":"2025-08-27T19:42:31","date_gmt":"2025-08-27T16:42:31","guid":{"rendered":"https:\/\/roveyayinevi.com.tr\/index.php\/urun\/fenomen-seti-4-kitap-set\/"},"modified":"2026-04-16T02:32:49","modified_gmt":"2026-04-15T23:32:49","slug":"fenomen-seti-4-kitap-set","status":"publish","type":"product","link":"https:\/\/roveyayinevi.com.tr\/index.php\/urun\/fenomen-seti-4-kitap-set\/","title":{"rendered":"Fenomen Seti 4 Kitap ( Set )"},"content":{"rendered":"<p>Y\u0131llard\u0131r sahnelenen g\u00f6lge oyunlar\u0131 ile bizlerden nelerin saklanmak istendi\u011fini, perdenin arkas\u0131nda gizlenen ger\u00e7eklerin neler oldu\u011funu; anlat\u0131lanlar\u0131n ve yaz\u0131lanlar\u0131n gerisinde anlat\u0131lmayan ve yaz\u0131lmayan ger\u00e7eklerin neler oldu\u011funu merak ediyorsan\u0131z; SINIRSIZLAR2023 \u015eAH-MATM\u0130LL\u0130 HAREKAT\u0130ST1HBARATgibi \u00f6zel \u00e7al\u0131\u015fmalar\u0131n yer ald\u0131\u011f\u0131 Fenomen setimizi mutlaka okumal\u0131s\u0131n\u0131z.  <\/p>\n","protected":false},"excerpt":{"rendered":"<p>Y\u0131llard\u0131r sahnelenen g\u00f6lge oyunlar\u0131 ile bizlerden nelerin saklanmak istendi\u011fini, perdenin arkas\u0131nda gizlenen ger\u00e7eklerin neler oldu\u011funu; anlat\u0131lanlar\u0131n ve yaz\u0131lanlar\u0131n gerisinde anlat\u0131lmayan ve yaz\u0131lmayan ger\u00e7eklerin neler oldu\u011funu merak<span class=\"excerpt-hellip\"> [\u2026]<\/span><\/p>\n","protected":false},"featured_media":0,"template":"","meta":{"_monsterinsights_skip_tracking":false,"_monsterinsights_sitenote_active":false,"_monsterinsights_sitenote_note":"","_monsterinsights_sitenote_category":0},"product_brand":[],"product_cat":[12304],"product_tag":[],"class_list":{"0":"post-724979","1":"product","2":"type-product","3":"status-publish","5":"product_cat-tarih","6":"pa_cilt-ciltsiz","7":"pa_tur-kitap","8":"pa_yayinevi-cinaralti-yayinlari","9":"pa_yazar-kolektif","11":"first","12":"instock","13":"sale","14":"shipping-taxable","15":"purchasable","16":"product-type-simple"},"_links":{"self":[{"href":"https:\/\/roveyayinevi.com.tr\/index.php\/wp-json\/wp\/v2\/product\/724979","targetHints":{"allow":["GET"]}}],"collection":[{"href":"https:\/\/roveyayinevi.com.tr\/index.php\/wp-json\/wp\/v2\/product"}],"about":[{"href":"https:\/\/roveyayinevi.com.tr\/index.php\/wp-json\/wp\/v2\/types\/product"}],"wp:attachment":[{"href":"https:\/\/roveyayinevi.com.tr\/index.php\/wp-json\/wp\/v2\/media?parent=724979"}],"wp:term":[{"taxonomy":"product_brand","embeddable":true,"href":"https:\/\/roveyayinevi.com.tr\/index.php\/wp-json\/wp\/v2\/product_brand?post=724979"},{"taxonomy":"product_cat","embeddable":true,"href":"https:\/\/roveyayinevi.com.tr\/index.php\/wp-json\/wp\/v2\/product_cat?post=724979"},{"taxonomy":"product_tag","embeddable":true,"href":"https:\/\/roveyayinevi.com.tr\/index.php\/wp-json\/wp\/v2\/product_tag?post=724979"}],"curies":[{"name":"wp","href":"https:\/\/api.w.org\/{rel}","templated":true}]}}