{"id":724978,"date":"2025-08-27T19:42:30","date_gmt":"2025-08-27T16:42:30","guid":{"rendered":"https:\/\/roveyayinevi.com.tr\/index.php\/urun\/cocuk-egitim-seti-5-kitap-set\/"},"modified":"2026-04-16T02:32:49","modified_gmt":"2026-04-15T23:32:49","slug":"cocuk-egitim-seti-5-kitap-set","status":"publish","type":"product","link":"https:\/\/roveyayinevi.com.tr\/index.php\/urun\/cocuk-egitim-seti-5-kitap-set\/","title":{"rendered":"\u00c7ocuk E\u011fitim Seti 5 Kitap  ( Set )"},"content":{"rendered":"<p>\u00c7ocuklar\u0131m\u0131z\u0131n d\u00fcnyay\u0131 daha iyi \u00f6\u011frenebilmeleri i\u00e7in bilin\u00e7li annelere ve babalara ihtiyac\u0131 var. Bunun i\u00e7in de \u00f6ncelikle okuyan ve \u00f6\u011frenen anne-baba olabilmek laz\u0131m. De\u011ferli anneler-babalar ve anne-baba adaylar\u0131; ANNE SOHBETLER\u0130B\u0130L\u0130N\u00c7L\u0130 A\u0130LE\u00c7OK NORMALKORKUYORUM ANNEANNE BEN K\u0130M\u0130M?gibi \u00f6zel \u00e7al\u0131\u015fmalar\u0131n yer ald\u0131\u011f\u0131 \u00c7ocuk E\u011fitimi setimizi mutlaka okumal\u0131s\u0131n<\/p>\n","protected":false},"excerpt":{"rendered":"<p>\u00c7ocuklar\u0131m\u0131z\u0131n d\u00fcnyay\u0131 daha iyi \u00f6\u011frenebilmeleri i\u00e7in bilin\u00e7li annelere ve babalara ihtiyac\u0131 var. Bunun i\u00e7in de \u00f6ncelikle okuyan ve \u00f6\u011frenen anne-baba olabilmek laz\u0131m. De\u011ferli anneler-babalar ve anne-baba<span class=\"excerpt-hellip\"> [\u2026]<\/span><\/p>\n","protected":false},"featured_media":0,"template":"","meta":{"_monsterinsights_skip_tracking":false,"_monsterinsights_sitenote_active":false,"_monsterinsights_sitenote_note":"","_monsterinsights_sitenote_category":0},"product_brand":[],"product_cat":[17996,12364],"product_tag":[],"class_list":{"0":"post-724978","1":"product","2":"type-product","3":"status-publish","5":"product_cat-ebeveyn-kitaplari","6":"product_cat-genel-konular","7":"pa_cilt-ciltsiz","8":"pa_tur-kitap","9":"pa_yayinevi-cinaralti-yayinlari","10":"pa_yazar-kolektif","12":"first","13":"instock","14":"sale","15":"shipping-taxable","16":"purchasable","17":"product-type-simple"},"_links":{"self":[{"href":"https:\/\/roveyayinevi.com.tr\/index.php\/wp-json\/wp\/v2\/product\/724978","targetHints":{"allow":["GET"]}}],"collection":[{"href":"https:\/\/roveyayinevi.com.tr\/index.php\/wp-json\/wp\/v2\/product"}],"about":[{"href":"https:\/\/roveyayinevi.com.tr\/index.php\/wp-json\/wp\/v2\/types\/product"}],"wp:attachment":[{"href":"https:\/\/roveyayinevi.com.tr\/index.php\/wp-json\/wp\/v2\/media?parent=724978"}],"wp:term":[{"taxonomy":"product_brand","embeddable":true,"href":"https:\/\/roveyayinevi.com.tr\/index.php\/wp-json\/wp\/v2\/product_brand?post=724978"},{"taxonomy":"product_cat","embeddable":true,"href":"https:\/\/roveyayinevi.com.tr\/index.php\/wp-json\/wp\/v2\/product_cat?post=724978"},{"taxonomy":"product_tag","embeddable":true,"href":"https:\/\/roveyayinevi.com.tr\/index.php\/wp-json\/wp\/v2\/product_tag?post=724978"}],"curies":[{"name":"wp","href":"https:\/\/api.w.org\/{rel}","templated":true}]}}