{"id":724977,"date":"2025-08-27T19:42:30","date_gmt":"2025-08-27T16:42:30","guid":{"rendered":"https:\/\/roveyayinevi.com.tr\/index.php\/urun\/arka-plan-seti-5-kitap-set\/"},"modified":"2026-04-16T02:32:48","modified_gmt":"2026-04-15T23:32:48","slug":"arka-plan-seti-5-kitap-set","status":"publish","type":"product","link":"https:\/\/roveyayinevi.com.tr\/index.php\/urun\/arka-plan-seti-5-kitap-set\/","title":{"rendered":"Arka Plan Seti 5 Kitap ( Set )"},"content":{"rendered":"<p>Bize g\u00f6sterilenlerin arka plan\u0131nda neler olup bitti\u011fini; anlat\u0131lanlar\u0131n ve yaz\u0131lanlar\u0131n gerisinde anlat\u0131lmayan ve yaz\u0131lmayan ger\u00e7eklerin neler oldu\u011funu merak ediyorsan\u0131z; CENNETE A\u00c7ILAN KAPI AYASOFYASON \u0130\u015eGALT\u00dcRK\u0130YE\u2019DE PETROL K\u0130ME SAKLANIYOR?\u0130LL\u00dcM\u0130NAT\u0130 \u015e\u0130FRES\u0130ORTADO\u011eU\u2019DA \u00d6RG\u00dcTLER\u0130N DO\u011eU\u015eUgibi \u00f6zel \u00e7al\u0131\u015fmalar\u0131n yer ald\u0131\u011f\u0131  Arka Plan setimizi mutlaka okumal\u0131s\u0131n\u0131z<\/p>\n","protected":false},"excerpt":{"rendered":"<p>Bize g\u00f6sterilenlerin arka plan\u0131nda neler olup bitti\u011fini; anlat\u0131lanlar\u0131n ve yaz\u0131lanlar\u0131n gerisinde anlat\u0131lmayan ve yaz\u0131lmayan ger\u00e7eklerin neler oldu\u011funu merak ediyorsan\u0131z; CENNETE A\u00c7ILAN KAPI AYASOFYASON \u0130\u015eGALT\u00dcRK\u0130YE\u2019DE PETROL K\u0130ME<span class=\"excerpt-hellip\"> [\u2026]<\/span><\/p>\n","protected":false},"featured_media":0,"template":"","meta":{"_monsterinsights_skip_tracking":false,"_monsterinsights_sitenote_active":false,"_monsterinsights_sitenote_note":"","_monsterinsights_sitenote_category":0},"product_brand":[],"product_cat":[13590,12337],"product_tag":[],"class_list":{"0":"post-724977","1":"product","2":"type-product","3":"status-publish","5":"product_cat-arastirma-inceleme-politika-siyaset","6":"product_cat-politika-siyaset","7":"pa_cilt-ciltsiz","8":"pa_tur-kitap","9":"pa_yayinevi-cinaralti-yayinlari","10":"pa_yazar-kolektif","12":"first","13":"instock","14":"sale","15":"shipping-taxable","16":"purchasable","17":"product-type-simple"},"_links":{"self":[{"href":"https:\/\/roveyayinevi.com.tr\/index.php\/wp-json\/wp\/v2\/product\/724977","targetHints":{"allow":["GET"]}}],"collection":[{"href":"https:\/\/roveyayinevi.com.tr\/index.php\/wp-json\/wp\/v2\/product"}],"about":[{"href":"https:\/\/roveyayinevi.com.tr\/index.php\/wp-json\/wp\/v2\/types\/product"}],"wp:attachment":[{"href":"https:\/\/roveyayinevi.com.tr\/index.php\/wp-json\/wp\/v2\/media?parent=724977"}],"wp:term":[{"taxonomy":"product_brand","embeddable":true,"href":"https:\/\/roveyayinevi.com.tr\/index.php\/wp-json\/wp\/v2\/product_brand?post=724977"},{"taxonomy":"product_cat","embeddable":true,"href":"https:\/\/roveyayinevi.com.tr\/index.php\/wp-json\/wp\/v2\/product_cat?post=724977"},{"taxonomy":"product_tag","embeddable":true,"href":"https:\/\/roveyayinevi.com.tr\/index.php\/wp-json\/wp\/v2\/product_tag?post=724977"}],"curies":[{"name":"wp","href":"https:\/\/api.w.org\/{rel}","templated":true}]}}