{"id":724975,"date":"2025-08-27T19:42:28","date_gmt":"2025-08-27T16:42:28","guid":{"rendered":"https:\/\/roveyayinevi.com.tr\/index.php\/urun\/cocuk-edebiyatina-elestirel-bakis\/"},"modified":"2026-04-16T02:32:48","modified_gmt":"2026-04-15T23:32:48","slug":"cocuk-edebiyatina-elestirel-bakis","status":"publish","type":"product","link":"https:\/\/roveyayinevi.com.tr\/index.php\/urun\/cocuk-edebiyatina-elestirel-bakis\/","title":{"rendered":"\u00c7ocuk Edebiyat\u0131na Ele\u015ftirel Bak\u0131\u015f"},"content":{"rendered":"<p>\u00c7ocuk edebiyat\u0131na y\u00f6ntem kazand\u0131racak kitap&#8230; \u00c7ocuk Edebiyat\u0131na Ele\u015ftirel Bir Bak\u0131\u015f; Amerika Birle\u015fik Devletleri\u2019nde \u00e7ocuklarla ve kitaplarla \u00e7al\u0131\u015fan ebeveyn, k\u00fct\u00fcphaneci, \u00f6\u011fretmen ve \u00fcniversite \u00f6\u011frencilerine y\u00f6nelik haz\u0131rlanm\u0131\u015f bir inceleme ve ara\u015ft\u0131rma kitab\u0131d\u0131r. \u00c7ocuklar\u0131n kitaplarla ili\u015fkisini kurmak ve geli\u015ftirmek ancak \u00e7e\u015fitli format ve t\u00fcrlerdeki nitelikli edebiyat eserlerini ele\u015ftirel bir g\u00f6zle okumalar\u0131yla m\u00fcmk\u00fcn olabilmektedir. \u00c7ocuk Edebiyat\u0131na Ele\u015ftirel Bir Bak\u0131\u015f; t\u00fcr, karakter, olay \u00f6rg\u00fcs\u00fc, zaman ve mek\u00e2n, bak\u0131\u015f a\u00e7\u0131s\u0131, \u00fcslup ve ton, tema, \u015fiir, biyografi, bilgilendirici kitap, resimli kitap gibi konularda se\u00e7ilmi\u015f nitelikli kitaplar \u00fczerinden \u00f6rnekler vererek, kar\u015f\u0131la\u015ft\u0131rmalar yaparak, \u00e7ocuklar\u0131n edebiyatla ili\u015fkilerinin nas\u0131l kurulmas\u0131 gerekti\u011fi ile ilgili k\u0131lavuzluk yapmaktad\u0131r. \u00c7ocuk Edebiyat\u0131na Ele\u015ftirel Bir Bak\u0131\u015f, \u00fclkemizde bu alanda yap\u0131lan \u00e7al\u0131\u015fmalara ve bu alan\u0131n ilgililerine farkl\u0131 bir bak\u0131\u015f a\u00e7\u0131s\u0131 kazand\u0131racakt\u0131r.<\/p>\n","protected":false},"excerpt":{"rendered":"<p>\u00c7ocuk edebiyat\u0131na y\u00f6ntem kazand\u0131racak kitap&#8230; \u00c7ocuk Edebiyat\u0131na Ele\u015ftirel Bir Bak\u0131\u015f; Amerika Birle\u015fik Devletleri\u2019nde \u00e7ocuklarla ve kitaplarla \u00e7al\u0131\u015fan ebeveyn, k\u00fct\u00fcphaneci, \u00f6\u011fretmen ve \u00fcniversite \u00f6\u011frencilerine y\u00f6nelik haz\u0131rlanm\u0131\u015f bir<span class=\"excerpt-hellip\"> [\u2026]<\/span><\/p>\n","protected":false},"featured_media":0,"template":"","meta":{"_monsterinsights_skip_tracking":false,"_monsterinsights_sitenote_active":false,"_monsterinsights_sitenote_note":"","_monsterinsights_sitenote_category":0},"product_brand":[],"product_cat":[13072,12291],"product_tag":[],"class_list":{"0":"post-724975","1":"product","2":"type-product","3":"status-publish","5":"product_cat-arastirma-inceleme-referans","6":"product_cat-edebiyat","7":"pa_cilt-ciltsiz","8":"pa_tur-kitap","9":"pa_yayinevi-erdem-yayinlari","10":"pa_yazar-j-lukens","12":"first","13":"instock","14":"sale","15":"shipping-taxable","16":"purchasable","17":"product-type-simple"},"_links":{"self":[{"href":"https:\/\/roveyayinevi.com.tr\/index.php\/wp-json\/wp\/v2\/product\/724975","targetHints":{"allow":["GET"]}}],"collection":[{"href":"https:\/\/roveyayinevi.com.tr\/index.php\/wp-json\/wp\/v2\/product"}],"about":[{"href":"https:\/\/roveyayinevi.com.tr\/index.php\/wp-json\/wp\/v2\/types\/product"}],"wp:attachment":[{"href":"https:\/\/roveyayinevi.com.tr\/index.php\/wp-json\/wp\/v2\/media?parent=724975"}],"wp:term":[{"taxonomy":"product_brand","embeddable":true,"href":"https:\/\/roveyayinevi.com.tr\/index.php\/wp-json\/wp\/v2\/product_brand?post=724975"},{"taxonomy":"product_cat","embeddable":true,"href":"https:\/\/roveyayinevi.com.tr\/index.php\/wp-json\/wp\/v2\/product_cat?post=724975"},{"taxonomy":"product_tag","embeddable":true,"href":"https:\/\/roveyayinevi.com.tr\/index.php\/wp-json\/wp\/v2\/product_tag?post=724975"}],"curies":[{"name":"wp","href":"https:\/\/api.w.org\/{rel}","templated":true}]}}