{"id":724974,"date":"2025-08-27T19:42:27","date_gmt":"2025-08-27T16:42:27","guid":{"rendered":"https:\/\/roveyayinevi.com.tr\/index.php\/urun\/kalbim-sende-kaldi\/"},"modified":"2026-04-16T02:32:48","modified_gmt":"2026-04-15T23:32:48","slug":"kalbim-sende-kaldi","status":"publish","type":"product","link":"https:\/\/roveyayinevi.com.tr\/index.php\/urun\/kalbim-sende-kaldi\/","title":{"rendered":"Kalbim Sende Kald\u0131"},"content":{"rendered":"<p>\u201cZaman\u0131 yakalamak, yay\u0131ndan \u00e7\u0131kan bir oku yakalamaktan daha zordur.Kimine g\u00f6re zaman Adem\u2019in kendisi, kimine g\u00f6re varl\u0131\u011f\u0131n ruhu.Belki de zaman, batan bir gemi&#8230;\u0130nsan o gemide misafir&#8230;Her r\u0131ht\u0131mda baz\u0131 yolcular iner, ba\u015fkalar\u0131 biner.Bazen zaman, okyanusta mazeretsiz su al\u0131rve siz istemeseniz de batacakt\u0131r.Kurtulmak i\u00e7in sahil arars\u0131n\u0131z ama zaman batmaya kararl\u0131d\u0131r\u2026Ve sonunda fark edersiniz ki; asl\u0131nda ak\u0131p giden \u015feyzaman de\u011fil, sizsiniz!\u201dMakedonya ve Bulgaristan\u2019da T\u00fcrklerin b\u0131rakt\u0131\u011f\u0131 tarihi izleri s\u00fcrerken; akla hayale s\u0131\u011fmayan bir hikaye bulduk. Beklenmedik bir S\u0131r ile hayat\u0131, i\u00e7inden \u00e7\u0131k\u0131lmaz hale gelen bir insan\u0131n \u00f6yk\u00fcs\u00fcyle bulu\u015ftuk.Roman\u0131 okuyacak cesarete sahipseniz zaman\u0131 d\u00fc\u015f\u00fcnmeyin; \u00e7\u00fcnk\u00fc kitap bu duruma el koyuyor ve kendine zaman yarat\u0131yor.Ayr\u0131ca, \u201cKader nas\u0131l bir \u015fey?\u201d diye merak edenlere de kaderin resmini sunuyor. Yazg\u0131; \u201cBen var\u0131m ve ger\u00e7e\u011fin ta kendisiyim!\u201ddiyecek kadar somutla\u015f\u0131yor.Dikkat; bu kitap zaman\u0131n\u0131z\u0131 \u00e7alabilir!<\/p>\n","protected":false},"excerpt":{"rendered":"<p>\u201cZaman\u0131 yakalamak, yay\u0131ndan \u00e7\u0131kan bir oku yakalamaktan daha zordur.Kimine g\u00f6re zaman Adem\u2019in kendisi, kimine g\u00f6re varl\u0131\u011f\u0131n ruhu.Belki de zaman, batan bir gemi&#8230;\u0130nsan o gemide misafir&#8230;Her r\u0131ht\u0131mda<span class=\"excerpt-hellip\"> [\u2026]<\/span><\/p>\n","protected":false},"featured_media":0,"template":"","meta":{"_monsterinsights_skip_tracking":false,"_monsterinsights_sitenote_active":false,"_monsterinsights_sitenote_note":"","_monsterinsights_sitenote_category":0},"product_brand":[],"product_cat":[12291,12711],"product_tag":[],"class_list":{"0":"post-724974","1":"product","2":"type-product","3":"status-publish","5":"product_cat-edebiyat","6":"product_cat-roman-oyku","7":"pa_cilt-ciltsiz","8":"pa_tur-kitap","9":"pa_yayinevi-yediveren-yayinlari","10":"pa_yazar-bilal-civelek","12":"first","13":"instock","14":"sale","15":"shipping-taxable","16":"purchasable","17":"product-type-simple"},"_links":{"self":[{"href":"https:\/\/roveyayinevi.com.tr\/index.php\/wp-json\/wp\/v2\/product\/724974","targetHints":{"allow":["GET"]}}],"collection":[{"href":"https:\/\/roveyayinevi.com.tr\/index.php\/wp-json\/wp\/v2\/product"}],"about":[{"href":"https:\/\/roveyayinevi.com.tr\/index.php\/wp-json\/wp\/v2\/types\/product"}],"wp:attachment":[{"href":"https:\/\/roveyayinevi.com.tr\/index.php\/wp-json\/wp\/v2\/media?parent=724974"}],"wp:term":[{"taxonomy":"product_brand","embeddable":true,"href":"https:\/\/roveyayinevi.com.tr\/index.php\/wp-json\/wp\/v2\/product_brand?post=724974"},{"taxonomy":"product_cat","embeddable":true,"href":"https:\/\/roveyayinevi.com.tr\/index.php\/wp-json\/wp\/v2\/product_cat?post=724974"},{"taxonomy":"product_tag","embeddable":true,"href":"https:\/\/roveyayinevi.com.tr\/index.php\/wp-json\/wp\/v2\/product_tag?post=724974"}],"curies":[{"name":"wp","href":"https:\/\/api.w.org\/{rel}","templated":true}]}}