{"id":724973,"date":"2025-08-27T19:42:26","date_gmt":"2025-08-27T16:42:26","guid":{"rendered":"https:\/\/roveyayinevi.com.tr\/index.php\/urun\/is-modeli-uretimi\/"},"modified":"2026-04-16T02:32:48","modified_gmt":"2026-04-15T23:32:48","slug":"is-modeli-uretimi","status":"publish","type":"product","link":"https:\/\/roveyayinevi.com.tr\/index.php\/urun\/is-modeli-uretimi\/","title":{"rendered":"\u0130\u015f Modeli \u00dcretimi"},"content":{"rendered":"<p>\u0130\u015f Modeli \u00dcretimi, d\u00fcnyan\u0131n \u00f6nde gelen \u015firketlerinin kullanmakta oldu\u011fu g\u00fc\u00e7l\u00fc ve uygulanabilir inovasyon tekniklerini \u00f6\u011fretiyor. Bu kitapla yeni bir i\u015f modelinin nas\u0131l tasarlanaca\u011f\u0131n\u0131, nas\u0131l hayata ge\u00e7irilece\u011fini, eski bir modelin nas\u0131l analiz edilece\u011fini ya da yenilenece\u011fini \u00f6\u011freneceksiniz. Yeni ve bulu\u015f\u00e7u modelleri benimsemeye haz\u0131r y\u00f6netici, dan\u0131\u015fman, giri\u015fimci ve liderler; bu kitapta i\u015f modellerini anlamak, tasarlamak, revize etmek ve hayata ge\u00e7irmekte yararlanabilecekleri, g\u00fc\u00e7l\u00fc, basit ve test edilmi\u015f ara\u00e7lar bulacaklar.42 \u00fclkeden 470 \u0130\u015f Modeli Tuvali uygulamac\u0131s\u0131n\u0131n katk\u0131s\u0131yla yaz\u0131lan bu kitap, klasik yay\u0131nc\u0131l\u0131k sekt\u00f6r\u00fcnden ba\u011f\u0131ms\u0131z olarak finanse edilip yarat\u0131ld\u0131. Kitapta son derece entegre, g\u00f6rsel ve rahat bir tasar\u0131m kullan\u0131larak okurlar\u0131n daha ilk sayfadan itibaren bilgilenmesine \u00f6zen g\u00f6sterildi.<\/p>\n","protected":false},"excerpt":{"rendered":"<p>\u0130\u015f Modeli \u00dcretimi, d\u00fcnyan\u0131n \u00f6nde gelen \u015firketlerinin kullanmakta oldu\u011fu g\u00fc\u00e7l\u00fc ve uygulanabilir inovasyon tekniklerini \u00f6\u011fretiyor. Bu kitapla yeni bir i\u015f modelinin nas\u0131l tasarlanaca\u011f\u0131n\u0131, nas\u0131l hayata ge\u00e7irilece\u011fini,<span class=\"excerpt-hellip\"> [\u2026]<\/span><\/p>\n","protected":false},"featured_media":0,"template":"","meta":{"_monsterinsights_skip_tracking":false,"_monsterinsights_sitenote_active":false,"_monsterinsights_sitenote_note":"","_monsterinsights_sitenote_category":0},"product_brand":[],"product_cat":[13043,14754],"product_tag":[],"class_list":{"0":"post-724973","1":"product","2":"type-product","3":"status-publish","5":"product_cat-ekonomi","6":"product_cat-halkla-iliskiler-insan-kaynaklari","7":"pa_cilt-ciltsiz","8":"pa_tur-kitap","9":"pa_yayinevi-optimist-yayin-dagitim","10":"pa_yazar-optimist-yayin-dagitim-kolektif","12":"first","13":"instock","14":"sale","15":"shipping-taxable","16":"purchasable","17":"product-type-simple"},"_links":{"self":[{"href":"https:\/\/roveyayinevi.com.tr\/index.php\/wp-json\/wp\/v2\/product\/724973","targetHints":{"allow":["GET"]}}],"collection":[{"href":"https:\/\/roveyayinevi.com.tr\/index.php\/wp-json\/wp\/v2\/product"}],"about":[{"href":"https:\/\/roveyayinevi.com.tr\/index.php\/wp-json\/wp\/v2\/types\/product"}],"wp:attachment":[{"href":"https:\/\/roveyayinevi.com.tr\/index.php\/wp-json\/wp\/v2\/media?parent=724973"}],"wp:term":[{"taxonomy":"product_brand","embeddable":true,"href":"https:\/\/roveyayinevi.com.tr\/index.php\/wp-json\/wp\/v2\/product_brand?post=724973"},{"taxonomy":"product_cat","embeddable":true,"href":"https:\/\/roveyayinevi.com.tr\/index.php\/wp-json\/wp\/v2\/product_cat?post=724973"},{"taxonomy":"product_tag","embeddable":true,"href":"https:\/\/roveyayinevi.com.tr\/index.php\/wp-json\/wp\/v2\/product_tag?post=724973"}],"curies":[{"name":"wp","href":"https:\/\/api.w.org\/{rel}","templated":true}]}}