{"id":724972,"date":"2025-08-27T19:42:26","date_gmt":"2025-08-27T16:42:26","guid":{"rendered":"https:\/\/roveyayinevi.com.tr\/index.php\/urun\/siyasal-ideolojiler\/"},"modified":"2026-04-16T02:32:48","modified_gmt":"2026-04-15T23:32:48","slug":"siyasal-ideolojiler","status":"publish","type":"product","link":"https:\/\/roveyayinevi.com.tr\/index.php\/urun\/siyasal-ideolojiler\/","title":{"rendered":"Siyasal \u0130deolojiler"},"content":{"rendered":"<p>\u0130deolojiler bir anlay\u0131\u015fa g\u00f6re sosyalist rejimlerin \u00e7\u00f6k\u00fc\u015f\u00fcyle birlikte bitti. Bir anlay\u0131\u015fa g\u00f6re ise ideoloji hi\u00e7bir zaman hayat\u0131m\u0131zdan \u00e7\u0131kmayacak, bizimle birlikte hep var olmaya devam edecektir. Birinci anlay\u0131\u015f ideolojiyi k\u00f6kl\u00fc toplumsal, siyasal ve ekonomik d\u00f6n\u00fc\u015f\u00fcmleri i\u00e7eren bir proje olarak kabul eder. Bu bak\u0131mdan on dokuzuncu ve yirminci y\u00fczy\u0131l\u0131n en iddial\u0131 ideolojisi olan ve d\u00fcnyan\u0131n yar\u0131s\u0131ndan fazla bir k\u0131sm\u0131nda hakimiyet kuran sosyalizmin \u00e7\u00f6k\u00fc\u015f\u00fcn\u00fc ideolojinin de biti\u015finin habercisi olarak kabul eder.Sosyalizm kadar iddial\u0131 olmamakla birlikte devlet merkezli siyasal bir proje olarak geli\u015fen fa\u015fizm daha So\u011fuk Sava\u015f \u00f6ncesi bitmi\u015fti. Bu anlay\u0131\u015fta olanlar sosyalizmin ve fa\u015fizmin de\u011fi\u015fik t\u00fcrevi olan ideolojilerin de ana kaynaklar\u0131yla birlikte \u00f6nemini yitirdi\u011fine inan\u0131rlar. Oysa ikinci anlay\u0131\u015fta olanlar, ideolojiyi d\u00fcnyaya bak\u0131\u015f\u0131 belirleyen bir \u00e7er\u00e7eve olarak, ba\u015fka bir deyi\u015fle bir perspektif olarak kabul eder. Do\u011fal olarak bu anlay\u0131\u015fta olanlar i\u00e7in insan var olduk\u00e7a ideoloji de ayr\u0131lmaz bir par\u00e7as\u0131 olarak kendisiyle birlikte var olmaya devam edecektir.<\/p>\n","protected":false},"excerpt":{"rendered":"<p>\u0130deolojiler bir anlay\u0131\u015fa g\u00f6re sosyalist rejimlerin \u00e7\u00f6k\u00fc\u015f\u00fcyle birlikte bitti. Bir anlay\u0131\u015fa g\u00f6re ise ideoloji hi\u00e7bir zaman hayat\u0131m\u0131zdan \u00e7\u0131kmayacak, bizimle birlikte hep var olmaya devam edecektir. Birinci<span class=\"excerpt-hellip\"> [\u2026]<\/span><\/p>\n","protected":false},"featured_media":0,"template":"","meta":{"_monsterinsights_skip_tracking":false,"_monsterinsights_sitenote_active":false,"_monsterinsights_sitenote_note":"","_monsterinsights_sitenote_category":0},"product_brand":[],"product_cat":[13059,12337],"product_tag":[],"class_list":{"0":"post-724972","1":"product","2":"type-product","3":"status-publish","5":"product_cat-diger-politika-siyaset","6":"product_cat-politika-siyaset","7":"pa_cilt-ciltsiz","8":"pa_tur-kitap","9":"pa_yayinevi-orion-kitabevi","10":"pa_yazar-omer-caha","12":"first","13":"instock","14":"sale","15":"shipping-taxable","16":"purchasable","17":"product-type-simple"},"_links":{"self":[{"href":"https:\/\/roveyayinevi.com.tr\/index.php\/wp-json\/wp\/v2\/product\/724972","targetHints":{"allow":["GET"]}}],"collection":[{"href":"https:\/\/roveyayinevi.com.tr\/index.php\/wp-json\/wp\/v2\/product"}],"about":[{"href":"https:\/\/roveyayinevi.com.tr\/index.php\/wp-json\/wp\/v2\/types\/product"}],"wp:attachment":[{"href":"https:\/\/roveyayinevi.com.tr\/index.php\/wp-json\/wp\/v2\/media?parent=724972"}],"wp:term":[{"taxonomy":"product_brand","embeddable":true,"href":"https:\/\/roveyayinevi.com.tr\/index.php\/wp-json\/wp\/v2\/product_brand?post=724972"},{"taxonomy":"product_cat","embeddable":true,"href":"https:\/\/roveyayinevi.com.tr\/index.php\/wp-json\/wp\/v2\/product_cat?post=724972"},{"taxonomy":"product_tag","embeddable":true,"href":"https:\/\/roveyayinevi.com.tr\/index.php\/wp-json\/wp\/v2\/product_tag?post=724972"}],"curies":[{"name":"wp","href":"https:\/\/api.w.org\/{rel}","templated":true}]}}