{"id":724971,"date":"2025-08-27T19:42:25","date_gmt":"2025-08-27T16:42:25","guid":{"rendered":"https:\/\/roveyayinevi.com.tr\/index.php\/urun\/sigarayi-su-anda-birakin\/"},"modified":"2026-04-16T02:32:48","modified_gmt":"2026-04-15T23:32:48","slug":"sigarayi-su-anda-birakin","status":"publish","type":"product","link":"https:\/\/roveyayinevi.com.tr\/index.php\/urun\/sigarayi-su-anda-birakin\/","title":{"rendered":"Sigaray\u0131 \u015eu Anda B\u0131rak\u0131n"},"content":{"rendered":"<p>Allen Carr&#8217;\u0131n Sigaray\u0131 B\u0131rakman\u0131n Kolay Yolu Y\u00f6ntemi, t\u00fcm zamanlar\u0131n en ba\u015far\u0131l\u0131 sigara b\u0131rakma y\u00f6ntemidir. T\u00fcm d\u00fcnyada milyonlarca sigara i\u00e7ene, sigaray\u0131 hemen, ac\u0131 \u00e7ekmeden ve s\u00fcrekli b\u0131rakmalar\u0131nda yard\u0131mc\u0131 olmu\u015ftur. S\u0130GARAYI \u015eU ANDA BIRAKIN, y\u00f6ntemin \u00e7arp\u0131c\u0131 ve yeni sunumudur. G\u00fcncellenmi\u015f ve a\u00e7\u0131k, anla\u015f\u0131l\u0131r, okumas\u0131 kolay bir formatta yeniden d\u00fczenlenmi\u015ftir, ekinde \u00fccretsiz bir hipnoterapi CD&#8217;si bulunur. Bu kitap sigaray\u0131 b\u0131rakmay\u0131 eskisine g\u00f6re daha da kolayla\u015ft\u0131r\u0131yor. Allen Carr&#8217;\u0131n y\u00f6nteminin irade g\u00fcc\u00fc kullanmakla ilgisi yoktur \u00e7\u00fcnk\u00fc sigara i\u00e7me arzunuzu yok eder. Sizi sigaraya ba\u011flayan korkular\u0131n\u0131z\u0131 ortadan kald\u0131r\u0131r ve sigara i\u00e7meyi \u00f6zlemezsiniz. Hem a\u011f\u0131r tiryakiler hem seyrek olarak sigara i\u00e7enler i\u00e7in tasarlanm\u0131\u015ft\u0131r ve ne kadar zamand\u0131r sigara i\u00e7tiginizin \u00f6nemi yoktur. Pazarlama hileleri, korkutucu taktikler i\u00e7ermez, kilo ald\u0131rmaz ve hatta kitab\u0131 okurken sigara i\u00e7meye devam edeceksiniz.Sigaray\u0131 \u015fu anda b\u0131rak\u0131n&#8217;\u0131 hemen okuyun ve ya\u015fam\u0131n\u0131z\u0131n geri kalan\u0131nda sigara i\u00e7meyen mutlu biri olun.&#8221;Allen Carr&#8221; denen bu adam\u0131n yazd\u0131g\u0131 kitab\u0131 okudum. En iyi taraf\u0131, kitab\u0131 okurken sigara i\u00e7meye devam etmeniz. Size ne zaman sigara yakacag\u0131n\u0131z\u0131 s\u00f6yl\u00fcyor. &#8220;Hadi bir tane yak\u0131n&#8221; diyor ve siz de &#8220;Tabii zevkle hemen!&#8221; diye yan\u0131t veriyorsunuz. Kitab\u0131 okurken sigara i\u00e7ebiliyorsunuz. Harika bir adam bu! Son sayfaya geldi\u011finizde, size &#8220;\u015fimdi son sigaran\u0131z\u0131 yak\u0131n!&#8221; diyor. Sonuncuyu bile isteyip istemedi\u011finizi bilmiyorsunuz. Ama sonra &#8220;Allen \u00f6yle istiyorsa yakay\u0131m,&#8221; diyorsunuz. Ve s\u00f6nd\u00fcrd\u00fc\u011f\u00fcn\u00fczde bu mesele bitmi\u015f oluyor. O zamandan beri sigara i\u00e7medim.&#8221;Ashton KutcherY\u00f6ntemi ger\u00e7ekten de \u00f6zg\u00fcn, sigara i\u00e7meye devam ederken sigaraya olan ba\u011f\u0131ml\u0131l\u0131\u011f\u0131n\u0131z\u0131 ortadan kald\u0131r\u0131yor. \u00c7al\u0131\u015fanlar\u0131m ve dostlar\u0131m\u0131n \u00e7o\u011funda i\u015fe yarad\u0131\u011f\u0131n\u0131 s\u00f6ylemekten memnuniyet duyuyorum.Richard Branson1000 kez b\u0131rakmay\u0131 denedim olmad\u0131, Allen Carr kitab\u0131 ve semineriyle kurtuldum.Ferzan \u00d6zpetekBa\u011f\u0131ml\u0131l\u0131\u011f\u0131mdan an\u0131nda kurtuldum. B\u0131rakmak hem kolayd\u0131 hem de inan\u0131lmayacak kadar zevkliydi.Anthony Hopkins<\/p>\n","protected":false},"excerpt":{"rendered":"<p>Allen Carr&#8217;\u0131n Sigaray\u0131 B\u0131rakman\u0131n Kolay Yolu Y\u00f6ntemi, t\u00fcm zamanlar\u0131n en ba\u015far\u0131l\u0131 sigara b\u0131rakma y\u00f6ntemidir. T\u00fcm d\u00fcnyada milyonlarca sigara i\u00e7ene, sigaray\u0131 hemen, ac\u0131 \u00e7ekmeden ve s\u00fcrekli b\u0131rakmalar\u0131nda<span class=\"excerpt-hellip\"> [\u2026]<\/span><\/p>\n","protected":false},"featured_media":0,"template":"","meta":{"_monsterinsights_skip_tracking":false,"_monsterinsights_sitenote_active":false,"_monsterinsights_sitenote_note":"","_monsterinsights_sitenote_category":0},"product_brand":[],"product_cat":[16965,13365],"product_tag":[],"class_list":{"0":"post-724971","1":"product","2":"type-product","3":"status-publish","5":"product_cat-genel-saglik-kitaplari","6":"product_cat-saglik","7":"pa_cilt-ciltsiz","8":"pa_tur-kitap","9":"pa_yayinevi-butik-yayinlari","10":"pa_yazar-allen-carr","12":"first","13":"instock","14":"sale","15":"shipping-taxable","16":"purchasable","17":"product-type-simple"},"_links":{"self":[{"href":"https:\/\/roveyayinevi.com.tr\/index.php\/wp-json\/wp\/v2\/product\/724971","targetHints":{"allow":["GET"]}}],"collection":[{"href":"https:\/\/roveyayinevi.com.tr\/index.php\/wp-json\/wp\/v2\/product"}],"about":[{"href":"https:\/\/roveyayinevi.com.tr\/index.php\/wp-json\/wp\/v2\/types\/product"}],"wp:attachment":[{"href":"https:\/\/roveyayinevi.com.tr\/index.php\/wp-json\/wp\/v2\/media?parent=724971"}],"wp:term":[{"taxonomy":"product_brand","embeddable":true,"href":"https:\/\/roveyayinevi.com.tr\/index.php\/wp-json\/wp\/v2\/product_brand?post=724971"},{"taxonomy":"product_cat","embeddable":true,"href":"https:\/\/roveyayinevi.com.tr\/index.php\/wp-json\/wp\/v2\/product_cat?post=724971"},{"taxonomy":"product_tag","embeddable":true,"href":"https:\/\/roveyayinevi.com.tr\/index.php\/wp-json\/wp\/v2\/product_tag?post=724971"}],"curies":[{"name":"wp","href":"https:\/\/api.w.org\/{rel}","templated":true}]}}