{"id":724969,"date":"2025-08-27T19:42:23","date_gmt":"2025-08-27T16:42:23","guid":{"rendered":"https:\/\/roveyayinevi.com.tr\/index.php\/urun\/kendi-kendine-psikanaliz\/"},"modified":"2026-04-16T02:32:48","modified_gmt":"2026-04-15T23:32:48","slug":"kendi-kendine-psikanaliz","status":"publish","type":"product","link":"https:\/\/roveyayinevi.com.tr\/index.php\/urun\/kendi-kendine-psikanaliz\/","title":{"rendered":"Kendi Kendine Psikanaliz"},"content":{"rendered":"<p>\u0130nsan kendini tan\u0131yabilir mi? Ya da ba\u015fkalar\u0131n\u0131? Ya da tan\u0131mal\u0131 m\u0131? Peki kendini tan\u0131mak nedir? Tan\u0131nacak olan \u201cKendi\u201d nedir?\u0130nsan\u0131n bir birey olarak ortaya \u00e7\u0131kmas\u0131yla, yani \u201ckendini\u201d do\u011fadan ve ba\u015fka her \u015feyden, herkesten ayr\u0131 bir b\u00fct\u00fcnl\u00fck olarak alg\u0131lamaya ba\u015flamas\u0131yla birlikte zihinleri kurcalamaya ba\u015flayan bu t\u00fcrden sorular, \u015fimdi bile gizemini, heyecan verici s\u00fcr\u00fckleyicili\u011fini koruyor.Bu ilgin\u00e7 \u00e7al\u0131\u015fmas\u0131nda Karen Horney sorunun felsefi yan\u0131na ek olarak teknik yan\u0131n\u0131 da ele alm\u0131\u015f, \u00e7a\u011fda\u015f psikanalitik y\u00f6ntemlerin yard\u0131m\u0131yla ki\u015finin kendini tan\u0131mas\u0131n\u0131n m\u00fcmk\u00fcn ve arzu edilir oldu\u011funu \u00f6rnekleriyle g\u00f6stermeye \u00e7al\u0131\u015fm\u0131\u015ft\u0131r. Bu kitab\u0131n, kendi ki\u015fisel geli\u015fimi do\u011frultusunda \u00e7aba harcayan herkes i\u00e7in, \u00f6ng\u00f6rd\u00fc\u011f\u00fc al\u00e7akg\u00f6n\u00fcll\u00fc, ama bir o kadar da etkili teknikle yararl\u0131 bir k\u0131lavuz ve ba\u015fvuru kayna\u011f\u0131 olaca\u011f\u0131 muhakkak.<\/p>\n","protected":false},"excerpt":{"rendered":"<p>\u0130nsan kendini tan\u0131yabilir mi? Ya da ba\u015fkalar\u0131n\u0131? Ya da tan\u0131mal\u0131 m\u0131? Peki kendini tan\u0131mak nedir? Tan\u0131nacak olan \u201cKendi\u201d nedir?\u0130nsan\u0131n bir birey olarak ortaya \u00e7\u0131kmas\u0131yla, yani \u201ckendini\u201d<span class=\"excerpt-hellip\"> [\u2026]<\/span><\/p>\n","protected":false},"featured_media":0,"template":"","meta":{"_monsterinsights_skip_tracking":false,"_monsterinsights_sitenote_active":false,"_monsterinsights_sitenote_note":"","_monsterinsights_sitenote_category":0},"product_brand":[],"product_cat":[20502,12357],"product_tag":[],"class_list":{"0":"post-724969","1":"product","2":"type-product","3":"status-publish","5":"product_cat-basvuru-kitaplari-psikoloji","6":"product_cat-psikoloji","7":"pa_cilt-ciltsiz","8":"pa_tur-kitap","9":"pa_yayinevi-totem-yayinlari","10":"pa_yazar-karen-horney","12":"first","13":"instock","14":"sale","15":"shipping-taxable","16":"purchasable","17":"product-type-simple"},"_links":{"self":[{"href":"https:\/\/roveyayinevi.com.tr\/index.php\/wp-json\/wp\/v2\/product\/724969","targetHints":{"allow":["GET"]}}],"collection":[{"href":"https:\/\/roveyayinevi.com.tr\/index.php\/wp-json\/wp\/v2\/product"}],"about":[{"href":"https:\/\/roveyayinevi.com.tr\/index.php\/wp-json\/wp\/v2\/types\/product"}],"wp:attachment":[{"href":"https:\/\/roveyayinevi.com.tr\/index.php\/wp-json\/wp\/v2\/media?parent=724969"}],"wp:term":[{"taxonomy":"product_brand","embeddable":true,"href":"https:\/\/roveyayinevi.com.tr\/index.php\/wp-json\/wp\/v2\/product_brand?post=724969"},{"taxonomy":"product_cat","embeddable":true,"href":"https:\/\/roveyayinevi.com.tr\/index.php\/wp-json\/wp\/v2\/product_cat?post=724969"},{"taxonomy":"product_tag","embeddable":true,"href":"https:\/\/roveyayinevi.com.tr\/index.php\/wp-json\/wp\/v2\/product_tag?post=724969"}],"curies":[{"name":"wp","href":"https:\/\/api.w.org\/{rel}","templated":true}]}}