{"id":724967,"date":"2025-08-27T19:42:22","date_gmt":"2025-08-27T16:42:22","guid":{"rendered":"https:\/\/roveyayinevi.com.tr\/index.php\/urun\/kuduslu-omer\/"},"modified":"2026-04-16T02:32:48","modified_gmt":"2026-04-15T23:32:48","slug":"kuduslu-omer","status":"publish","type":"product","link":"https:\/\/roveyayinevi.com.tr\/index.php\/urun\/kuduslu-omer\/","title":{"rendered":"Kud\u00fcsl\u00fc \u00d6mer"},"content":{"rendered":"<p>Y\u00fcce bir davan\u0131n, Kutsal bir m\u00fccadelenin ve insanl\u0131k tarihi kadar eski bir \u015fehrin hikayesi&#8230;Buralar, Hz. \u00c2dem ve \u00e7ocuklar\u0131n\u0131n yurt edindi\u011fi, Hz. \u0130sa\u2019n\u0131n d\u00fcnyaya geldi\u011fi, Hz. \u0130brahim\u2019in y\u0131llar\u0131n\u0131 ge\u00e7irip ruhunu teslim etti\u011fi; Hz. Yakup\u2019tan Hz. Yusuf\u2019a, Hz. Musa\u2019dan Hz. S\u00fcleyman\u2019a y\u00fczlerce peygamberin do\u011fdu\u011fu, ya\u015fad\u0131\u011f\u0131, vefat etti\u011fi topraklar&#8230;K\u00e2be\u2019den \u00f6nceki ilk k\u0131blemiz, Peygamber Efendimizin (a.s.m.) Mira\u00e7\u2019a y\u00fckseldi\u011fi yer&#8230;\u00d6nce Hz. \u00d6mer, sonra Selahaddin-i Eyy\u00fcbi ve en son Yavuz Sultan Selim taraf\u0131ndan fethedilen ve 400 y\u0131l Osmanl\u0131 h\u00e2kimiyetinde huzur bulan \u015fehir&#8230;Bug\u00fcn ise, Yahudi i\u015fgaline direnen, bir insan\u0131n evden \u00e7\u0131kt\u0131\u011f\u0131nda geri d\u00f6n\u00fcp d\u00f6nemeyece\u011fini bilemedi\u011fi topraklar&#8230;Evet evet, Kud\u00fcs\u2019ten bahsediyorum.Kud\u00fcs, biz M\u00fcsl\u00fcmanlar i\u00e7in neden \u00f6nemli? Tarihinde neler ya\u015fanm\u0131\u015f? Bug\u00fcn neden i\u015fgal alt\u0131nda? Yahudiler neden zulmediyor, bizi neden \u00f6ld\u00fcr\u00fcyor, evlerimizi neden elimizden al\u0131yor, etraf\u0131m\u0131za neden duvarlar \u00f6r\u00fcyorlar?Var m\u0131s\u0131n\u0131z yol arkada\u015fl\u0131\u011f\u0131na? Hadi o zaman kemerlerinizi ba\u011flay\u0131n ve s\u0131k\u0131 tutunun. Ya da en iyisi abdest al\u0131n. \u00c7\u00fcnk\u00fc gezimiz camiler, t\u00fcrbeler, muhte\u015fem tarih\u00ee eserlerle dolu&#8230;<\/p>\n","protected":false},"excerpt":{"rendered":"<p>Y\u00fcce bir davan\u0131n, Kutsal bir m\u00fccadelenin ve insanl\u0131k tarihi kadar eski bir \u015fehrin hikayesi&#8230;Buralar, Hz. \u00c2dem ve \u00e7ocuklar\u0131n\u0131n yurt edindi\u011fi, Hz. \u0130sa\u2019n\u0131n d\u00fcnyaya geldi\u011fi, Hz. \u0130brahim\u2019in<span class=\"excerpt-hellip\"> [\u2026]<\/span><\/p>\n","protected":false},"featured_media":0,"template":"","meta":{"_monsterinsights_skip_tracking":false,"_monsterinsights_sitenote_active":false,"_monsterinsights_sitenote_note":"","_monsterinsights_sitenote_category":0},"product_brand":[],"product_cat":[12274,18802],"product_tag":[],"class_list":{"0":"post-724967","1":"product","2":"type-product","3":"status-publish","5":"product_cat-cocuk-ve-genclik-kitaplari","6":"product_cat-din-egitimi","7":"pa_cilt-ciltsiz","8":"pa_tur-kitap","9":"pa_yayinevi-ugurbocegi-yayinlari","10":"pa_yazar-ilknur-koc-aytac","12":"first","13":"instock","14":"sale","15":"shipping-taxable","16":"purchasable","17":"product-type-simple"},"_links":{"self":[{"href":"https:\/\/roveyayinevi.com.tr\/index.php\/wp-json\/wp\/v2\/product\/724967","targetHints":{"allow":["GET"]}}],"collection":[{"href":"https:\/\/roveyayinevi.com.tr\/index.php\/wp-json\/wp\/v2\/product"}],"about":[{"href":"https:\/\/roveyayinevi.com.tr\/index.php\/wp-json\/wp\/v2\/types\/product"}],"wp:attachment":[{"href":"https:\/\/roveyayinevi.com.tr\/index.php\/wp-json\/wp\/v2\/media?parent=724967"}],"wp:term":[{"taxonomy":"product_brand","embeddable":true,"href":"https:\/\/roveyayinevi.com.tr\/index.php\/wp-json\/wp\/v2\/product_brand?post=724967"},{"taxonomy":"product_cat","embeddable":true,"href":"https:\/\/roveyayinevi.com.tr\/index.php\/wp-json\/wp\/v2\/product_cat?post=724967"},{"taxonomy":"product_tag","embeddable":true,"href":"https:\/\/roveyayinevi.com.tr\/index.php\/wp-json\/wp\/v2\/product_tag?post=724967"}],"curies":[{"name":"wp","href":"https:\/\/api.w.org\/{rel}","templated":true}]}}