{"id":724964,"date":"2025-08-27T19:42:19","date_gmt":"2025-08-27T16:42:19","guid":{"rendered":"https:\/\/roveyayinevi.com.tr\/index.php\/urun\/doludizgin-gunler-turk-islam-tarihi-4\/"},"modified":"2026-04-16T02:32:48","modified_gmt":"2026-04-15T23:32:48","slug":"doludizgin-gunler-turk-islam-tarihi-4","status":"publish","type":"product","link":"https:\/\/roveyayinevi.com.tr\/index.php\/urun\/doludizgin-gunler-turk-islam-tarihi-4\/","title":{"rendered":"Doludizgin G\u00fcnler \/ T\u00fcrk &#8211; \u0130slam Tarihi 4"},"content":{"rendered":"<p>Doludizgin G\u00fcnler &#8211; \u0130lk \u0130slam Devletleri\/632-1492, \u0130slamiyet&#8217;le birlikte de\u011fi\u015fen tarihi s\u00fcrecin ilk zamanlar\u0131n\u0131 anlatan \u00c7\u00f6lden Y\u00fckselen I\u015f\u0131k kitab\u0131n\u0131n devam\u0131 niteli\u011findedir. Peygamber Efendimiz&#8217;in vefat\u0131yla ba\u015flay\u0131p, D\u00f6rt Halife D\u00f6nemi&#8217;ni, Emevi ve Abbasi Devletleri&#8217;nin de i\u015flendi\u011fi Doludizgin Y\u0131llar&#8217;da farkl\u0131 co\u011frafyalarda \u0130slam&#8217;\u0131n yay\u0131lmas\u0131yla kurulan irili ufakl\u0131 b\u00fct\u00fcn M\u00fcsl\u00fcman devletler ele al\u0131n\u0131yor.Y\u00f6netimdeki farkl\u0131l\u0131klar\u0131n tablolarla izah edildi\u011fi Doludizgin G\u00fcnler&#8217;de 15. y\u00fczy\u0131la kadar uzanan halifelik kurumunun da izleri s\u00fcr\u00fcl\u00fcyor. MEB m\u00fcfredat\u0131na uygun ve kolay okunabilen Doludizgin G\u00fcnler &#8211; \u0130lk \u0130slam Devletleri\/632-1492 ile tarihte bir yolculu\u011fa \u00e7\u0131kmaya haz\u0131r m\u0131s\u0131n\u0131z?<\/p>\n","protected":false},"excerpt":{"rendered":"<p>Doludizgin G\u00fcnler &#8211; \u0130lk \u0130slam Devletleri\/632-1492, \u0130slamiyet&#8217;le birlikte de\u011fi\u015fen tarihi s\u00fcrecin ilk zamanlar\u0131n\u0131 anlatan \u00c7\u00f6lden Y\u00fckselen I\u015f\u0131k kitab\u0131n\u0131n devam\u0131 niteli\u011findedir. Peygamber Efendimiz&#8217;in vefat\u0131yla ba\u015flay\u0131p, D\u00f6rt Halife<span class=\"excerpt-hellip\"> [\u2026]<\/span><\/p>\n","protected":false},"featured_media":0,"template":"","meta":{"_monsterinsights_skip_tracking":false,"_monsterinsights_sitenote_active":false,"_monsterinsights_sitenote_note":"","_monsterinsights_sitenote_category":0},"product_brand":[],"product_cat":[12274,12631],"product_tag":[],"class_list":{"0":"post-724964","1":"product","2":"type-product","3":"status-publish","5":"product_cat-cocuk-ve-genclik-kitaplari","6":"product_cat-diger-cocuk-ve-genclik-kitaplari","7":"pa_cilt-ciltsiz","8":"pa_tur-kitap","9":"pa_yayinevi-genc-timas","10":"pa_yazar-metin-ozdamarlar","12":"first","13":"instock","14":"sale","15":"shipping-taxable","16":"purchasable","17":"product-type-simple"},"_links":{"self":[{"href":"https:\/\/roveyayinevi.com.tr\/index.php\/wp-json\/wp\/v2\/product\/724964","targetHints":{"allow":["GET"]}}],"collection":[{"href":"https:\/\/roveyayinevi.com.tr\/index.php\/wp-json\/wp\/v2\/product"}],"about":[{"href":"https:\/\/roveyayinevi.com.tr\/index.php\/wp-json\/wp\/v2\/types\/product"}],"wp:attachment":[{"href":"https:\/\/roveyayinevi.com.tr\/index.php\/wp-json\/wp\/v2\/media?parent=724964"}],"wp:term":[{"taxonomy":"product_brand","embeddable":true,"href":"https:\/\/roveyayinevi.com.tr\/index.php\/wp-json\/wp\/v2\/product_brand?post=724964"},{"taxonomy":"product_cat","embeddable":true,"href":"https:\/\/roveyayinevi.com.tr\/index.php\/wp-json\/wp\/v2\/product_cat?post=724964"},{"taxonomy":"product_tag","embeddable":true,"href":"https:\/\/roveyayinevi.com.tr\/index.php\/wp-json\/wp\/v2\/product_tag?post=724964"}],"curies":[{"name":"wp","href":"https:\/\/api.w.org\/{rel}","templated":true}]}}