{"id":724962,"date":"2025-08-27T19:42:17","date_gmt":"2025-08-27T16:42:17","guid":{"rendered":"https:\/\/roveyayinevi.com.tr\/index.php\/urun\/issizligin-otesi\/"},"modified":"2026-04-16T02:32:48","modified_gmt":"2026-04-15T23:32:48","slug":"issizligin-otesi","status":"publish","type":"product","link":"https:\/\/roveyayinevi.com.tr\/index.php\/urun\/issizligin-otesi\/","title":{"rendered":"Iss\u0131zl\u0131\u011f\u0131n \u00d6tesi"},"content":{"rendered":"<p>\u201cRoman sanat\u0131nda, zaman ve mek\u00e2n\u0131 ilgin\u00e7 bi\u00e7imde kullanmak ve karakterleri bu boyut i\u00e7inde tan\u0131mak ho\u015f ve i\u00e7e i\u015fleyen bir anlat\u0131ya imk\u00e2n verir. Elif Akpolat ustal\u0131kla yaz\u0131lm\u0131\u015f roman\u0131nda bu tekni\u011fi kullanarak karakterleri derinle\u015ftiriyor ve bizlere zevkli bir okuma sunuyor. \u0130lgi \u00e7eken hik\u00e2yesi ve \u00f6zenli diliyle kitab\u0131 elinizden b\u0131rakamadan okuyacaks\u0131n\u0131z.\u201d- Z\u00fclf\u00fc Livaneli\u201cO\u011fluyla yan yana durdu\u011fu bir foto\u011fraf\u0131 yan\u0131na alarak yola koyulan bir annenin ya\u015fad\u0131\u011f\u0131 duygu f\u0131rt\u0131nas\u0131n\u0131n dalgalar\u0131 gibi birbiri ard\u0131na devriliyor, Iss\u0131zl\u0131\u011f\u0131n \u00d6tesi\u2019nin sayfalar\u0131; o denli ak\u0131c\u0131 ve o denli s\u00fcr\u00fckleyici\u2026Roman\u0131n kahraman\u0131 olan emekli \u00f6\u011fretmenin o\u011fluyla \u00e7ekilmi\u015f bir foto\u011fraf\u0131 yoktur asl\u0131nda! Bir foto\u011fraftan kesti\u011fi ba\u015f\u0131n\u0131, yine bir ba\u015fka foto\u011frafta o\u011flunun yan\u0131nda duran bir ba\u015fka kad\u0131n\u0131n omuzlar\u0131 \u00fcst\u00fcne yap\u0131\u015ft\u0131rm\u0131\u015ft\u0131r. Ada vapurunda s\u00f6ylenen bir \u015fark\u0131n\u0131n Zap Suyu\u2019nun sesine, \u00e7i\u00e7ek kokular\u0131n\u0131n yak\u0131lan kitaplar\u0131n insan genzini yakan ac\u0131s\u0131na kar\u0131\u015ft\u0131\u011f\u0131 g\u00fc\u00e7l\u00fc bir ayr\u0131nt\u0131 \u00f6rg\u00fcs\u00fc, Elif Akpolat\u2019\u0131n ilk roman\u0131.H\u00fcrriyet \u00f6\u011fretmenin bindi\u011fi otob\u00fcs hareket etmek \u00fczere, muavin sizi \u00e7a\u011f\u0131r\u0131yor, ge\u00e7 kalmay\u0131n\u2026\u201d- Sunay Ak\u0131n<\/p>\n","protected":false},"excerpt":{"rendered":"<p>\u201cRoman sanat\u0131nda, zaman ve mek\u00e2n\u0131 ilgin\u00e7 bi\u00e7imde kullanmak ve karakterleri bu boyut i\u00e7inde tan\u0131mak ho\u015f ve i\u00e7e i\u015fleyen bir anlat\u0131ya imk\u00e2n verir. Elif Akpolat ustal\u0131kla yaz\u0131lm\u0131\u015f<span class=\"excerpt-hellip\"> [\u2026]<\/span><\/p>\n","protected":false},"featured_media":0,"template":"","meta":{"_monsterinsights_skip_tracking":false,"_monsterinsights_sitenote_active":false,"_monsterinsights_sitenote_note":"","_monsterinsights_sitenote_category":0},"product_brand":[],"product_cat":[12291,12711],"product_tag":[],"class_list":{"0":"post-724962","1":"product","2":"type-product","3":"status-publish","5":"product_cat-edebiyat","6":"product_cat-roman-oyku","7":"pa_cilt-ciltsiz","8":"pa_tur-kitap","9":"pa_yayinevi-kirmizi-kedi-yayinevi","10":"pa_yazar-elif-akpolat","12":"first","13":"instock","14":"sale","15":"shipping-taxable","16":"purchasable","17":"product-type-simple"},"_links":{"self":[{"href":"https:\/\/roveyayinevi.com.tr\/index.php\/wp-json\/wp\/v2\/product\/724962","targetHints":{"allow":["GET"]}}],"collection":[{"href":"https:\/\/roveyayinevi.com.tr\/index.php\/wp-json\/wp\/v2\/product"}],"about":[{"href":"https:\/\/roveyayinevi.com.tr\/index.php\/wp-json\/wp\/v2\/types\/product"}],"wp:attachment":[{"href":"https:\/\/roveyayinevi.com.tr\/index.php\/wp-json\/wp\/v2\/media?parent=724962"}],"wp:term":[{"taxonomy":"product_brand","embeddable":true,"href":"https:\/\/roveyayinevi.com.tr\/index.php\/wp-json\/wp\/v2\/product_brand?post=724962"},{"taxonomy":"product_cat","embeddable":true,"href":"https:\/\/roveyayinevi.com.tr\/index.php\/wp-json\/wp\/v2\/product_cat?post=724962"},{"taxonomy":"product_tag","embeddable":true,"href":"https:\/\/roveyayinevi.com.tr\/index.php\/wp-json\/wp\/v2\/product_tag?post=724962"}],"curies":[{"name":"wp","href":"https:\/\/api.w.org\/{rel}","templated":true}]}}