{"id":724961,"date":"2025-08-27T19:42:16","date_gmt":"2025-08-27T16:42:16","guid":{"rendered":"https:\/\/roveyayinevi.com.tr\/index.php\/urun\/don-kisot-10\/"},"modified":"2026-04-16T02:32:48","modified_gmt":"2026-04-15T23:32:48","slug":"don-kisot-10","status":"publish","type":"product","link":"https:\/\/roveyayinevi.com.tr\/index.php\/urun\/don-kisot-10\/","title":{"rendered":"Don Ki\u015fot"},"content":{"rendered":"<p>Miguel de Cervantes\u2019in, roman\u0131n milad\u0131 olan Don Ki\u015fot\u2019u 1605 y\u0131l\u0131ndan beri okunuyor.Don Ki\u015fot\u2019un yelde\u011firmenlerine kar\u015f\u0131 me\u015fhur mu\u0308cadelesi, soylu at\u0131 Rosinante, silahtar\u0131 San\u00e7o Panza hangi biri unutulabilir ki!Don Ki\u015fot, klasikle\u015fmi\u015f bir roman karakteri olman\u0131n \u00f6tesinde d\u00f6rt yu\u0308zy\u0131ld\u0131r insanl\u0131\u011f\u0131n de\u011ferlerini, trajedisini, hayal k\u0131r\u0131kl\u0131klar\u0131n\u0131 temsil eden bir simge adeta.La Mancha\u2019n\u0131n bir k\u00f6yu\u0308nde ya\u015fayan bir asilzade kendini \u015f\u00f6valye romanlar\u0131 okumaya \u00f6yle vermi\u015fti ki \u00e7iftli\u011finin idaresini bile neredeyse unutmu\u015ftu. Bu merak \u00f6yle bir noktaya vard\u0131 ki, \u015f\u00f6valye romanlar\u0131 alabilmek i\u00e7in arazilerinin bu\u0308yu\u0308k bir b\u00f6lu\u0308mu\u0308nu\u0308 satt\u0131. Ve sonunda akl\u0131na \u00e7\u0131lg\u0131nca bir fikir geldi: Kendisi de bir \u015f\u00f6valye olacakt\u0131.La Mancha\u2019l\u0131 Don Ki\u015fot, niyetinden kimseye bahsetmedi. K\u00f6yu\u0308nden bir an \u00f6nce ayr\u0131lmas\u0131 gerekti\u011fine karar verdi, \u00e7u\u0308nku\u0308 haks\u0131zl\u0131klarla mu\u0308cadele etmek i\u00e7in d\u00fcnyan\u0131n ona ihtiyac\u0131 vard\u0131.<\/p>\n","protected":false},"excerpt":{"rendered":"<p>Miguel de Cervantes\u2019in, roman\u0131n milad\u0131 olan Don Ki\u015fot\u2019u 1605 y\u0131l\u0131ndan beri okunuyor.Don Ki\u015fot\u2019un yelde\u011firmenlerine kar\u015f\u0131 me\u015fhur mu\u0308cadelesi, soylu at\u0131 Rosinante, silahtar\u0131 San\u00e7o Panza hangi biri unutulabilir<span class=\"excerpt-hellip\"> [\u2026]<\/span><\/p>\n","protected":false},"featured_media":0,"template":"","meta":{"_monsterinsights_skip_tracking":false,"_monsterinsights_sitenote_active":false,"_monsterinsights_sitenote_note":"","_monsterinsights_sitenote_category":0},"product_brand":[],"product_cat":[12291,13872],"product_tag":[],"class_list":{"0":"post-724961","1":"product","2":"type-product","3":"status-publish","5":"product_cat-edebiyat","6":"product_cat-klasikler","7":"pa_cilt-ciltsiz","8":"pa_tur-kitap","9":"pa_yayinevi-cinar-yayinlari","10":"pa_yazar-miguel-de-cervantes-saavedra","12":"first","13":"instock","14":"sale","15":"shipping-taxable","16":"purchasable","17":"product-type-simple"},"_links":{"self":[{"href":"https:\/\/roveyayinevi.com.tr\/index.php\/wp-json\/wp\/v2\/product\/724961","targetHints":{"allow":["GET"]}}],"collection":[{"href":"https:\/\/roveyayinevi.com.tr\/index.php\/wp-json\/wp\/v2\/product"}],"about":[{"href":"https:\/\/roveyayinevi.com.tr\/index.php\/wp-json\/wp\/v2\/types\/product"}],"wp:attachment":[{"href":"https:\/\/roveyayinevi.com.tr\/index.php\/wp-json\/wp\/v2\/media?parent=724961"}],"wp:term":[{"taxonomy":"product_brand","embeddable":true,"href":"https:\/\/roveyayinevi.com.tr\/index.php\/wp-json\/wp\/v2\/product_brand?post=724961"},{"taxonomy":"product_cat","embeddable":true,"href":"https:\/\/roveyayinevi.com.tr\/index.php\/wp-json\/wp\/v2\/product_cat?post=724961"},{"taxonomy":"product_tag","embeddable":true,"href":"https:\/\/roveyayinevi.com.tr\/index.php\/wp-json\/wp\/v2\/product_tag?post=724961"}],"curies":[{"name":"wp","href":"https:\/\/api.w.org\/{rel}","templated":true}]}}