{"id":724958,"date":"2025-08-27T19:42:13","date_gmt":"2025-08-27T16:42:13","guid":{"rendered":"https:\/\/roveyayinevi.com.tr\/index.php\/urun\/babalar-da-aglar-2\/"},"modified":"2026-04-16T02:32:48","modified_gmt":"2026-04-15T23:32:48","slug":"babalar-da-aglar-2","status":"publish","type":"product","link":"https:\/\/roveyayinevi.com.tr\/index.php\/urun\/babalar-da-aglar-2\/","title":{"rendered":"Babalar Da A\u011flar"},"content":{"rendered":"<p>Ya\u015fad\u0131klar\u0131na ba\u015ftan sona tan\u0131kl\u0131k eden babas\u0131n\u0131n diliyle g\u00f6r\u00fcn\u00fc\u015fte l\u00f6semiden vefat eden bir gencin hayat hikayesi bu\u2026 Bu hik\u00e2yenin sonu iyi bitiyor. T\u0131pk\u0131 ba\u015f\u0131 ve devam\u0131 iyi oldu\u011fu gibi. Ama asl\u0131nda g\u00f6nl\u00fcn\u00fcn g\u00fczelli\u011fi y\u00fcz\u00fcne, iman\u0131n\u0131n nuru g\u00f6zlerine vurmu\u015f bir gencin \u00f6rnek\/rol model, eskilerin deyimiyle numune-i imtisal hikayesi bu. B\u00fct\u00fcn hayat\u0131 etraf\u0131ndakileri d\u00fc\u015f\u00fcnerek, onlara iyilikler yaparak ge\u00e7mi\u015f, \u00f6lmeden \u00f6nceki son s\u00f6z\u00fc \u201cBen iyiyim\u201d olmu\u015f bir gencin iyiliklerinin puslu hat\u0131ralar aras\u0131nda kaybolup gitmesine g\u00f6nl\u00fc raz\u0131 olmayan bir baban\u0131n i\u00e7ini d\u00f6k\u00fc\u015f\u00fc bu&#8230; Bu hik\u00e2yenin sonu d\u00fcnya hayat\u0131 \u00f6l\u00e7\u00fclerine g\u00f6re iyi bitmiyor. Bu hik\u00e2yede mutlu son yok. Evlad\u0131 gen\u00e7 ya\u015fta vefat etmi\u015f bir baban\u0131n g\u00f6zya\u015flar\u0131 var. Yavrusuna duydu\u011fu \u00f6zlem var. Hayat\u0131n \u00f6l\u00fcmle sona erece\u011fine ve \u00f6l\u00fcm\u00fcn bir yok olu\u015f oldu\u011funa inananlar i\u00e7in bu hik\u00e2yede k\u00f6t\u00fc bir son var. Ama hayat\u0131, d\u00fcnya-ahiret b\u00fct\u00fcnl\u00fc\u011f\u00fc i\u00e7inde de\u011ferlendiren ve \u00f6l\u00fcm\u00fc ba\u015fka bir hayat\u0131n ba\u015flang\u0131c\u0131 olarak g\u00f6renler i\u00e7in bu hik\u00e2ye mutlu bir sonsuzluk bar\u0131nd\u0131r\u0131yor. Sonsuz mutlulu\u011fa a\u00e7\u0131lan kap\u0131ya nas\u0131l haz\u0131rlanmam\u0131z gerekti\u011finin \u00e7arp\u0131c\u0131 ve ya\u015fanm\u0131\u015f \u00f6rnekleri var.<\/p>\n","protected":false},"excerpt":{"rendered":"<p>Ya\u015fad\u0131klar\u0131na ba\u015ftan sona tan\u0131kl\u0131k eden babas\u0131n\u0131n diliyle g\u00f6r\u00fcn\u00fc\u015fte l\u00f6semiden vefat eden bir gencin hayat hikayesi bu\u2026 Bu hik\u00e2yenin sonu iyi bitiyor. T\u0131pk\u0131 ba\u015f\u0131 ve devam\u0131 iyi<span class=\"excerpt-hellip\"> [\u2026]<\/span><\/p>\n","protected":false},"featured_media":0,"template":"","meta":{"_monsterinsights_skip_tracking":false,"_monsterinsights_sitenote_active":false,"_monsterinsights_sitenote_note":"","_monsterinsights_sitenote_category":0},"product_brand":[],"product_cat":[13701,12291],"product_tag":[],"class_list":{"0":"post-724958","1":"product","2":"type-product","3":"status-publish","5":"product_cat-ani-mektup-gunluk","6":"product_cat-edebiyat","7":"pa_cilt-ciltsiz","8":"pa_tur-kitap","9":"pa_yayinevi-altinordu-yayinlari","10":"pa_yazar-nail-karagoz","12":"first","13":"instock","14":"sale","15":"shipping-taxable","16":"purchasable","17":"product-type-simple"},"_links":{"self":[{"href":"https:\/\/roveyayinevi.com.tr\/index.php\/wp-json\/wp\/v2\/product\/724958","targetHints":{"allow":["GET"]}}],"collection":[{"href":"https:\/\/roveyayinevi.com.tr\/index.php\/wp-json\/wp\/v2\/product"}],"about":[{"href":"https:\/\/roveyayinevi.com.tr\/index.php\/wp-json\/wp\/v2\/types\/product"}],"wp:attachment":[{"href":"https:\/\/roveyayinevi.com.tr\/index.php\/wp-json\/wp\/v2\/media?parent=724958"}],"wp:term":[{"taxonomy":"product_brand","embeddable":true,"href":"https:\/\/roveyayinevi.com.tr\/index.php\/wp-json\/wp\/v2\/product_brand?post=724958"},{"taxonomy":"product_cat","embeddable":true,"href":"https:\/\/roveyayinevi.com.tr\/index.php\/wp-json\/wp\/v2\/product_cat?post=724958"},{"taxonomy":"product_tag","embeddable":true,"href":"https:\/\/roveyayinevi.com.tr\/index.php\/wp-json\/wp\/v2\/product_tag?post=724958"}],"curies":[{"name":"wp","href":"https:\/\/api.w.org\/{rel}","templated":true}]}}