{"id":724953,"date":"2025-08-27T19:42:08","date_gmt":"2025-08-27T16:42:08","guid":{"rendered":"https:\/\/roveyayinevi.com.tr\/index.php\/urun\/portre-cizimi-cizim-sanati-1\/"},"modified":"2026-04-16T02:32:48","modified_gmt":"2026-04-15T23:32:48","slug":"portre-cizimi-cizim-sanati-1","status":"publish","type":"product","link":"https:\/\/roveyayinevi.com.tr\/index.php\/urun\/portre-cizimi-cizim-sanati-1\/","title":{"rendered":"Portre \u00c7izimi &#8211; \u00c7izim Sanat\u0131 1"},"content":{"rendered":"<p>D\u00fcnyaca \u00fcnl\u00fc ressam Giovanni Civardi\u2019nin \u00e7ok satan \u00e7izim kitaplar\u0131 \u015fimdi T\u00fcrkiye\u2019de. Y\u00fcz ve fig\u00fcr \u00e7izim metodlar\u0131n\u0131 anlatan kitap, anatomi, portre yap\u0131m\u0131 ve \u0131\u015f\u0131k konular\u0131n\u0131n yan\u0131 s\u0131ra g\u00f6z, kulak, burun ve dudak gibi y\u00fcz \u00f6\u011felerinin \u00e7izimini detayl\u0131 olarak anlatmaktad\u0131r.<\/p>\n","protected":false},"excerpt":{"rendered":"<p>D\u00fcnyaca \u00fcnl\u00fc ressam Giovanni Civardi\u2019nin \u00e7ok satan \u00e7izim kitaplar\u0131 \u015fimdi T\u00fcrkiye\u2019de. Y\u00fcz ve fig\u00fcr \u00e7izim metodlar\u0131n\u0131 anlatan kitap, anatomi, portre yap\u0131m\u0131 ve \u0131\u015f\u0131k konular\u0131n\u0131n yan\u0131 s\u0131ra<span class=\"excerpt-hellip\"> [\u2026]<\/span><\/p>\n","protected":false},"featured_media":0,"template":"","meta":{"_monsterinsights_skip_tracking":false,"_monsterinsights_sitenote_active":false,"_monsterinsights_sitenote_note":"","_monsterinsights_sitenote_category":0},"product_brand":[],"product_cat":[15733,12408],"product_tag":[],"class_list":{"0":"post-724953","1":"product","2":"type-product","3":"status-publish","5":"product_cat-resim","6":"product_cat-sanat","7":"pa_cilt-ciltsiz","8":"pa_tur-kitap","9":"pa_yayinevi-beta-kitap","10":"pa_yazar-giovanni-civardi","12":"first","13":"instock","14":"sale","15":"shipping-taxable","16":"purchasable","17":"product-type-simple"},"_links":{"self":[{"href":"https:\/\/roveyayinevi.com.tr\/index.php\/wp-json\/wp\/v2\/product\/724953","targetHints":{"allow":["GET"]}}],"collection":[{"href":"https:\/\/roveyayinevi.com.tr\/index.php\/wp-json\/wp\/v2\/product"}],"about":[{"href":"https:\/\/roveyayinevi.com.tr\/index.php\/wp-json\/wp\/v2\/types\/product"}],"wp:attachment":[{"href":"https:\/\/roveyayinevi.com.tr\/index.php\/wp-json\/wp\/v2\/media?parent=724953"}],"wp:term":[{"taxonomy":"product_brand","embeddable":true,"href":"https:\/\/roveyayinevi.com.tr\/index.php\/wp-json\/wp\/v2\/product_brand?post=724953"},{"taxonomy":"product_cat","embeddable":true,"href":"https:\/\/roveyayinevi.com.tr\/index.php\/wp-json\/wp\/v2\/product_cat?post=724953"},{"taxonomy":"product_tag","embeddable":true,"href":"https:\/\/roveyayinevi.com.tr\/index.php\/wp-json\/wp\/v2\/product_tag?post=724953"}],"curies":[{"name":"wp","href":"https:\/\/api.w.org\/{rel}","templated":true}]}}