{"id":724952,"date":"2025-08-27T19:42:08","date_gmt":"2025-08-27T16:42:08","guid":{"rendered":"https:\/\/roveyayinevi.com.tr\/index.php\/urun\/mutlulugun-psikolojisi\/"},"modified":"2026-04-16T02:32:48","modified_gmt":"2026-04-15T23:32:48","slug":"mutlulugun-psikolojisi","status":"publish","type":"product","link":"https:\/\/roveyayinevi.com.tr\/index.php\/urun\/mutlulugun-psikolojisi\/","title":{"rendered":"Mutlulu\u011fun Psikolojisi"},"content":{"rendered":"<p>B\u00fct\u00fcn \u00f6zlemlere eksiksiz ve s\u00fcrekli olarak ula\u015f\u0131lmaktan duyulan k\u0131van\u00e7 durumu, diye tan\u0131ml\u0131yor mutlulu\u011fu T\u00fcrk Dil Kurumu.Bu tan\u0131ma g\u00f6re mutluluk, Kaf Da\u011f\u0131\u2019n\u0131n ard\u0131nda, sadece masallarda ula\u015fabilen bir durum olmal\u0131. \u00c7\u00fcnk\u00fc eksiksiz ve sonsuz bir hayat ya\u015famak hayallerde bile m\u00fcmk\u00fcn de\u011fil.Peki nas\u0131l mutlu olaca\u011f\u0131z biz?Hamdi Kalyoncu; psikiyatrinin penceresinden ve \u00e7o\u011fu zaman perde arkas\u0131ndan, k\u0131rk y\u0131ll\u0131k birikimiyle mutlu olman\u0131n yollar\u0131n\u0131 g\u00f6steriyor<\/p>\n","protected":false},"excerpt":{"rendered":"<p>B\u00fct\u00fcn \u00f6zlemlere eksiksiz ve s\u00fcrekli olarak ula\u015f\u0131lmaktan duyulan k\u0131van\u00e7 durumu, diye tan\u0131ml\u0131yor mutlulu\u011fu T\u00fcrk Dil Kurumu.Bu tan\u0131ma g\u00f6re mutluluk, Kaf Da\u011f\u0131\u2019n\u0131n ard\u0131nda, sadece masallarda ula\u015fabilen bir<span class=\"excerpt-hellip\"> [\u2026]<\/span><\/p>\n","protected":false},"featured_media":0,"template":"","meta":{"_monsterinsights_skip_tracking":false,"_monsterinsights_sitenote_active":false,"_monsterinsights_sitenote_note":"","_monsterinsights_sitenote_category":0},"product_brand":[],"product_cat":[12358,12357],"product_tag":[],"class_list":{"0":"post-724952","1":"product","2":"type-product","3":"status-publish","5":"product_cat-genel-psikoloji","6":"product_cat-psikoloji","7":"pa_cilt-ciltsiz","8":"pa_tur-kitap","9":"pa_yayinevi-yediveren-yayinlari","10":"pa_yazar-hamdi-kalyoncu","12":"first","13":"instock","14":"sale","15":"shipping-taxable","16":"purchasable","17":"product-type-simple"},"_links":{"self":[{"href":"https:\/\/roveyayinevi.com.tr\/index.php\/wp-json\/wp\/v2\/product\/724952","targetHints":{"allow":["GET"]}}],"collection":[{"href":"https:\/\/roveyayinevi.com.tr\/index.php\/wp-json\/wp\/v2\/product"}],"about":[{"href":"https:\/\/roveyayinevi.com.tr\/index.php\/wp-json\/wp\/v2\/types\/product"}],"wp:attachment":[{"href":"https:\/\/roveyayinevi.com.tr\/index.php\/wp-json\/wp\/v2\/media?parent=724952"}],"wp:term":[{"taxonomy":"product_brand","embeddable":true,"href":"https:\/\/roveyayinevi.com.tr\/index.php\/wp-json\/wp\/v2\/product_brand?post=724952"},{"taxonomy":"product_cat","embeddable":true,"href":"https:\/\/roveyayinevi.com.tr\/index.php\/wp-json\/wp\/v2\/product_cat?post=724952"},{"taxonomy":"product_tag","embeddable":true,"href":"https:\/\/roveyayinevi.com.tr\/index.php\/wp-json\/wp\/v2\/product_tag?post=724952"}],"curies":[{"name":"wp","href":"https:\/\/api.w.org\/{rel}","templated":true}]}}