{"id":724951,"date":"2025-08-27T19:42:07","date_gmt":"2025-08-27T16:42:07","guid":{"rendered":"https:\/\/roveyayinevi.com.tr\/index.php\/urun\/ruhsal-dusunce\/"},"modified":"2026-04-16T02:32:48","modified_gmt":"2026-04-15T23:32:48","slug":"ruhsal-dusunce","status":"publish","type":"product","link":"https:\/\/roveyayinevi.com.tr\/index.php\/urun\/ruhsal-dusunce\/","title":{"rendered":"Ruhsal D\u00fc\u015f\u00fcnce"},"content":{"rendered":"<p>Yeni do\u011fan bir bebe\u011fe bak\u0131n, sonra d\u00f6n\u00fcn aynaya ve kendinizi inceleyin. Siz de bir zamanlar onun gibi k\u00fc\u00e7\u00fcc\u00fckt\u00fcn\u00fcz. Aradaki fiziki farkl\u0131l\u0131\u011f\u0131 yaratan insan de\u011fil, hayat\u0131n de\u011fi\u015fmez kurallar\u0131d\u0131r.Kurallar\u0131 koyan gizli g\u00fc\u00e7, her zaman insana en iyisini vermeyi istemi\u015ftir. Fakat \u00e7o\u011fumuz verileni beklemeden ba\u015fka \u015feylerin pe\u015finde yorgun d\u00fc\u015ft\u00fck. Sab\u0131rs\u0131zl\u0131\u011f\u0131m\u0131z bizi okyanusun ortas\u0131nda yapayaln\u0131z b\u0131rakt\u0131. Bizi hayat\u0131n normal plan\u0131ndan sapt\u0131ran h\u0131rslar\u0131m\u0131z ve a\u015f\u0131r\u0131 isteklerimiz de\u011fil miydi?\u00d6yleyse su\u00e7lu arayacaksak ba\u015fka yerlerde bakmam\u0131za gerek yok, su\u00e7lu i\u00e7imizde ve bizimle birliktedir. Ar\u0131nmak ve istedi\u011fimiz yola ula\u015fmak i\u00e7in vakit kaybetmeden ruhsal d\u00fc\u015f\u00fcnce sistemimizi in\u015fa etmeliyiz<\/p>\n","protected":false},"excerpt":{"rendered":"<p>Yeni do\u011fan bir bebe\u011fe bak\u0131n, sonra d\u00f6n\u00fcn aynaya ve kendinizi inceleyin. Siz de bir zamanlar onun gibi k\u00fc\u00e7\u00fcc\u00fckt\u00fcn\u00fcz. Aradaki fiziki farkl\u0131l\u0131\u011f\u0131 yaratan insan de\u011fil, hayat\u0131n de\u011fi\u015fmez<span class=\"excerpt-hellip\"> [\u2026]<\/span><\/p>\n","protected":false},"featured_media":0,"template":"","meta":{"_monsterinsights_skip_tracking":false,"_monsterinsights_sitenote_active":false,"_monsterinsights_sitenote_note":"","_monsterinsights_sitenote_category":0},"product_brand":[],"product_cat":[12364,12376],"product_tag":[],"class_list":{"0":"post-724951","1":"product","2":"type-product","3":"status-publish","5":"product_cat-genel-konular","6":"product_cat-kisisel-gelisim","7":"pa_cilt-ciltsiz","8":"pa_tur-kitap","9":"pa_yayinevi-yediveren-yayinlari","10":"pa_yazar-salman-jayesh-khanna","12":"first","13":"instock","14":"sale","15":"shipping-taxable","16":"purchasable","17":"product-type-simple"},"_links":{"self":[{"href":"https:\/\/roveyayinevi.com.tr\/index.php\/wp-json\/wp\/v2\/product\/724951","targetHints":{"allow":["GET"]}}],"collection":[{"href":"https:\/\/roveyayinevi.com.tr\/index.php\/wp-json\/wp\/v2\/product"}],"about":[{"href":"https:\/\/roveyayinevi.com.tr\/index.php\/wp-json\/wp\/v2\/types\/product"}],"wp:attachment":[{"href":"https:\/\/roveyayinevi.com.tr\/index.php\/wp-json\/wp\/v2\/media?parent=724951"}],"wp:term":[{"taxonomy":"product_brand","embeddable":true,"href":"https:\/\/roveyayinevi.com.tr\/index.php\/wp-json\/wp\/v2\/product_brand?post=724951"},{"taxonomy":"product_cat","embeddable":true,"href":"https:\/\/roveyayinevi.com.tr\/index.php\/wp-json\/wp\/v2\/product_cat?post=724951"},{"taxonomy":"product_tag","embeddable":true,"href":"https:\/\/roveyayinevi.com.tr\/index.php\/wp-json\/wp\/v2\/product_tag?post=724951"}],"curies":[{"name":"wp","href":"https:\/\/api.w.org\/{rel}","templated":true}]}}