{"id":724950,"date":"2025-08-27T19:42:07","date_gmt":"2025-08-27T16:42:07","guid":{"rendered":"https:\/\/roveyayinevi.com.tr\/index.php\/urun\/ruhsal-terapi\/"},"modified":"2026-04-16T02:32:48","modified_gmt":"2026-04-15T23:32:48","slug":"ruhsal-terapi","status":"publish","type":"product","link":"https:\/\/roveyayinevi.com.tr\/index.php\/urun\/ruhsal-terapi\/","title":{"rendered":"Ruhsal Terapi"},"content":{"rendered":"<p>Geli\u015fim kitaplar\u0131 genelde ba\u015far\u0131s\u0131zl\u0131k ve mutsuzluk nedenlerinden ba\u015flayarak daha en ba\u015f\u0131ndan insanda psikolojik bir ma\u011flubiyet yarat\u0131r. Oysa ihtiyac\u0131m\u0131z olan tek \u015fey pozitif bir i\u00e7selli\u011fe sahip olmakt\u0131r ve bunu akl\u0131m\u0131zla de\u011fil ruhumuzla elde edebiliriz.Kapitalizmin sundu\u011fu &#8216;\u00e7\u0131lg\u0131n t\u00fcketim&#8217; diretmesine kar\u015f\u0131 akl\u0131m\u0131zla ba\u015fa \u00e7\u0131kamad\u0131\u011f\u0131m\u0131z\u0131 anlad\u0131k ve ruhen direnmenin yollar\u0131n\u0131 arad\u0131k ve aramaya devam ediyoruz. Fiziki a\u00e7\u0131dan d\u00fcnyam\u0131z\u0131 s\u00fcslemeyi ba\u015fard\u0131k; ancak bu durum da mutlu olmam\u0131za yetmedi. E\u015fyan\u0131n varl\u0131\u011f\u0131nda kendimizi bulamad\u0131\u011f\u0131m\u0131z i\u00e7in ruhumuzun cansuyu i\u00e7in yola \u00e7\u0131kt\u0131k.Daha sa\u011fl\u0131kl\u0131 ve huzurlu bir ya\u015fam i\u00e7in \u00f6teye beriye ko\u015fmaya; asl\u0131nda ko\u015fu\u015fturmaya gerek yok. \u0130htiyac\u0131m\u0131z olan her \u015fey &#8216;Ruhsal Terapi&#8217; kadar yak\u0131n\u0131m\u0131zda.<\/p>\n","protected":false},"excerpt":{"rendered":"<p>Geli\u015fim kitaplar\u0131 genelde ba\u015far\u0131s\u0131zl\u0131k ve mutsuzluk nedenlerinden ba\u015flayarak daha en ba\u015f\u0131ndan insanda psikolojik bir ma\u011flubiyet yarat\u0131r. Oysa ihtiyac\u0131m\u0131z olan tek \u015fey pozitif bir i\u00e7selli\u011fe sahip olmakt\u0131r<span class=\"excerpt-hellip\"> [\u2026]<\/span><\/p>\n","protected":false},"featured_media":0,"template":"","meta":{"_monsterinsights_skip_tracking":false,"_monsterinsights_sitenote_active":false,"_monsterinsights_sitenote_note":"","_monsterinsights_sitenote_category":0},"product_brand":[],"product_cat":[12364,12376],"product_tag":[],"class_list":{"0":"post-724950","1":"product","2":"type-product","3":"status-publish","5":"product_cat-genel-konular","6":"product_cat-kisisel-gelisim","7":"pa_cilt-ciltsiz","8":"pa_tur-kitap","9":"pa_yayinevi-yediveren-yayinlari","10":"pa_yazar-salman-jayesh-khanna","12":"first","13":"instock","14":"sale","15":"shipping-taxable","16":"purchasable","17":"product-type-simple"},"_links":{"self":[{"href":"https:\/\/roveyayinevi.com.tr\/index.php\/wp-json\/wp\/v2\/product\/724950","targetHints":{"allow":["GET"]}}],"collection":[{"href":"https:\/\/roveyayinevi.com.tr\/index.php\/wp-json\/wp\/v2\/product"}],"about":[{"href":"https:\/\/roveyayinevi.com.tr\/index.php\/wp-json\/wp\/v2\/types\/product"}],"wp:attachment":[{"href":"https:\/\/roveyayinevi.com.tr\/index.php\/wp-json\/wp\/v2\/media?parent=724950"}],"wp:term":[{"taxonomy":"product_brand","embeddable":true,"href":"https:\/\/roveyayinevi.com.tr\/index.php\/wp-json\/wp\/v2\/product_brand?post=724950"},{"taxonomy":"product_cat","embeddable":true,"href":"https:\/\/roveyayinevi.com.tr\/index.php\/wp-json\/wp\/v2\/product_cat?post=724950"},{"taxonomy":"product_tag","embeddable":true,"href":"https:\/\/roveyayinevi.com.tr\/index.php\/wp-json\/wp\/v2\/product_tag?post=724950"}],"curies":[{"name":"wp","href":"https:\/\/api.w.org\/{rel}","templated":true}]}}