{"id":724948,"date":"2025-08-27T19:42:05","date_gmt":"2025-08-27T16:42:05","guid":{"rendered":"https:\/\/roveyayinevi.com.tr\/index.php\/urun\/pembe-ayi\/"},"modified":"2026-02-03T02:47:08","modified_gmt":"2026-02-02T23:47:08","slug":"pembe-ayi","status":"publish","type":"product","link":"https:\/\/roveyayinevi.com.tr\/index.php\/urun\/pembe-ayi\/","title":{"rendered":"Pembe Ay\u0131"},"content":{"rendered":"<p>Pembe Ay\u0131\u2019n\u0131n \u00f6zel bir yetene\u011fi var. Hi\u00e7bir \u015feyin can\u0131n\u0131 s\u0131kmas\u0131na izin vermez ve halinden hep memnundur.Ba\u015f\u0131na ne gelirse gelsin s\u00fcrekli g\u00fcl\u00fcmseyen bu ay\u0131ya ve onun harika\u00f6yk\u00fcs\u00fcne kat\u0131l\u0131n.<\/p>\n","protected":false},"excerpt":{"rendered":"<p>Pembe Ay\u0131\u2019n\u0131n \u00f6zel bir yetene\u011fi var. Hi\u00e7bir \u015feyin can\u0131n\u0131 s\u0131kmas\u0131na izin vermez ve halinden hep memnundur.Ba\u015f\u0131na ne gelirse gelsin s\u00fcrekli g\u00fcl\u00fcmseyen bu ay\u0131ya ve onun harika\u00f6yk\u00fcs\u00fcne<span class=\"excerpt-hellip\"> [\u2026]<\/span><\/p>\n","protected":false},"featured_media":0,"template":"","meta":{"_monsterinsights_skip_tracking":false,"_monsterinsights_sitenote_active":false,"_monsterinsights_sitenote_note":"","_monsterinsights_sitenote_category":0},"product_brand":[],"product_cat":[12274,12518],"product_tag":[],"class_list":{"0":"post-724948","1":"product","2":"type-product","3":"status-publish","5":"product_cat-cocuk-ve-genclik-kitaplari","6":"product_cat-okul-oncesi-kitaplar","7":"pa_cilt-ciltsiz","8":"pa_tur-kitap","9":"pa_yayinevi-is-bankasi-kultur-yayinlari","10":"pa_yazar-melanie-joyce","12":"first","13":"instock","14":"sale","15":"shipping-taxable","16":"purchasable","17":"product-type-simple"},"_links":{"self":[{"href":"https:\/\/roveyayinevi.com.tr\/index.php\/wp-json\/wp\/v2\/product\/724948","targetHints":{"allow":["GET"]}}],"collection":[{"href":"https:\/\/roveyayinevi.com.tr\/index.php\/wp-json\/wp\/v2\/product"}],"about":[{"href":"https:\/\/roveyayinevi.com.tr\/index.php\/wp-json\/wp\/v2\/types\/product"}],"wp:attachment":[{"href":"https:\/\/roveyayinevi.com.tr\/index.php\/wp-json\/wp\/v2\/media?parent=724948"}],"wp:term":[{"taxonomy":"product_brand","embeddable":true,"href":"https:\/\/roveyayinevi.com.tr\/index.php\/wp-json\/wp\/v2\/product_brand?post=724948"},{"taxonomy":"product_cat","embeddable":true,"href":"https:\/\/roveyayinevi.com.tr\/index.php\/wp-json\/wp\/v2\/product_cat?post=724948"},{"taxonomy":"product_tag","embeddable":true,"href":"https:\/\/roveyayinevi.com.tr\/index.php\/wp-json\/wp\/v2\/product_tag?post=724948"}],"curies":[{"name":"wp","href":"https:\/\/api.w.org\/{rel}","templated":true}]}}