{"id":724947,"date":"2025-08-27T19:42:04","date_gmt":"2025-08-27T16:42:04","guid":{"rendered":"https:\/\/roveyayinevi.com.tr\/index.php\/urun\/mesleklere-ne-oldu\/"},"modified":"2026-04-16T02:32:48","modified_gmt":"2026-04-15T23:32:48","slug":"mesleklere-ne-oldu","status":"publish","type":"product","link":"https:\/\/roveyayinevi.com.tr\/index.php\/urun\/mesleklere-ne-oldu\/","title":{"rendered":"Mesleklere Ne Oldu ?"},"content":{"rendered":"<p>T\u00fcm yanl\u0131\u015fl\u0131klar\u0131 kim bulacak?Defne o g\u00fcn anaokulunda, ileride ne olmak istedi\u011fini d\u00fc\u015f\u00fcnd\u00fc. Hastanede doktor mu olsayd\u0131? Orkestra \u015fefi mi olsayd\u0131? Yoksa itfaiyeci mi? Defne bir s\u00fcr\u00fc meslek hayal edip resmini \u00e7izdi. Hayalinde canland\u0131rd\u0131klar\u0131 ne kadar do\u011fruydu acaba?\u00c7ocuklar bu kitab\u0131 okurken hem e\u011flenecek hem de yanl\u0131\u015flar\u0131 bularak g\u00fcndelik hayatta ne kadar \u00e7ok \u015fey bildiklerini g\u00f6recekler. Yeti\u015fkinler de \u00e7ocuklarla birlikte yanl\u0131\u015flar\u0131 tahmin ederek \u00e7\u00f6z\u00fcm sayfas\u0131ndan kontrol edebilirler.\u00c7\u00f6z\u00fcm sayfalar\u0131 kitab\u0131n sonunda<\/p>\n","protected":false},"excerpt":{"rendered":"<p>T\u00fcm yanl\u0131\u015fl\u0131klar\u0131 kim bulacak?Defne o g\u00fcn anaokulunda, ileride ne olmak istedi\u011fini d\u00fc\u015f\u00fcnd\u00fc. Hastanede doktor mu olsayd\u0131? Orkestra \u015fefi mi olsayd\u0131? Yoksa itfaiyeci mi? Defne bir s\u00fcr\u00fc<span class=\"excerpt-hellip\"> [\u2026]<\/span><\/p>\n","protected":false},"featured_media":0,"template":"","meta":{"_monsterinsights_skip_tracking":false,"_monsterinsights_sitenote_active":false,"_monsterinsights_sitenote_note":"","_monsterinsights_sitenote_category":0},"product_brand":[],"product_cat":[12275,12274],"product_tag":[],"class_list":{"0":"post-724947","1":"product","2":"type-product","3":"status-publish","5":"product_cat-6-12-yas-kitaplari","6":"product_cat-cocuk-ve-genclik-kitaplari","7":"pa_cilt-ciltsiz","8":"pa_tur-kitap","9":"pa_yayinevi-is-bankasi-kultur-yayinlari","10":"pa_yazar-ralf-butschkow","12":"first","13":"instock","14":"sale","15":"shipping-taxable","16":"purchasable","17":"product-type-simple"},"_links":{"self":[{"href":"https:\/\/roveyayinevi.com.tr\/index.php\/wp-json\/wp\/v2\/product\/724947","targetHints":{"allow":["GET"]}}],"collection":[{"href":"https:\/\/roveyayinevi.com.tr\/index.php\/wp-json\/wp\/v2\/product"}],"about":[{"href":"https:\/\/roveyayinevi.com.tr\/index.php\/wp-json\/wp\/v2\/types\/product"}],"wp:attachment":[{"href":"https:\/\/roveyayinevi.com.tr\/index.php\/wp-json\/wp\/v2\/media?parent=724947"}],"wp:term":[{"taxonomy":"product_brand","embeddable":true,"href":"https:\/\/roveyayinevi.com.tr\/index.php\/wp-json\/wp\/v2\/product_brand?post=724947"},{"taxonomy":"product_cat","embeddable":true,"href":"https:\/\/roveyayinevi.com.tr\/index.php\/wp-json\/wp\/v2\/product_cat?post=724947"},{"taxonomy":"product_tag","embeddable":true,"href":"https:\/\/roveyayinevi.com.tr\/index.php\/wp-json\/wp\/v2\/product_tag?post=724947"}],"curies":[{"name":"wp","href":"https:\/\/api.w.org\/{rel}","templated":true}]}}