{"id":724941,"date":"2025-08-27T19:41:58","date_gmt":"2025-08-27T16:41:58","guid":{"rendered":"https:\/\/roveyayinevi.com.tr\/index.php\/urun\/askin-sonu\/"},"modified":"2026-04-16T02:32:48","modified_gmt":"2026-04-15T23:32:48","slug":"askin-sonu","status":"publish","type":"product","link":"https:\/\/roveyayinevi.com.tr\/index.php\/urun\/askin-sonu\/","title":{"rendered":"A\u015fk\u0131n Sonu"},"content":{"rendered":"<p>A\u015fk\u0131n Sonu yay\u0131mland\u0131\u011f\u0131 1951 y\u0131l\u0131ndan beri farkl\u0131 ku\u015faklardan okurlar\u0131n hayranl\u0131\u011f\u0131n\u0131 kazanm\u0131\u015ft\u0131r. O d\u00f6nemde Graham Greene\u2019in II. D\u00fcnya Sava\u015f\u0131 hat\u0131ralar\u0131 h\u00e2l\u00e2 canl\u0131d\u0131r. Sava\u015f zaman\u0131 Londra\u2019s\u0131n\u0131n atmosferine yerle\u015ftirdi\u011fi bu tutkulu yasak a\u015fk hik\u00e2yesinde, sevgi, nefret, sadakat ve insan hayat\u0131nda \u201ckutsall\u0131\u011f\u0131n\u201d yeri gibi temalar\u0131n pe\u015fine d\u00fc\u015fer. Roman, Greene\u2019in gen\u00e7 ya\u015fta kendi iradesiyle se\u00e7ti\u011fi Katolikli\u011fin i\u00e7inde bar\u0131nd\u0131rd\u0131\u011f\u0131 \u00e7eli\u015fkilerin sanc\u0131l\u0131 ve sars\u0131c\u0131 bir sorgulamas\u0131n\u0131 da i\u00e7erir. Yarat\u0131c\u0131s\u0131 gibi romanc\u0131 olan Maurice Bendrix ile evli sevgilisi Sarah Miles aras\u0131ndaki ili\u015fki, 1944 y\u0131l\u0131nda bir hava sald\u0131r\u0131s\u0131n\u0131n ard\u0131ndan, Sarah\u2019n\u0131n ani bir karar\u0131yla sona ermi\u015ftir. Bendrix iki y\u0131l sonra beklenmedik bir kar\u015f\u0131la\u015fmayla a\u015fk\u0131n\u0131n yeniden alevlenmesiyle, Sarah\u2019y\u0131 takip ettirmek \u00fczere bir dedektif tutar. Greene, \u201cba\u015f\u0131 ya da sonu olmayan bu hik\u00e2yede\u201d bilin\u00e7 ak\u0131\u015f\u0131 ve geleneksel anlat\u0131m tekniklerini s\u0131k s\u0131k geriye d\u00f6n\u00fc\u015flerle harmanlayarak adeta ba\u015f\u0131m\u0131z\u0131 d\u00f6nd\u00fcr\u00fcr. Roman, Greene\u2019in ger\u00e7ek hayat\u0131nda ili\u015fki ya\u015fad\u0131\u011f\u0131 Catherine Walston\u2019a adanm\u0131\u015ft\u0131r. \u0130ki kez beyazperdeye uyarlanan A\u015fk\u0131n Sonu\u2019nun 1999\u2019da \u0130rlandal\u0131 y\u00f6netmen Neil Jordan taraf\u0131ndan ger\u00e7ekle\u015ftirilen ikinci uyarlamas\u0131 unutulmaz filmler aras\u0131nda yerini alm\u0131\u015ft\u0131r. \ufffcTan\u0131t\u0131m Metni<\/p>\n","protected":false},"excerpt":{"rendered":"<p>A\u015fk\u0131n Sonu yay\u0131mland\u0131\u011f\u0131 1951 y\u0131l\u0131ndan beri farkl\u0131 ku\u015faklardan okurlar\u0131n hayranl\u0131\u011f\u0131n\u0131 kazanm\u0131\u015ft\u0131r. O d\u00f6nemde Graham Greene\u2019in II. D\u00fcnya Sava\u015f\u0131 hat\u0131ralar\u0131 h\u00e2l\u00e2 canl\u0131d\u0131r. Sava\u015f zaman\u0131 Londra\u2019s\u0131n\u0131n atmosferine yerle\u015ftirdi\u011fi<span class=\"excerpt-hellip\"> [\u2026]<\/span><\/p>\n","protected":false},"featured_media":0,"template":"","meta":{"_monsterinsights_skip_tracking":false,"_monsterinsights_sitenote_active":false,"_monsterinsights_sitenote_note":"","_monsterinsights_sitenote_category":0},"product_brand":[],"product_cat":[12291,12866],"product_tag":[],"class_list":{"0":"post-724941","1":"product","2":"type-product","3":"status-publish","5":"product_cat-edebiyat","6":"product_cat-ingiliz-edebiyati","7":"pa_cilt-ciltsiz","8":"pa_tur-kitap","9":"pa_yayinevi-is-bankasi-kultur-yayinlari","10":"pa_yazar-graham-greene","12":"first","13":"instock","14":"sale","15":"shipping-taxable","16":"purchasable","17":"product-type-simple"},"_links":{"self":[{"href":"https:\/\/roveyayinevi.com.tr\/index.php\/wp-json\/wp\/v2\/product\/724941","targetHints":{"allow":["GET"]}}],"collection":[{"href":"https:\/\/roveyayinevi.com.tr\/index.php\/wp-json\/wp\/v2\/product"}],"about":[{"href":"https:\/\/roveyayinevi.com.tr\/index.php\/wp-json\/wp\/v2\/types\/product"}],"wp:attachment":[{"href":"https:\/\/roveyayinevi.com.tr\/index.php\/wp-json\/wp\/v2\/media?parent=724941"}],"wp:term":[{"taxonomy":"product_brand","embeddable":true,"href":"https:\/\/roveyayinevi.com.tr\/index.php\/wp-json\/wp\/v2\/product_brand?post=724941"},{"taxonomy":"product_cat","embeddable":true,"href":"https:\/\/roveyayinevi.com.tr\/index.php\/wp-json\/wp\/v2\/product_cat?post=724941"},{"taxonomy":"product_tag","embeddable":true,"href":"https:\/\/roveyayinevi.com.tr\/index.php\/wp-json\/wp\/v2\/product_tag?post=724941"}],"curies":[{"name":"wp","href":"https:\/\/api.w.org\/{rel}","templated":true}]}}