{"id":724939,"date":"2025-08-27T19:41:56","date_gmt":"2025-08-27T16:41:56","guid":{"rendered":"https:\/\/roveyayinevi.com.tr\/index.php\/urun\/ruhun-tutkulari-2\/"},"modified":"2026-04-16T02:32:48","modified_gmt":"2026-04-15T23:32:48","slug":"ruhun-tutkulari-2","status":"publish","type":"product","link":"https:\/\/roveyayinevi.com.tr\/index.php\/urun\/ruhun-tutkulari-2\/","title":{"rendered":"Ruhun Tutkular\u0131"},"content":{"rendered":"<p>Ren\u00e9 Descartes, (1596-1650): Frans\u0131z matematik\u00e7i, bilim adam\u0131 ve filozof. Skolastik Aristoteles\u00e7ili\u011fi ilk terk edenlerdendir. Zihin-beden probleminin ilk modern versiyonunu form\u00fcle edip g\u00f6zlem ve deneyi temel alan yeni bir bilimin geli\u015fimine \u00f6nayak oldu\u011fu i\u00e7in modern felsefenin babas\u0131 denir. Ruhun Tutkular\u0131 Descartes\u2019\u0131n sa\u011fl\u0131\u011f\u0131nda yay\u0131mlanmas\u0131na izin verdi\u011fi d\u00f6rt eserin sonuncusudur. \u00d6l\u00fcm\u00fcnden bir y\u0131l \u00f6nce Frans\u0131zca olarak yay\u0131mlad\u0131\u011f\u0131 bu inceleme filozofun bir nevi \u201cvasiyet\u201di ve b\u00fct\u00fcn felsefesinin meyvesidir. Descartes\u2019\u0131n kendi deyi\u015fiyle bu \u201ck\u00fc\u00e7\u00fck inceleme\u201d kartezyen felsefenin farkl\u0131 b\u00f6l\u00fcmlerine ait unsurlar\u0131 birbirine eklemlemesi ve bunlar\u0131 terkip etmesiyle \u00f6zel bir yere sahiptir. \u0130stencin \u00f6zg\u00fcrl\u00fc\u011f\u00fc ve genel olarak ruh ve beden i\u015flevlerinin ayr\u0131m\u0131n\u0131 s\u00f6z konusu etmesiyle metafizik ile psiko-fizyolojik bir bilime dayal\u0131 ahlak\u0131n kesi\u015fiminde yer al\u0131r.<\/p>\n","protected":false},"excerpt":{"rendered":"<p>Ren\u00e9 Descartes, (1596-1650): Frans\u0131z matematik\u00e7i, bilim adam\u0131 ve filozof. Skolastik Aristoteles\u00e7ili\u011fi ilk terk edenlerdendir. Zihin-beden probleminin ilk modern versiyonunu form\u00fcle edip g\u00f6zlem ve deneyi temel alan<span class=\"excerpt-hellip\"> [\u2026]<\/span><\/p>\n","protected":false},"featured_media":0,"template":"","meta":{"_monsterinsights_skip_tracking":false,"_monsterinsights_sitenote_active":false,"_monsterinsights_sitenote_note":"","_monsterinsights_sitenote_category":0},"product_brand":[],"product_cat":[12291,13376],"product_tag":[],"class_list":{"0":"post-724939","1":"product","2":"type-product","3":"status-publish","5":"product_cat-edebiyat","6":"product_cat-fransiz-edebiyati","7":"pa_cilt-ciltsiz","8":"pa_tur-kitap","9":"pa_yayinevi-is-bankasi-kultur-yayinlari","10":"pa_yazar-rene-descartes","12":"first","13":"instock","14":"sale","15":"shipping-taxable","16":"purchasable","17":"product-type-simple"},"_links":{"self":[{"href":"https:\/\/roveyayinevi.com.tr\/index.php\/wp-json\/wp\/v2\/product\/724939","targetHints":{"allow":["GET"]}}],"collection":[{"href":"https:\/\/roveyayinevi.com.tr\/index.php\/wp-json\/wp\/v2\/product"}],"about":[{"href":"https:\/\/roveyayinevi.com.tr\/index.php\/wp-json\/wp\/v2\/types\/product"}],"wp:attachment":[{"href":"https:\/\/roveyayinevi.com.tr\/index.php\/wp-json\/wp\/v2\/media?parent=724939"}],"wp:term":[{"taxonomy":"product_brand","embeddable":true,"href":"https:\/\/roveyayinevi.com.tr\/index.php\/wp-json\/wp\/v2\/product_brand?post=724939"},{"taxonomy":"product_cat","embeddable":true,"href":"https:\/\/roveyayinevi.com.tr\/index.php\/wp-json\/wp\/v2\/product_cat?post=724939"},{"taxonomy":"product_tag","embeddable":true,"href":"https:\/\/roveyayinevi.com.tr\/index.php\/wp-json\/wp\/v2\/product_tag?post=724939"}],"curies":[{"name":"wp","href":"https:\/\/api.w.org\/{rel}","templated":true}]}}