{"id":724938,"date":"2025-08-27T19:41:56","date_gmt":"2025-08-27T16:41:56","guid":{"rendered":"https:\/\/roveyayinevi.com.tr\/index.php\/urun\/iliskisel-sermaye-akademide-ag-kurma-davranisi\/"},"modified":"2026-04-16T02:32:48","modified_gmt":"2026-04-15T23:32:48","slug":"iliskisel-sermaye-akademide-ag-kurma-davranisi","status":"publish","type":"product","link":"https:\/\/roveyayinevi.com.tr\/index.php\/urun\/iliskisel-sermaye-akademide-ag-kurma-davranisi\/","title":{"rendered":"\u0130li\u015fkisel Sermaye Akademide A\u011f Kurma Davran\u0131\u015f\u0131"},"content":{"rendered":"<p>1.Giri\u015f  2.Literat\u00fcr Taramas\u0131 2.1Kavramsal \u00c7er\u00e7eve 2.2De\u011fi\u015fkenler Aras\u0131 \u0130li\u015fkiler  3.Materyal ve Y\u00f6ntem 3.1Sosyal A\u011f Analizi \u2013 Bibliyometrik Veri Ba\u011flant\u0131s\u0131 3.2Evren ve \u00d6rneklem 3.3\u00d6l\u00e7ekler 3.4Ara\u015ft\u0131rma Modeli ve Hipotezler 3.5Metodoloji  4.Bulgular ve Tart\u0131\u015fma 4.1Bulgular 4.2Sosyal A\u011f Analizi 4.3Regresyon Analizi ve D\u00fczenleyici Etki<\/p>\n","protected":false},"excerpt":{"rendered":"<p>1.Giri\u015f 2.Literat\u00fcr Taramas\u0131 2.1Kavramsal \u00c7er\u00e7eve 2.2De\u011fi\u015fkenler Aras\u0131 \u0130li\u015fkiler 3.Materyal ve Y\u00f6ntem 3.1Sosyal A\u011f Analizi \u2013 Bibliyometrik Veri Ba\u011flant\u0131s\u0131 3.2Evren ve \u00d6rneklem 3.3\u00d6l\u00e7ekler 3.4Ara\u015ft\u0131rma Modeli ve Hipotezler<span class=\"excerpt-hellip\"> [\u2026]<\/span><\/p>\n","protected":false},"featured_media":0,"template":"","meta":{"_monsterinsights_skip_tracking":false,"_monsterinsights_sitenote_active":false,"_monsterinsights_sitenote_note":"","_monsterinsights_sitenote_category":0},"product_brand":[],"product_cat":[12835,12324],"product_tag":[],"class_list":{"0":"post-724938","1":"product","2":"type-product","3":"status-publish","5":"product_cat-genel-sosyoloji","6":"product_cat-sosyoloji","7":"pa_cilt-ciltsiz","8":"pa_tur-kitap","9":"pa_yayinevi-gazi-kitabevi","10":"pa_yazar-mehmet-seyhan","12":"first","13":"instock","14":"sale","15":"shipping-taxable","16":"purchasable","17":"product-type-simple"},"_links":{"self":[{"href":"https:\/\/roveyayinevi.com.tr\/index.php\/wp-json\/wp\/v2\/product\/724938","targetHints":{"allow":["GET"]}}],"collection":[{"href":"https:\/\/roveyayinevi.com.tr\/index.php\/wp-json\/wp\/v2\/product"}],"about":[{"href":"https:\/\/roveyayinevi.com.tr\/index.php\/wp-json\/wp\/v2\/types\/product"}],"wp:attachment":[{"href":"https:\/\/roveyayinevi.com.tr\/index.php\/wp-json\/wp\/v2\/media?parent=724938"}],"wp:term":[{"taxonomy":"product_brand","embeddable":true,"href":"https:\/\/roveyayinevi.com.tr\/index.php\/wp-json\/wp\/v2\/product_brand?post=724938"},{"taxonomy":"product_cat","embeddable":true,"href":"https:\/\/roveyayinevi.com.tr\/index.php\/wp-json\/wp\/v2\/product_cat?post=724938"},{"taxonomy":"product_tag","embeddable":true,"href":"https:\/\/roveyayinevi.com.tr\/index.php\/wp-json\/wp\/v2\/product_tag?post=724938"}],"curies":[{"name":"wp","href":"https:\/\/api.w.org\/{rel}","templated":true}]}}