{"id":724935,"date":"2025-08-27T19:41:53","date_gmt":"2025-08-27T16:41:53","guid":{"rendered":"https:\/\/roveyayinevi.com.tr\/index.php\/urun\/eskiden-gelecek-guzeldi\/"},"modified":"2026-04-16T02:32:48","modified_gmt":"2026-04-15T23:32:48","slug":"eskiden-gelecek-guzeldi","status":"publish","type":"product","link":"https:\/\/roveyayinevi.com.tr\/index.php\/urun\/eskiden-gelecek-guzeldi\/","title":{"rendered":"Eskiden Gelecek G\u00fczeldi"},"content":{"rendered":"<p>D\u00f6nmemle tan\u0131d\u0131m. Y\u0131llardan sonra \u015fimdi d\u00fc\u015f\u00fcn\u00fcyorum da insan a\u015fk\u0131n\u0131 se\u00e7mez; sadece tan\u0131r onu. \u0130lkin g\u00f6rd\u00fc\u011f\u00fcnde bu ilkin de bir ilki oldu\u011funu hat\u0131rlar, gizlice, deh\u015fetli bir hayranl\u0131k ve korku i\u00e7inde. \u00c7\u00fcnk\u00fc o daha do\u011fmadan \u00f6nce g\u00f6rd\u00fc\u011f\u00fcd\u00fcr\u2026 Masumiyet \u00e7a\u011f\u0131n\u0131n son a\u015fklar\u0131ndan&#8230; 1978 y\u0131l\u0131nda \u0130stanbul\u2019dan K\u00fcba\u2019ya uzun ve b\u00fcy\u00fcl\u00fc bir yolculuk&#8230;A\u015fk\u0131n sureti pe\u015finde oldu\u011funu hen\u00fcz bilmeyen gen\u00e7 bir sosyalist\u2026Devrim sonras\u0131 Havana\u2019s\u0131nda, o co\u015fkulu d\u00f6nemde spirit\u00fcel bir bulu\u015fma\u2026 Adnan \u00d6zer merkezinde b\u00fcy\u00fck bir a\u015fk\u0131n, kavu\u015famad\u0131\u011f\u0131 sevgilinin ve duran hayat\u0131n hik\u00e2yesini anlat\u0131yor. \u00c7ocuklu\u011fundan ilkgen\u00e7li\u011fine, hayat\u0131n\u0131 sonsuza kadar de\u011fi\u015ftirecek Havana seyahatine ve otuz y\u0131l sonras\u0131na \u015fiir gibi akan dokunakl\u0131 bir roman Eskiden Gelecek G\u00fczeldi.<\/p>\n","protected":false},"excerpt":{"rendered":"<p>D\u00f6nmemle tan\u0131d\u0131m. Y\u0131llardan sonra \u015fimdi d\u00fc\u015f\u00fcn\u00fcyorum da insan a\u015fk\u0131n\u0131 se\u00e7mez; sadece tan\u0131r onu. \u0130lkin g\u00f6rd\u00fc\u011f\u00fcnde bu ilkin de bir ilki oldu\u011funu hat\u0131rlar, gizlice, deh\u015fetli bir hayranl\u0131k<span class=\"excerpt-hellip\"> [\u2026]<\/span><\/p>\n","protected":false},"featured_media":0,"template":"","meta":{"_monsterinsights_skip_tracking":false,"_monsterinsights_sitenote_active":false,"_monsterinsights_sitenote_note":"","_monsterinsights_sitenote_category":0},"product_brand":[],"product_cat":[12291,12711],"product_tag":[],"class_list":{"0":"post-724935","1":"product","2":"type-product","3":"status-publish","5":"product_cat-edebiyat","6":"product_cat-roman-oyku","7":"pa_cilt-ciltsiz","8":"pa_tur-kitap","9":"pa_yayinevi-dogan-kitap","10":"pa_yazar-adnan-ozer","12":"first","13":"instock","14":"sale","15":"shipping-taxable","16":"purchasable","17":"product-type-simple"},"_links":{"self":[{"href":"https:\/\/roveyayinevi.com.tr\/index.php\/wp-json\/wp\/v2\/product\/724935","targetHints":{"allow":["GET"]}}],"collection":[{"href":"https:\/\/roveyayinevi.com.tr\/index.php\/wp-json\/wp\/v2\/product"}],"about":[{"href":"https:\/\/roveyayinevi.com.tr\/index.php\/wp-json\/wp\/v2\/types\/product"}],"wp:attachment":[{"href":"https:\/\/roveyayinevi.com.tr\/index.php\/wp-json\/wp\/v2\/media?parent=724935"}],"wp:term":[{"taxonomy":"product_brand","embeddable":true,"href":"https:\/\/roveyayinevi.com.tr\/index.php\/wp-json\/wp\/v2\/product_brand?post=724935"},{"taxonomy":"product_cat","embeddable":true,"href":"https:\/\/roveyayinevi.com.tr\/index.php\/wp-json\/wp\/v2\/product_cat?post=724935"},{"taxonomy":"product_tag","embeddable":true,"href":"https:\/\/roveyayinevi.com.tr\/index.php\/wp-json\/wp\/v2\/product_tag?post=724935"}],"curies":[{"name":"wp","href":"https:\/\/api.w.org\/{rel}","templated":true}]}}