{"id":724933,"date":"2025-08-27T19:41:51","date_gmt":"2025-08-27T16:41:51","guid":{"rendered":"https:\/\/roveyayinevi.com.tr\/index.php\/urun\/turkiyede-deprem\/"},"modified":"2026-04-16T02:32:48","modified_gmt":"2026-04-15T23:32:48","slug":"turkiyede-deprem","status":"publish","type":"product","link":"https:\/\/roveyayinevi.com.tr\/index.php\/urun\/turkiyede-deprem\/","title":{"rendered":"T\u00fcrkiye\u2019de Deprem"},"content":{"rendered":"<p>T\u00fcrkiye\u2019nin \u00f6nde gelen yerbilimcilerinden Naci G\u00f6r\u00fcr, depremlerle ya\u015famay\u0131 \u00f6\u011frenmesi gereken bir topluma bir ba\u015fucu kitab\u0131 sunu-yor: T\u00fcrkiye\u2019de Deprem. Siyasi y\u00f6netimlerden kamu kurulu\u015flar\u0131na, yurtta\u015flardan sivil toplum \u00f6rg\u00fctlerine kadar herkesin, her kesimin bilmesi gereken konular\u0131, y\u0131llar\u0131n\u0131 bilime, bilimi de toplumun hizmetine sunmu\u015f bir bilim insan\u0131n\u0131n kaleminden okuyacaks\u0131n\u0131z:T\u00fcrkiye\u2019de belli ba\u015fl\u0131 fay hatlar\u0131 hangileridir?Beklenen \u0130stanbul depreminin sonu\u00e7lar\u0131 ne olacak?T\u00fcrkiye\u2019nin ve \u0130stanbul\u2019un riskli b\u00f6lgeleri nereler?Bir sonraki deprem nerede olabilir?Yerel y\u00f6netimler ve kamu kurulu\u015flar\u0131n\u0131n \u00e7al\u0131\u015fmalar\u0131 yeterli mi?Kanal \u0130stanbul\u2019un ve kentsel d\u00f6n\u00fc\u015f\u00fcm\u00fcn \u0130stanbul depremine etkisi ne olabilir?Depremle ya\u015famay\u0131 \u00f6\u011frenmek ne demek? Prof. Dr. Naci G\u00f6r\u00fcr, bilimin, akl\u0131n, vicdan\u0131n sorumlulu\u011fuyla, y\u00f6neticilerinden yurtta\u015flar\u0131na kadar b\u00fct\u00fcn bir topluma yeniden soruyor: \u201cOrada kimse var m\u0131?\u201d<\/p>\n","protected":false},"excerpt":{"rendered":"<p>T\u00fcrkiye\u2019nin \u00f6nde gelen yerbilimcilerinden Naci G\u00f6r\u00fcr, depremlerle ya\u015famay\u0131 \u00f6\u011frenmesi gereken bir topluma bir ba\u015fucu kitab\u0131 sunu-yor: T\u00fcrkiye\u2019de Deprem. Siyasi y\u00f6netimlerden kamu kurulu\u015flar\u0131na, yurtta\u015flardan sivil toplum \u00f6rg\u00fctlerine<span class=\"excerpt-hellip\"> [\u2026]<\/span><\/p>\n","protected":false},"featured_media":0,"template":"","meta":{"_monsterinsights_skip_tracking":false,"_monsterinsights_sitenote_active":false,"_monsterinsights_sitenote_note":"","_monsterinsights_sitenote_category":0},"product_brand":[],"product_cat":[13005,13010],"product_tag":[],"class_list":{"0":"post-724933","1":"product","2":"type-product","3":"status-publish","5":"product_cat-bilim-muhendislik","6":"product_cat-doga-bilimleri","7":"pa_cilt-ciltsiz","8":"pa_tur-kitap","9":"pa_yayinevi-dogan-kitap","10":"pa_yazar-naci-gorur","12":"first","13":"instock","14":"sale","15":"shipping-taxable","16":"purchasable","17":"product-type-simple"},"_links":{"self":[{"href":"https:\/\/roveyayinevi.com.tr\/index.php\/wp-json\/wp\/v2\/product\/724933","targetHints":{"allow":["GET"]}}],"collection":[{"href":"https:\/\/roveyayinevi.com.tr\/index.php\/wp-json\/wp\/v2\/product"}],"about":[{"href":"https:\/\/roveyayinevi.com.tr\/index.php\/wp-json\/wp\/v2\/types\/product"}],"wp:attachment":[{"href":"https:\/\/roveyayinevi.com.tr\/index.php\/wp-json\/wp\/v2\/media?parent=724933"}],"wp:term":[{"taxonomy":"product_brand","embeddable":true,"href":"https:\/\/roveyayinevi.com.tr\/index.php\/wp-json\/wp\/v2\/product_brand?post=724933"},{"taxonomy":"product_cat","embeddable":true,"href":"https:\/\/roveyayinevi.com.tr\/index.php\/wp-json\/wp\/v2\/product_cat?post=724933"},{"taxonomy":"product_tag","embeddable":true,"href":"https:\/\/roveyayinevi.com.tr\/index.php\/wp-json\/wp\/v2\/product_tag?post=724933"}],"curies":[{"name":"wp","href":"https:\/\/api.w.org\/{rel}","templated":true}]}}