{"id":724931,"date":"2025-08-27T19:41:50","date_gmt":"2025-08-27T16:41:50","guid":{"rendered":"https:\/\/roveyayinevi.com.tr\/index.php\/urun\/sorularla-akilli-yatirimcinin-rehberi\/"},"modified":"2026-04-16T02:32:48","modified_gmt":"2026-04-15T23:32:48","slug":"sorularla-akilli-yatirimcinin-rehberi","status":"publish","type":"product","link":"https:\/\/roveyayinevi.com.tr\/index.php\/urun\/sorularla-akilli-yatirimcinin-rehberi\/","title":{"rendered":"Sorularla Ak\u0131ll\u0131 Yat\u0131r\u0131mc\u0131n\u0131n Rehberi"},"content":{"rendered":"<p>\u0130\u00e7indekiler  1.Birinci B\u00f6l\u00fcm \u2013 Tasarruf 2.\u0130kinci B\u00f6l\u00fcm \u2013 Yat\u0131r\u0131m 3.Anket Cevaplar\u0131<\/p>\n","protected":false},"excerpt":{"rendered":"<p>\u0130\u00e7indekiler 1.Birinci B\u00f6l\u00fcm \u2013 Tasarruf 2.\u0130kinci B\u00f6l\u00fcm \u2013 Yat\u0131r\u0131m 3.Anket Cevaplar\u0131<\/p>\n","protected":false},"featured_media":0,"template":"","meta":{"_monsterinsights_skip_tracking":false,"_monsterinsights_sitenote_active":false,"_monsterinsights_sitenote_note":"","_monsterinsights_sitenote_category":0},"product_brand":[],"product_cat":[20333,13043],"product_tag":[],"class_list":{"0":"post-724931","1":"product","2":"type-product","3":"status-publish","5":"product_cat-diger-ekonomi","6":"product_cat-ekonomi","7":"pa_cilt-ciltsiz","8":"pa_tur-kitap","9":"pa_yayinevi-gazi-kitabevi","10":"pa_yazar-aysel-gundogdu","12":"first","13":"instock","14":"sale","15":"shipping-taxable","16":"purchasable","17":"product-type-simple"},"_links":{"self":[{"href":"https:\/\/roveyayinevi.com.tr\/index.php\/wp-json\/wp\/v2\/product\/724931","targetHints":{"allow":["GET"]}}],"collection":[{"href":"https:\/\/roveyayinevi.com.tr\/index.php\/wp-json\/wp\/v2\/product"}],"about":[{"href":"https:\/\/roveyayinevi.com.tr\/index.php\/wp-json\/wp\/v2\/types\/product"}],"wp:attachment":[{"href":"https:\/\/roveyayinevi.com.tr\/index.php\/wp-json\/wp\/v2\/media?parent=724931"}],"wp:term":[{"taxonomy":"product_brand","embeddable":true,"href":"https:\/\/roveyayinevi.com.tr\/index.php\/wp-json\/wp\/v2\/product_brand?post=724931"},{"taxonomy":"product_cat","embeddable":true,"href":"https:\/\/roveyayinevi.com.tr\/index.php\/wp-json\/wp\/v2\/product_cat?post=724931"},{"taxonomy":"product_tag","embeddable":true,"href":"https:\/\/roveyayinevi.com.tr\/index.php\/wp-json\/wp\/v2\/product_tag?post=724931"}],"curies":[{"name":"wp","href":"https:\/\/api.w.org\/{rel}","templated":true}]}}