{"id":724930,"date":"2025-08-27T19:41:49","date_gmt":"2025-08-27T16:41:49","guid":{"rendered":"https:\/\/roveyayinevi.com.tr\/index.php\/urun\/cesur-cem-ve-beceriksiz-kahramanlar-2\/"},"modified":"2026-04-16T02:32:48","modified_gmt":"2026-04-15T23:32:48","slug":"cesur-cem-ve-beceriksiz-kahramanlar-2","status":"publish","type":"product","link":"https:\/\/roveyayinevi.com.tr\/index.php\/urun\/cesur-cem-ve-beceriksiz-kahramanlar-2\/","title":{"rendered":"Cesur Cem ve Beceriksiz Kahramanlar 2"},"content":{"rendered":"<p>Cesur Cem ve Beceriksiz Kahramanlar dizisinin ikinci kitab\u0131nda Cem, annesinin vazosunu kullanarak Antik Yunan\u2019a seyahat edebilece\u011fini \u00f6\u011freniyor. Cem, yeni arkada\u015f\u0131 Zoe ile Antik Yunan\u2019\u0131n b\u00fcy\u00fcl\u00fc d\u00fcnyas\u0131n\u0131 ke\u015ffederken ona Theseus ve Perseus gibi yeni kahramanlar e\u015flik ediyor. Ama burada herkes dost canl\u0131s\u0131 de\u011fil, \u00e7ocuklar bir maceradan di\u011ferine ko\u015farken k\u00f6t\u00fc krali\u00e7e Hera onlar\u0131 tuza\u011fa d\u00fc\u015f\u00fcrmek i\u00e7in tetikte bekliyor. Tarakson, dizinin ikinci kitab\u0131nda da h\u0131z kesmeden \u00e7ocuklar\u0131n hayal g\u00fcc\u00fcn\u00fc ate\u015flemeye devam ediyor&#8230;<\/p>\n","protected":false},"excerpt":{"rendered":"<p>Cesur Cem ve Beceriksiz Kahramanlar dizisinin ikinci kitab\u0131nda Cem, annesinin vazosunu kullanarak Antik Yunan\u2019a seyahat edebilece\u011fini \u00f6\u011freniyor. Cem, yeni arkada\u015f\u0131 Zoe ile Antik Yunan\u2019\u0131n b\u00fcy\u00fcl\u00fc d\u00fcnyas\u0131n\u0131<span class=\"excerpt-hellip\"> [\u2026]<\/span><\/p>\n","protected":false},"featured_media":0,"template":"","meta":{"_monsterinsights_skip_tracking":false,"_monsterinsights_sitenote_active":false,"_monsterinsights_sitenote_note":"","_monsterinsights_sitenote_category":0},"product_brand":[],"product_cat":[12274,12284],"product_tag":[],"class_list":{"0":"post-724930","1":"product","2":"type-product","3":"status-publish","5":"product_cat-cocuk-ve-genclik-kitaplari","6":"product_cat-hikayeler","7":"pa_cilt-ciltsiz","8":"pa_tur-kitap","9":"pa_yayinevi-the-cocuk","10":"pa_yazar-stella-tarakson","12":"first","13":"instock","14":"sale","15":"shipping-taxable","16":"purchasable","17":"product-type-simple"},"_links":{"self":[{"href":"https:\/\/roveyayinevi.com.tr\/index.php\/wp-json\/wp\/v2\/product\/724930","targetHints":{"allow":["GET"]}}],"collection":[{"href":"https:\/\/roveyayinevi.com.tr\/index.php\/wp-json\/wp\/v2\/product"}],"about":[{"href":"https:\/\/roveyayinevi.com.tr\/index.php\/wp-json\/wp\/v2\/types\/product"}],"wp:attachment":[{"href":"https:\/\/roveyayinevi.com.tr\/index.php\/wp-json\/wp\/v2\/media?parent=724930"}],"wp:term":[{"taxonomy":"product_brand","embeddable":true,"href":"https:\/\/roveyayinevi.com.tr\/index.php\/wp-json\/wp\/v2\/product_brand?post=724930"},{"taxonomy":"product_cat","embeddable":true,"href":"https:\/\/roveyayinevi.com.tr\/index.php\/wp-json\/wp\/v2\/product_cat?post=724930"},{"taxonomy":"product_tag","embeddable":true,"href":"https:\/\/roveyayinevi.com.tr\/index.php\/wp-json\/wp\/v2\/product_tag?post=724930"}],"curies":[{"name":"wp","href":"https:\/\/api.w.org\/{rel}","templated":true}]}}