{"id":724929,"date":"2025-08-27T19:41:48","date_gmt":"2025-08-27T16:41:48","guid":{"rendered":"https:\/\/roveyayinevi.com.tr\/index.php\/urun\/mecburiyet-4\/"},"modified":"2026-04-16T02:32:47","modified_gmt":"2026-04-15T23:32:47","slug":"mecburiyet-4","status":"publish","type":"product","link":"https:\/\/roveyayinevi.com.tr\/index.php\/urun\/mecburiyet-4\/","title":{"rendered":"Mecburiyet"},"content":{"rendered":"<p>Ressam Ferdinand anavatan\u0131 Almanya\u2019n\u0131n cehenneme d\u00f6nd\u00fc\u011f\u00fc bir sava\u015f d\u00f6neminde \u00fclke-sinden ayr\u0131l\u0131p \u0130svi\u00e7re\u2019ye yerle\u015fir. Sava\u015f\u0131n y\u00fcre\u011finde b\u0131rakt\u0131\u011f\u0131 yaralar\u0131n etkisinden ve kor-kular\u0131ndan hen\u00fcz kurtulamam\u0131\u015ft\u0131r. Sakin g\u00fcnlerini e\u015fiyle birlikte bir g\u00f6le bakan evlerinde resim yaparak ge\u00e7irmekte ve etraf\u0131n\u0131 saran \u00f6zg\u00fcrl\u00fck havas\u0131n\u0131 i\u00e7ine \u00e7ekmektedir. Fakat t\u00fcm hayat\u0131, nedensiz yere erken uyand\u0131\u011f\u0131 bir g\u00fcn\u00fcn sabah\u0131nda ona gelen mektupla alt\u00fcst olur. Bir yandan masum insanlar\u0131 \u00f6l\u00fcme g\u00f6nderen bir makine olarak g\u00f6rd\u00fc\u011f\u00fc anavatan\u0131n\u0131n, bir yandan onu kaybetmek istemeyen e\u015finin, di\u011fer yandan da kendi i\u00e7 karga\u015fas\u0131n\u0131n bask\u0131s\u0131 alt\u0131nda ezilen Ferdinand b\u00fcy\u00fck bir panik ve hezeyan i\u00e7inde bir mecburiyete do\u011fru \u00e7ekildi-\u011fini hissetmektedir. Peki, kurtulu\u015f var m\u0131d\u0131r? \u0130nsanlar\u0131n \u00f6zg\u00fcr iradelerini ellerinden hi\u00e7 ac\u0131madan \u00e7ekip alan bu makineye kar\u015f\u0131 zafer kazanmak m\u00fcmk\u00fcn olacak m\u0131d\u0131r?\u00c7aresizli\u011fin, insan\u0131n kendi i\u00e7indeki m\u00fccadelesinin ve ayn\u0131 zamanda umudun \u00e7arp\u0131c\u0131 bir hik\u00e2yesi olan Mecburiyet, II. D\u00fcnya Sava\u015f\u0131\u2019nda ya\u015fanan korkun\u00e7luklar kar\u015f\u0131s\u0131nda b\u00fcy\u00fck bir h\u00fczne kap\u0131l\u0131p e\u015fiyle g\u00f6n\u00fcll\u00fc \u00f6l\u00fcm\u00fc tercih eden Zweig\u2019\u0131n zihnine belki de yak\u0131ndan bir bak\u0131\u015f sunuyor bizlere.<\/p>\n","protected":false},"excerpt":{"rendered":"<p>Ressam Ferdinand anavatan\u0131 Almanya\u2019n\u0131n cehenneme d\u00f6nd\u00fc\u011f\u00fc bir sava\u015f d\u00f6neminde \u00fclke-sinden ayr\u0131l\u0131p \u0130svi\u00e7re\u2019ye yerle\u015fir. Sava\u015f\u0131n y\u00fcre\u011finde b\u0131rakt\u0131\u011f\u0131 yaralar\u0131n etkisinden ve kor-kular\u0131ndan hen\u00fcz kurtulamam\u0131\u015ft\u0131r. Sakin g\u00fcnlerini e\u015fiyle birlikte<span class=\"excerpt-hellip\"> [\u2026]<\/span><\/p>\n","protected":false},"featured_media":0,"template":"","meta":{"_monsterinsights_skip_tracking":false,"_monsterinsights_sitenote_active":false,"_monsterinsights_sitenote_note":"","_monsterinsights_sitenote_category":0},"product_brand":[],"product_cat":[12291,12711],"product_tag":[],"class_list":{"0":"post-724929","1":"product","2":"type-product","3":"status-publish","5":"product_cat-edebiyat","6":"product_cat-roman-oyku","7":"pa_cilt-ciltsiz","8":"pa_tur-kitap","9":"pa_yayinevi-dogu-bati-yayinlari","10":"pa_yazar-stefan-zweig","12":"first","13":"instock","14":"sale","15":"shipping-taxable","16":"purchasable","17":"product-type-simple"},"_links":{"self":[{"href":"https:\/\/roveyayinevi.com.tr\/index.php\/wp-json\/wp\/v2\/product\/724929","targetHints":{"allow":["GET"]}}],"collection":[{"href":"https:\/\/roveyayinevi.com.tr\/index.php\/wp-json\/wp\/v2\/product"}],"about":[{"href":"https:\/\/roveyayinevi.com.tr\/index.php\/wp-json\/wp\/v2\/types\/product"}],"wp:attachment":[{"href":"https:\/\/roveyayinevi.com.tr\/index.php\/wp-json\/wp\/v2\/media?parent=724929"}],"wp:term":[{"taxonomy":"product_brand","embeddable":true,"href":"https:\/\/roveyayinevi.com.tr\/index.php\/wp-json\/wp\/v2\/product_brand?post=724929"},{"taxonomy":"product_cat","embeddable":true,"href":"https:\/\/roveyayinevi.com.tr\/index.php\/wp-json\/wp\/v2\/product_cat?post=724929"},{"taxonomy":"product_tag","embeddable":true,"href":"https:\/\/roveyayinevi.com.tr\/index.php\/wp-json\/wp\/v2\/product_tag?post=724929"}],"curies":[{"name":"wp","href":"https:\/\/api.w.org\/{rel}","templated":true}]}}