{"id":724928,"date":"2025-08-27T19:41:47","date_gmt":"2025-08-27T16:41:47","guid":{"rendered":"https:\/\/roveyayinevi.com.tr\/index.php\/urun\/dusuncelerimizin-tutsagiyiz\/"},"modified":"2026-04-16T02:32:47","modified_gmt":"2026-04-15T23:32:47","slug":"dusuncelerimizin-tutsagiyiz","status":"publish","type":"product","link":"https:\/\/roveyayinevi.com.tr\/index.php\/urun\/dusuncelerimizin-tutsagiyiz\/","title":{"rendered":"D\u00fc\u015f\u00fcncelerimizin Tutsa\u011f\u0131y\u0131z"},"content":{"rendered":"<p>D\u00fcnyaca \u00fcnl\u00fc psikiyatrist Viktor Frankl\u2019\u0131n \u0130nsan\u0131n Anlam Aray\u0131\u015f\u0131 kitab\u0131, modern zamanlar\u0131n en \u00f6nemli kitaplar\u0131ndan biridir. Frankl\u2019\u0131n, Nazi Toplama Kamplar\u0131\u2019n\u0131n korkun\u00e7 ortam\u0131nda ya\u015fad\u0131\u011f\u0131 anlam bulma \u00e7abalar\u0131n\u0131 yans\u0131tan s\u0131rad\u0131\u015f\u0131 hayat hik\u00e2yesi milyonlarca insana ilham kayna\u011f\u0131 olmu\u015ftur. Frankl, ya\u015fad\u0131\u011f\u0131m\u0131z olaylara kar\u015f\u0131 verece\u011fimiz tepkiyi, tak\u0131naca\u011f\u0131m\u0131z tavr\u0131 se\u00e7me \u00f6zg\u00fcrl\u00fc\u011f\u00fcn\u00fcn her zaman elimizde oldu\u011funu, d\u00fc\u015f\u00fcncelerimizin tutsa\u011f\u0131 olmam\u0131za gerek olmad\u0131\u011f\u0131n\u0131 g\u00f6stermi\u015ftir. Dr. Alex Pattakos, D\u00fc\u015f\u00fcncelerimizin Tutsa\u011f\u0131y\u0131z kitab\u0131n\u0131 yazmaya Frankl taraf\u0131ndan te\u015fvik edilmi\u015ftir. Bu kitapta \u00f6yk\u00fcler, pratik egzersizler, uygulamalar ve yazarlar\u0131n bilimsel \u00e7al\u0131\u015fmalar\u0131ndan baz\u0131 i\u00e7g\u00f6r\u00fcler bulacaks\u0131n\u0131z.<\/p>\n","protected":false},"excerpt":{"rendered":"<p>D\u00fcnyaca \u00fcnl\u00fc psikiyatrist Viktor Frankl\u2019\u0131n \u0130nsan\u0131n Anlam Aray\u0131\u015f\u0131 kitab\u0131, modern zamanlar\u0131n en \u00f6nemli kitaplar\u0131ndan biridir. Frankl\u2019\u0131n, Nazi Toplama Kamplar\u0131\u2019n\u0131n korkun\u00e7 ortam\u0131nda ya\u015fad\u0131\u011f\u0131 anlam bulma \u00e7abalar\u0131n\u0131 yans\u0131tan<span class=\"excerpt-hellip\"> [\u2026]<\/span><\/p>\n","protected":false},"featured_media":0,"template":"","meta":{"_monsterinsights_skip_tracking":false,"_monsterinsights_sitenote_active":false,"_monsterinsights_sitenote_note":"","_monsterinsights_sitenote_category":0},"product_brand":[],"product_cat":[12358,12357],"product_tag":[],"class_list":{"0":"post-724928","1":"product","2":"type-product","3":"status-publish","5":"product_cat-genel-psikoloji","6":"product_cat-psikoloji","7":"pa_cilt-ciltsiz","8":"pa_tur-kitap","9":"pa_yayinevi-sola-unitas","10":"pa_yazar-alex-pattakos-elaine-dundon","12":"first","13":"instock","14":"sale","15":"shipping-taxable","16":"purchasable","17":"product-type-simple"},"_links":{"self":[{"href":"https:\/\/roveyayinevi.com.tr\/index.php\/wp-json\/wp\/v2\/product\/724928","targetHints":{"allow":["GET"]}}],"collection":[{"href":"https:\/\/roveyayinevi.com.tr\/index.php\/wp-json\/wp\/v2\/product"}],"about":[{"href":"https:\/\/roveyayinevi.com.tr\/index.php\/wp-json\/wp\/v2\/types\/product"}],"wp:attachment":[{"href":"https:\/\/roveyayinevi.com.tr\/index.php\/wp-json\/wp\/v2\/media?parent=724928"}],"wp:term":[{"taxonomy":"product_brand","embeddable":true,"href":"https:\/\/roveyayinevi.com.tr\/index.php\/wp-json\/wp\/v2\/product_brand?post=724928"},{"taxonomy":"product_cat","embeddable":true,"href":"https:\/\/roveyayinevi.com.tr\/index.php\/wp-json\/wp\/v2\/product_cat?post=724928"},{"taxonomy":"product_tag","embeddable":true,"href":"https:\/\/roveyayinevi.com.tr\/index.php\/wp-json\/wp\/v2\/product_tag?post=724928"}],"curies":[{"name":"wp","href":"https:\/\/api.w.org\/{rel}","templated":true}]}}