{"id":724927,"date":"2025-08-27T19:41:46","date_gmt":"2025-08-27T16:41:46","guid":{"rendered":"https:\/\/roveyayinevi.com.tr\/index.php\/urun\/ay-hanim\/"},"modified":"2026-04-16T02:32:47","modified_gmt":"2026-04-15T23:32:47","slug":"ay-hanim","status":"publish","type":"product","link":"https:\/\/roveyayinevi.com.tr\/index.php\/urun\/ay-hanim\/","title":{"rendered":"Ay Han&#8217;\u0131m"},"content":{"rendered":"<p>Misli Baydo\u011fan\u2019\u0131n yazd\u0131\u011f\u0131 ve on alt\u0131 hik\u00e2yenin yer ald\u0131\u011f\u0131 Ay Han\u2019\u0131m kitab\u0131, kimi yak\u0131n kimi daha uzak tarihte kalm\u0131\u015f \u00e7e\u015fitli T\u00fcrkl\u00fck h\u00e2llerine yak\u0131ndan \u015fahitlik ettirmeyi vaat ediyor. Yo\u011fun bir i\u00e7 g\u00f6zlem s\u00fcrecinin s\u00f6ze d\u00f6k\u00fcl\u00fc\u015f\u00fc olarak kar\u015f\u0131m\u0131za \u00e7\u0131kan bu hik\u00e2yelerde, b\u00fct\u00fcn zamanlarda ayn\u0131 kalan insanl\u0131k h\u00e2llerini, hatta \u00e2deta kendimizi okuyoruz. Kimi ger\u00e7ek kimi kurgu karakterlerin nefes al\u0131\u015fveri\u015flerini duyacak kadar yanlar\u0131na sokulup, onlarla birlikte kendi da\u011farc\u0131\u011f\u0131m\u0131zdaki k\u00f6k\u00fc en derinlerdeki duygular\u0131m\u0131zla y\u00fcz y\u00fcze geliyoruz. Karanl\u0131\u011f\u0131n ard\u0131ndan gelecek \u0131\u015f\u0131\u011f\u0131, k\u00f6t\u00fcl\u00fc\u011f\u00fcn i\u00e7indeki iyili\u011fi, insan var olduk\u00e7a yery\u00fcz\u00fcn\u00fcn her zerresinde sakl\u0131 kalacak umudu hissederek hakikate bir de edebiyat aynas\u0131ndan bak\u0131yoruz.Harfleri giyinmeyi denedim; s\u00f6zleri, notalar\u0131 ve a\u011fa\u00e7 kovuklar\u0131n\u0131 da\u2026 S\u0131\u011famad\u0131m. \u00c2dem\u2019in suretini ta\u015f\u0131yamad\u0131m. Ate\u015fin k\u00fcl\u00fcn\u00fc sevmedim, suyun girdab\u0131n\u0131\u2026 Yel olup essem tozu dumandan se\u00e7emedim, kaya olup ufalsam k\u00f6kte hapsolan \u00f6z\u00fcmden ayr\u0131lamad\u0131m\u2026 D\u00fcnya bir zahirse, bir b\u00e2t\u0131nd\u0131r. D\u00fcnyan\u0131n d\u00f6n\u00fc\u015f\u00fcne uyamad\u0131m. Zahirde aynas\u0131z, b\u00e2t\u0131nda soluksuz kald\u0131m.\u201d<\/p>\n","protected":false},"excerpt":{"rendered":"<p>Misli Baydo\u011fan\u2019\u0131n yazd\u0131\u011f\u0131 ve on alt\u0131 hik\u00e2yenin yer ald\u0131\u011f\u0131 Ay Han\u2019\u0131m kitab\u0131, kimi yak\u0131n kimi daha uzak tarihte kalm\u0131\u015f \u00e7e\u015fitli T\u00fcrkl\u00fck h\u00e2llerine yak\u0131ndan \u015fahitlik ettirmeyi vaat<span class=\"excerpt-hellip\"> [\u2026]<\/span><\/p>\n","protected":false},"featured_media":0,"template":"","meta":{"_monsterinsights_skip_tracking":false,"_monsterinsights_sitenote_active":false,"_monsterinsights_sitenote_note":"","_monsterinsights_sitenote_category":0},"product_brand":[],"product_cat":[12291,18202],"product_tag":[],"class_list":{"0":"post-724927","1":"product","2":"type-product","3":"status-publish","5":"product_cat-edebiyat","6":"product_cat-hikaye","7":"pa_cilt-ciltsiz","8":"pa_tur-kitap","9":"pa_yayinevi-otuken-nesriyat","10":"pa_yazar-misli-baydogan","12":"first","13":"instock","14":"sale","15":"shipping-taxable","16":"purchasable","17":"product-type-simple"},"_links":{"self":[{"href":"https:\/\/roveyayinevi.com.tr\/index.php\/wp-json\/wp\/v2\/product\/724927","targetHints":{"allow":["GET"]}}],"collection":[{"href":"https:\/\/roveyayinevi.com.tr\/index.php\/wp-json\/wp\/v2\/product"}],"about":[{"href":"https:\/\/roveyayinevi.com.tr\/index.php\/wp-json\/wp\/v2\/types\/product"}],"wp:attachment":[{"href":"https:\/\/roveyayinevi.com.tr\/index.php\/wp-json\/wp\/v2\/media?parent=724927"}],"wp:term":[{"taxonomy":"product_brand","embeddable":true,"href":"https:\/\/roveyayinevi.com.tr\/index.php\/wp-json\/wp\/v2\/product_brand?post=724927"},{"taxonomy":"product_cat","embeddable":true,"href":"https:\/\/roveyayinevi.com.tr\/index.php\/wp-json\/wp\/v2\/product_cat?post=724927"},{"taxonomy":"product_tag","embeddable":true,"href":"https:\/\/roveyayinevi.com.tr\/index.php\/wp-json\/wp\/v2\/product_tag?post=724927"}],"curies":[{"name":"wp","href":"https:\/\/api.w.org\/{rel}","templated":true}]}}