{"id":724925,"date":"2025-08-27T19:41:45","date_gmt":"2025-08-27T16:41:45","guid":{"rendered":"https:\/\/roveyayinevi.com.tr\/index.php\/urun\/bizi-ayiran-her-sey\/"},"modified":"2026-04-16T02:32:47","modified_gmt":"2026-04-15T23:32:47","slug":"bizi-ayiran-her-sey","status":"publish","type":"product","link":"https:\/\/roveyayinevi.com.tr\/index.php\/urun\/bizi-ayiran-her-sey\/","title":{"rendered":"Bizi Ay\u0131ran Her \u015eey"},"content":{"rendered":"<p>Sarah ile Eddie\u2019nin aras\u0131nda tan\u0131\u015f\u0131r tan\u0131\u015fmaz bir ba\u011f kurulmu\u015ftu. Sanki y\u0131llard\u0131r kavu\u015fmak i\u00e7in bekliyorlard\u0131 vehayat onlar i\u00e7in yeni ba\u015flam\u0131\u015ft\u0131. O y\u00fczden Eddie uzun zaman \u00f6nce planlanm\u0131\u015f bir tatil i\u00e7in yola \u00e7\u0131k\u0131p da onuhavaalan\u0131ndan arayaca\u011f\u0131na s\u00f6z verdi\u011finde, Sarah\u2019n\u0131n ku\u015fkulanmak i\u00e7in hi\u00e7bir sebebi yoktu. Fakat Eddiearamad\u0131.Herkes Eddie\u2019yi unutmas\u0131 gerekti\u011fini s\u00f6ylese de Sarah onu akl\u0131ndan \u00e7\u0131karam\u0131yordu. Bir \u015feyler oldu\u011fundanemindi. Bir a\u00e7\u0131klamas\u0131 olmal\u0131yd\u0131. Dakikalar, g\u00fcnler, haftalar ge\u00e7erken Sarah\u2019n\u0131n endi\u015feleri de giderekart\u0131yordu. Derken, hakl\u0131 oldu\u011funu anlad\u0131. Eddie\u2019nin ortadan kaybolmas\u0131n\u0131n bir nedeni vard\u0131 ve bu neden,payla\u015fmad\u0131klar\u0131 tek \u015feyle ilgiliydi: Ger\u00e7ekle.\u201cKe\u015fke hi\u00e7 bitmeseydi.\u201d \u2014Liane Moriarty\u201cBizi Ay\u0131ran Her \u015eey kaderin g\u00fcc\u00fcn\u00fc g\u00f6steren m\u00fckemmel bir ilk roman.\u201d \u2014Booklist (starred review)\u201cWalsh insan\u0131 derinden etkileyen bir a\u015fk hik\u00e2yesine bir tutam merak uyand\u0131r\u0131c\u0131 gizem ve bir par\u00e7a ac\u0131 katm\u0131\u015f.\u201d\u2014Kirkus\u201cKuvvetli diyaloglar ve Eddie\u2019nin kaybolu\u015funun ard\u0131ndaki gizem olduk\u00e7a tatmin edici.\u201d \u2014New York Times\u201cKimlik, haf\u0131za, umut ve sevdiklerimizi bulmak i\u00e7in a\u015faca\u011f\u0131m\u0131z yollara dair g\u00fczel ve dokunakl\u0131 bir roman.\u201d \u2014Bustle\u201cBirka\u00e7 \u00e7arp\u0131c\u0131 ters k\u00f6\u015fe ve ilgi \u00e7ekici bir gizemle harmanlanm\u0131\u015f romantik bir macera olan Bizi Ay\u0131ran Her \u015eeyba\u011f\u0131ml\u0131l\u0131k yaratacak.\u201d \u2014BookPage\u201cBa\u015fa d\u00f6n\u00fcp yeniden okuma iste\u011fi uyand\u0131racak.\u201d \u2014Library Journal\u201cBu k\u0131r\u0131k a\u015fk hik\u00e2yesi, ters k\u00f6\u015felerden ho\u015flanan okurlar\u0131 memnun edecek.\u201d \u2014Publishers Weekly\u201cWalsh, Ruth Ware tarz\u0131 bir hik\u00e2ye ak\u0131\u015f\u0131yla Bridget Jonesvari karakterleri bir araya getirerek havai fi\u015feklerlesona eren bir gizem yaratm\u0131\u015f.\u201d \u2014Martha Stewart Living\u201cBitirmek i\u00e7in gece 2\u2019ye kadar uyan\u0131k kald\u0131m! Bay\u0131ld\u0131m!\u201d \u2014Sophie Hannah\u201cM\u00fcthi\u015f. \u00c2\u015f\u0131k olunacak karakterleriyle etkileyici ve insan\u0131n kendinden bir \u015feyler bulaca\u011f\u0131 bir roman.Al\u0131nacaklar listesine ekleyin.\u201d \u2014Clare Mackintosh\u201cBizi Ay\u0131ran Her \u015eey girift bir yapboz-roman. O son dokunakl\u0131 sat\u0131ra dek soluksuz okudum.\u201d \u2014Jill Santopolo\u201cWalsh \u00e7ok g\u00fc\u00e7l\u00fc karakterler ve m\u00fcthi\u015f bir s\u0131cakl\u0131k yaratm\u0131\u015f. A\u015fk ve \u00f6zleyi\u015fler hakk\u0131nda yazma bi\u00e7imi \u00f6yleg\u00fczel ki&#8230;\u201d \u2014Jane Green\u201cG\u00f6r\u00fcp g\u00f6rebilece\u011finiz en \u00e7arp\u0131c\u0131 ters k\u00f6\u015feyle m\u00fckemmel bir a\u015fk hik\u00e2yesi.\u201d \u2014Eve C<\/p>\n","protected":false},"excerpt":{"rendered":"<p>Sarah ile Eddie\u2019nin aras\u0131nda tan\u0131\u015f\u0131r tan\u0131\u015fmaz bir ba\u011f kurulmu\u015ftu. Sanki y\u0131llard\u0131r kavu\u015fmak i\u00e7in bekliyorlard\u0131 vehayat onlar i\u00e7in yeni ba\u015flam\u0131\u015ft\u0131. O y\u00fczden Eddie uzun zaman \u00f6nce planlanm\u0131\u015f<span class=\"excerpt-hellip\"> [\u2026]<\/span><\/p>\n","protected":false},"featured_media":0,"template":"","meta":{"_monsterinsights_skip_tracking":false,"_monsterinsights_sitenote_active":false,"_monsterinsights_sitenote_note":"","_monsterinsights_sitenote_category":0},"product_brand":[],"product_cat":[14643,12291],"product_tag":[],"class_list":{"0":"post-724925","1":"product","2":"type-product","3":"status-publish","5":"product_cat-ask","6":"product_cat-edebiyat","7":"pa_cilt-ciltsiz","8":"pa_tur-kitap","9":"pa_yayinevi-yabanci-yayinevi","10":"pa_yazar-rosie-walsh","12":"first","13":"instock","14":"sale","15":"shipping-taxable","16":"purchasable","17":"product-type-simple"},"_links":{"self":[{"href":"https:\/\/roveyayinevi.com.tr\/index.php\/wp-json\/wp\/v2\/product\/724925","targetHints":{"allow":["GET"]}}],"collection":[{"href":"https:\/\/roveyayinevi.com.tr\/index.php\/wp-json\/wp\/v2\/product"}],"about":[{"href":"https:\/\/roveyayinevi.com.tr\/index.php\/wp-json\/wp\/v2\/types\/product"}],"wp:attachment":[{"href":"https:\/\/roveyayinevi.com.tr\/index.php\/wp-json\/wp\/v2\/media?parent=724925"}],"wp:term":[{"taxonomy":"product_brand","embeddable":true,"href":"https:\/\/roveyayinevi.com.tr\/index.php\/wp-json\/wp\/v2\/product_brand?post=724925"},{"taxonomy":"product_cat","embeddable":true,"href":"https:\/\/roveyayinevi.com.tr\/index.php\/wp-json\/wp\/v2\/product_cat?post=724925"},{"taxonomy":"product_tag","embeddable":true,"href":"https:\/\/roveyayinevi.com.tr\/index.php\/wp-json\/wp\/v2\/product_tag?post=724925"}],"curies":[{"name":"wp","href":"https:\/\/api.w.org\/{rel}","templated":true}]}}