{"id":724923,"date":"2025-08-27T19:41:43","date_gmt":"2025-08-27T16:41:43","guid":{"rendered":"https:\/\/roveyayinevi.com.tr\/index.php\/urun\/kent\/"},"modified":"2026-04-16T02:32:47","modified_gmt":"2026-04-15T23:32:47","slug":"kent","status":"publish","type":"product","link":"https:\/\/roveyayinevi.com.tr\/index.php\/urun\/kent\/","title":{"rendered":"Kent"},"content":{"rendered":"<p>\u201cBilimkurgu okumak demek Simak okumak demektir. Simak\u2019\u0131n \u00f6yk\u00fclerini sevmeyenler, bilimkurgu sevdiklerini s\u00f6yleyemezler.\u201d \u2013Robert A. Heinlein ULUSLARARASI FANTAZ\u0130 \u00d6D\u00dcL\u00dc \u201cAte\u015fler g\u00fcrleyip r\u00fczg\u00e2r kuzeyden esti\u011finde k\u00f6peklerin anlatt\u0131\u011f\u0131 \u00f6yk\u00fclerdir bunlar\u2026\u201d Onu di\u011fer bir\u00e7ok bilimkurgu yazar\u0131ndan ay\u0131ran pastoral, nazik bir \u00fcsluba sahip olan Clifford D. Simak, bilimkurgunun alt\u0131n \u00e7a\u011f\u0131n\u0131n \u00fcretti\u011fi ilk \u00fcstatlardan biri. Simak\u2019\u0131n en \u015f\u00f6hretli kitaplar\u0131ndan olan ve birbirine ba\u011fl\u0131 \u00f6yk\u00fclerden olu\u015fan Kent ise yazar\u0131n fikir d\u00fcnyas\u0131n\u0131 en kapsaml\u0131 \u015fekilde ortaya koyan eseri. Milyonlarca y\u0131l gelecekte, K\u00f6pek toplumu, \u0130nsan denen mitolojik bir yarat\u0131k hakk\u0131ndaki \u00f6yk\u00fclere sahiptir. K\u00f6pekler, robot hizmetk\u00e2rlar\u0131yla beraber do\u011fayla i\u00e7 i\u00e7e, bar\u0131\u015f\u00e7\u0131l bir hayat s\u00fcrmektedir. Kent ve sava\u015f gibi \u015feyleri akla hayale s\u0131\u011fmaz kavramlar olarak g\u00f6r\u00fcrler. \u0130nsanlar, birer masal kahraman\u0131d\u0131r onlar i\u00e7in. Ucuz atom enerjisi yayg\u0131nla\u015fm\u0131\u015f, topraks\u0131z tar\u0131m geleneksel tar\u0131m\u0131n yerini alm\u0131\u015f, herkesin sahip olabilece\u011fi ki\u015fisel helikopter ve u\u00e7aklar sayesinde uzak mesafe diye bir \u015fey kalmam\u0131\u015ft\u0131r. \u0130nsanlar\u0131n toplu halde ya\u015famas\u0131n\u0131 gerektiren t\u00fcm unsurlar ortadan kalkt\u0131\u011f\u0131ndan kentler bo\u015falmaya ba\u015flam\u0131\u015ft\u0131r. \u00d6n\u00fcndeki engelleri bir bir y\u0131kan \u0130nsanl\u0131k, yeni ufuklara a\u00e7\u0131lmaya haz\u0131rd\u0131r art\u0131k. T\u00fcm bu geli\u015fmelerin merkezinde ise insanl\u0131k tarihinde kilit bir rol oynayacak Webster ailesi bulunmaktad\u0131r. Webster ailesinin bireylerinin hik\u00e2yeleri, \u00e7ok uzun bir zaman boyunca anlat\u0131lmaya devam edecektir. Kent, gelece\u011fin efsanelere d\u00f6n\u00fc\u015fm\u00fc\u015f hali.<\/p>\n","protected":false},"excerpt":{"rendered":"<p>\u201cBilimkurgu okumak demek Simak okumak demektir. Simak\u2019\u0131n \u00f6yk\u00fclerini sevmeyenler, bilimkurgu sevdiklerini s\u00f6yleyemezler.\u201d \u2013Robert A. Heinlein ULUSLARARASI FANTAZ\u0130 \u00d6D\u00dcL\u00dc \u201cAte\u015fler g\u00fcrleyip r\u00fczg\u00e2r kuzeyden esti\u011finde k\u00f6peklerin anlatt\u0131\u011f\u0131 \u00f6yk\u00fclerdir<span class=\"excerpt-hellip\"> [\u2026]<\/span><\/p>\n","protected":false},"featured_media":0,"template":"","meta":{"_monsterinsights_skip_tracking":false,"_monsterinsights_sitenote_active":false,"_monsterinsights_sitenote_note":"","_monsterinsights_sitenote_category":0},"product_brand":[],"product_cat":[12540,12291],"product_tag":[],"class_list":{"0":"post-724923","1":"product","2":"type-product","3":"status-publish","5":"product_cat-bilim-kurgu","6":"product_cat-edebiyat","7":"pa_cilt-ciltsiz","8":"pa_tur-kitap","9":"pa_yayinevi-ithaki-yayinlari","10":"pa_yazar-clifford-d-simak","12":"first","13":"instock","14":"sale","15":"shipping-taxable","16":"purchasable","17":"product-type-simple"},"_links":{"self":[{"href":"https:\/\/roveyayinevi.com.tr\/index.php\/wp-json\/wp\/v2\/product\/724923","targetHints":{"allow":["GET"]}}],"collection":[{"href":"https:\/\/roveyayinevi.com.tr\/index.php\/wp-json\/wp\/v2\/product"}],"about":[{"href":"https:\/\/roveyayinevi.com.tr\/index.php\/wp-json\/wp\/v2\/types\/product"}],"wp:attachment":[{"href":"https:\/\/roveyayinevi.com.tr\/index.php\/wp-json\/wp\/v2\/media?parent=724923"}],"wp:term":[{"taxonomy":"product_brand","embeddable":true,"href":"https:\/\/roveyayinevi.com.tr\/index.php\/wp-json\/wp\/v2\/product_brand?post=724923"},{"taxonomy":"product_cat","embeddable":true,"href":"https:\/\/roveyayinevi.com.tr\/index.php\/wp-json\/wp\/v2\/product_cat?post=724923"},{"taxonomy":"product_tag","embeddable":true,"href":"https:\/\/roveyayinevi.com.tr\/index.php\/wp-json\/wp\/v2\/product_tag?post=724923"}],"curies":[{"name":"wp","href":"https:\/\/api.w.org\/{rel}","templated":true}]}}