{"id":724921,"date":"2025-08-27T19:41:41","date_gmt":"2025-08-27T16:41:41","guid":{"rendered":"https:\/\/roveyayinevi.com.tr\/index.php\/urun\/komadan-notlar\/"},"modified":"2026-04-16T02:32:47","modified_gmt":"2026-04-15T23:32:47","slug":"komadan-notlar","status":"publish","type":"product","link":"https:\/\/roveyayinevi.com.tr\/index.php\/urun\/komadan-notlar\/","title":{"rendered":"Komadan Notlar"},"content":{"rendered":"<p>JJ O\u2019Malley yaln\u0131z ya\u015fayan bir baban\u0131n yetimhaneden evlat edinilmi\u015f tek o\u011fludur. \u0130rlanda\u2019da k\u00fc\u00e7\u00fck, k\u0131rsal bir b\u00f6lgede sorunlu bir \u00e7ocukluk ge\u00e7irerek b\u00fcy\u00fcyen JJ, en yak\u0131n arkada\u015f\u0131n\u0131 kaybettikten sonra \u201cSomnos Projesi\u201dnin deneklerinden biri olmaya karar verir. Proje gelecekte AB hapishaneleri i\u00e7in bir f\u0131rsat olu\u015fturaca\u011f\u0131 d\u00fc\u015f\u00fcn\u00fclen, \u00fc\u00e7 ayl\u0131\u011f\u0131na derin komaya sokma y\u00f6ntemi \u00fczerine \u00e7al\u0131\u015fmalar\u0131 i\u00e7ermektedir.Bir\u00e7ok edebiyat \u00f6d\u00fcl\u00fcne sahip, bilimkurgu yazar\u0131 Mike McCormack, yedi y\u0131lda tamamlad\u0131\u011f\u0131 roman\u0131 Komadan Notlar\u2019\u0131 s\u0131ra d\u0131\u015f\u0131 bir \u015fekilde kulland\u0131\u011f\u0131 dipnotlar sayesinde i\u00e7 i\u00e7e ge\u00e7mi\u015f sarmal bir \u00f6rg\u00fcyle in\u015fa ediyor. Sarmal\u0131n bir ucunda, roman\u0131n ba\u015f kahraman\u0131 JJ O\u2019Malley\u2019nin hik\u00e2yesi, onu yak\u0131ndan tan\u0131yan be\u015f \u00f6nemli karakterin s\u00f6yledikleriyle anlat\u0131l\u0131yor. Koma \u00f6ncesi olanlar\u0131 bu k\u0131sa notlar sayesinde \u00f6\u011freniyoruz. Sarmal\u0131n di\u011fer ucunda ise hik\u00e2yeyle paralel y\u00fcr\u00fcyen dipnotlardan olu\u015fan \u201cOlay Ufku\u201d  yer al\u0131yor. Dipnotlar sayesinde bir anda i\u00e7inde bulundu\u011funuz \u00e2na d\u00f6n\u00fcp deneyin so\u011fuk ger\u00e7ekleri ile y\u00fczle\u015fmeniz m\u00fcmk\u00fcn. Psikolojik kurgu roman\u0131 Komadan Notlar sayesinde JJ ile \u201cbeyin \u00e7\u00fcr\u00fctme meditasyonu\u201dna haz\u0131r m\u0131s\u0131n\u0131z? <\/p>\n","protected":false},"excerpt":{"rendered":"<p>JJ O\u2019Malley yaln\u0131z ya\u015fayan bir baban\u0131n yetimhaneden evlat edinilmi\u015f tek o\u011fludur. \u0130rlanda\u2019da k\u00fc\u00e7\u00fck, k\u0131rsal bir b\u00f6lgede sorunlu bir \u00e7ocukluk ge\u00e7irerek b\u00fcy\u00fcyen JJ, en yak\u0131n arkada\u015f\u0131n\u0131 kaybettikten<span class=\"excerpt-hellip\"> [\u2026]<\/span><\/p>\n","protected":false},"featured_media":0,"template":"","meta":{"_monsterinsights_skip_tracking":false,"_monsterinsights_sitenote_active":false,"_monsterinsights_sitenote_note":"","_monsterinsights_sitenote_category":0},"product_brand":[],"product_cat":[12540,12291],"product_tag":[],"class_list":{"0":"post-724921","1":"product","2":"type-product","3":"status-publish","5":"product_cat-bilim-kurgu","6":"product_cat-edebiyat","7":"pa_cilt-ciltsiz","8":"pa_tur-kitap","9":"pa_yayinevi-ayrinti-yayinlari","10":"pa_yazar-mike-mccormack","12":"first","13":"instock","14":"sale","15":"shipping-taxable","16":"purchasable","17":"product-type-simple"},"_links":{"self":[{"href":"https:\/\/roveyayinevi.com.tr\/index.php\/wp-json\/wp\/v2\/product\/724921","targetHints":{"allow":["GET"]}}],"collection":[{"href":"https:\/\/roveyayinevi.com.tr\/index.php\/wp-json\/wp\/v2\/product"}],"about":[{"href":"https:\/\/roveyayinevi.com.tr\/index.php\/wp-json\/wp\/v2\/types\/product"}],"wp:attachment":[{"href":"https:\/\/roveyayinevi.com.tr\/index.php\/wp-json\/wp\/v2\/media?parent=724921"}],"wp:term":[{"taxonomy":"product_brand","embeddable":true,"href":"https:\/\/roveyayinevi.com.tr\/index.php\/wp-json\/wp\/v2\/product_brand?post=724921"},{"taxonomy":"product_cat","embeddable":true,"href":"https:\/\/roveyayinevi.com.tr\/index.php\/wp-json\/wp\/v2\/product_cat?post=724921"},{"taxonomy":"product_tag","embeddable":true,"href":"https:\/\/roveyayinevi.com.tr\/index.php\/wp-json\/wp\/v2\/product_tag?post=724921"}],"curies":[{"name":"wp","href":"https:\/\/api.w.org\/{rel}","templated":true}]}}