{"id":724919,"date":"2025-08-27T19:41:39","date_gmt":"2025-08-27T16:41:39","guid":{"rendered":"https:\/\/roveyayinevi.com.tr\/index.php\/urun\/gumus-guvercin\/"},"modified":"2026-04-16T02:32:47","modified_gmt":"2026-04-15T23:32:47","slug":"gumus-guvercin","status":"publish","type":"product","link":"https:\/\/roveyayinevi.com.tr\/index.php\/urun\/gumus-guvercin\/","title":{"rendered":"G\u00fcm\u00fc\u015f G\u00fcvercin"},"content":{"rendered":"<p>Andrey Bel\u0131y\u2019\u0131n Rusya tarihinin felsefesi \u00fczerine tasarlad\u0131\u011f\u0131 epik \u00fc\u00e7lemenin ilki olan bu roman\u0131nda, Do\u011fu\u2019nun ok\u00fclt (gizlicilik) g\u00fc\u00e7leriyle ku\u015fat\u0131lm\u0131\u015f bir ki\u015filikten yola \u00e7\u0131karak, Rusya\u2019n\u0131n Do\u011fu ve Bat\u0131 aras\u0131ndaki konumu ele al\u0131n\u0131yor.Olaylar Rusya\u2019n\u0131n bir k\u00f6y\u00fcnde ge\u00e7er. Roman\u0131n ba\u015fki\u015fisi Daryalski Bat\u0131 ve antik k\u00fclt\u00fcr\u00fc \u00f6z\u00fcmsemi\u015f, ok\u00fclt \u00f6\u011fretisiyle tan\u0131\u015fm\u0131\u015f, ama yeni bir ger\u00e7ekli\u011fin pe\u015finde ko\u015fan tatminsiz gen\u00e7 bir ayd\u0131nd\u0131r. Sonunda kenti terk edip bir k\u00f6yde yazl\u0131k bir ev kiralar. \u201cG\u00fcvercinler\u201d adl\u0131 mistik bir tarikat\u0131n \u00fcyesi olan k\u00f6yl\u00fclerle tan\u0131\u015f\u0131r ve onlara kat\u0131larak k\u00f6ye yerle\u015fir. Halkla kayna\u015fmaya ve derinliklerine girmeye \u00e7al\u0131\u015farak k\u00f6y ya\u015fam tarz\u0131 s\u00fcrmeye ba\u015flar. K\u00f6yl\u00fclerin esrimeye varan tutkulu mistisizmi ve tarikat \u00fcyesi bir kad\u0131nla ya\u015fad\u0131\u011f\u0131 a\u015fk onu burga\u00e7 gibi i\u00e7ine \u00e7eker. Do\u011fu ile Bat\u0131 aras\u0131nda gidip gelen Daryalski kat\u0131ld\u0131\u011f\u0131 tarikat\u0131n Rusya de\u011fil, Do\u011fu\u2019nun karanl\u0131k u\u00e7urumu oldu\u011funu \u00e7ok ge\u00e7 de olsa anlar ve kurtulmak i\u00e7in bu Rus k\u00f6y\u00fcn\u00fcn karanl\u0131k, ok\u00fclt g\u00fc\u00e7leriyle umutsuz bir m\u00fccadeleye girer.Roman \u201cRusya\u2019n\u0131n kurtulu\u015fu nerededir, Do\u011fu\u2019da m\u0131, Bat\u0131\u2019da m\u0131?\u201d geleneksel sorusuna bir yan\u0131t denemesidir.<\/p>\n","protected":false},"excerpt":{"rendered":"<p>Andrey Bel\u0131y\u2019\u0131n Rusya tarihinin felsefesi \u00fczerine tasarlad\u0131\u011f\u0131 epik \u00fc\u00e7lemenin ilki olan bu roman\u0131nda, Do\u011fu\u2019nun ok\u00fclt (gizlicilik) g\u00fc\u00e7leriyle ku\u015fat\u0131lm\u0131\u015f bir ki\u015filikten yola \u00e7\u0131karak, Rusya\u2019n\u0131n Do\u011fu ve Bat\u0131<span class=\"excerpt-hellip\"> [\u2026]<\/span><\/p>\n","protected":false},"featured_media":0,"template":"","meta":{"_monsterinsights_skip_tracking":false,"_monsterinsights_sitenote_active":false,"_monsterinsights_sitenote_note":"","_monsterinsights_sitenote_category":0},"product_brand":[],"product_cat":[12291,13570],"product_tag":[],"class_list":{"0":"post-724919","1":"product","2":"type-product","3":"status-publish","5":"product_cat-edebiyat","6":"product_cat-rus-edebiyati","7":"pa_cilt-ciltsiz","8":"pa_tur-kitap","9":"pa_yayinevi-yapi-kredi-yayinlari","10":"pa_yazar-andrey-beliy","12":"first","13":"instock","14":"sale","15":"shipping-taxable","16":"purchasable","17":"product-type-simple"},"_links":{"self":[{"href":"https:\/\/roveyayinevi.com.tr\/index.php\/wp-json\/wp\/v2\/product\/724919","targetHints":{"allow":["GET"]}}],"collection":[{"href":"https:\/\/roveyayinevi.com.tr\/index.php\/wp-json\/wp\/v2\/product"}],"about":[{"href":"https:\/\/roveyayinevi.com.tr\/index.php\/wp-json\/wp\/v2\/types\/product"}],"wp:attachment":[{"href":"https:\/\/roveyayinevi.com.tr\/index.php\/wp-json\/wp\/v2\/media?parent=724919"}],"wp:term":[{"taxonomy":"product_brand","embeddable":true,"href":"https:\/\/roveyayinevi.com.tr\/index.php\/wp-json\/wp\/v2\/product_brand?post=724919"},{"taxonomy":"product_cat","embeddable":true,"href":"https:\/\/roveyayinevi.com.tr\/index.php\/wp-json\/wp\/v2\/product_cat?post=724919"},{"taxonomy":"product_tag","embeddable":true,"href":"https:\/\/roveyayinevi.com.tr\/index.php\/wp-json\/wp\/v2\/product_tag?post=724919"}],"curies":[{"name":"wp","href":"https:\/\/api.w.org\/{rel}","templated":true}]}}