{"id":724917,"date":"2025-08-27T19:41:37","date_gmt":"2025-08-27T16:41:37","guid":{"rendered":"https:\/\/roveyayinevi.com.tr\/index.php\/urun\/sveti-stefan-bulgar-kilisesi\/"},"modified":"2026-04-16T02:32:47","modified_gmt":"2026-04-15T23:32:47","slug":"sveti-stefan-bulgar-kilisesi","status":"publish","type":"product","link":"https:\/\/roveyayinevi.com.tr\/index.php\/urun\/sveti-stefan-bulgar-kilisesi\/","title":{"rendered":"Sveti Stefan Bulgar Kilisesi"},"content":{"rendered":"<p>\u0130stanbul&#8230; Hali\u00e7&#8230; Fener\u2019den Balat\u2019a giden sahil yolu&#8230; Viz\u00f6rde 19. y\u00fczy\u0131l\u0131n sonlar\u0131nda prefabrike olarak Viyana\u2019da \u00fcretilmi\u015f bir bina&#8230; Ba\u015ftan a\u015fa\u011f\u0131 demirden in\u015fa edilmi\u015f bir kilise&#8230; 1453\u2019ten bu yana, eskiden mevcut olanlar\u0131n d\u0131\u015f\u0131nda, &#8220;yeni&#8221; az\u0131nl\u0131k ibadethanelerinin in\u015fas\u0131 yasa\u011f\u0131n\u0131 beklenmedik bir &#8220;\u00e7al\u0131m&#8221;la a\u015fmay\u0131 ba\u015farm\u0131\u015f bir inan\u00e7 evi&#8230; Sveti Stefan: &#8220;Potada eritilememi\u015f&#8221; bir k\u00fclt\u00fcr an\u0131t\u0131&#8230;<\/p>\n","protected":false},"excerpt":{"rendered":"<p>\u0130stanbul&#8230; Hali\u00e7&#8230; Fener\u2019den Balat\u2019a giden sahil yolu&#8230; Viz\u00f6rde 19. y\u00fczy\u0131l\u0131n sonlar\u0131nda prefabrike olarak Viyana\u2019da \u00fcretilmi\u015f bir bina&#8230; Ba\u015ftan a\u015fa\u011f\u0131 demirden in\u015fa edilmi\u015f bir kilise&#8230; 1453\u2019ten bu<span class=\"excerpt-hellip\"> [\u2026]<\/span><\/p>\n","protected":false},"featured_media":0,"template":"","meta":{"_monsterinsights_skip_tracking":false,"_monsterinsights_sitenote_active":false,"_monsterinsights_sitenote_note":"","_monsterinsights_sitenote_category":0},"product_brand":[],"product_cat":[13512,12408],"product_tag":[],"class_list":{"0":"post-724917","1":"product","2":"type-product","3":"status-publish","5":"product_cat-mimarlik","6":"product_cat-sanat","7":"pa_cilt-ciltsiz","8":"pa_tur-kitap","9":"pa_yayinevi-yapi-kredi-yayinlari","10":"pa_yazar-hasan-kuruyazici-mete-tapan","12":"first","13":"instock","14":"sale","15":"shipping-taxable","16":"purchasable","17":"product-type-simple"},"_links":{"self":[{"href":"https:\/\/roveyayinevi.com.tr\/index.php\/wp-json\/wp\/v2\/product\/724917","targetHints":{"allow":["GET"]}}],"collection":[{"href":"https:\/\/roveyayinevi.com.tr\/index.php\/wp-json\/wp\/v2\/product"}],"about":[{"href":"https:\/\/roveyayinevi.com.tr\/index.php\/wp-json\/wp\/v2\/types\/product"}],"wp:attachment":[{"href":"https:\/\/roveyayinevi.com.tr\/index.php\/wp-json\/wp\/v2\/media?parent=724917"}],"wp:term":[{"taxonomy":"product_brand","embeddable":true,"href":"https:\/\/roveyayinevi.com.tr\/index.php\/wp-json\/wp\/v2\/product_brand?post=724917"},{"taxonomy":"product_cat","embeddable":true,"href":"https:\/\/roveyayinevi.com.tr\/index.php\/wp-json\/wp\/v2\/product_cat?post=724917"},{"taxonomy":"product_tag","embeddable":true,"href":"https:\/\/roveyayinevi.com.tr\/index.php\/wp-json\/wp\/v2\/product_tag?post=724917"}],"curies":[{"name":"wp","href":"https:\/\/api.w.org\/{rel}","templated":true}]}}