{"id":724912,"date":"2025-08-27T19:41:32","date_gmt":"2025-08-27T16:41:32","guid":{"rendered":"https:\/\/roveyayinevi.com.tr\/index.php\/urun\/guncelin-cagrisi\/"},"modified":"2025-11-21T06:07:16","modified_gmt":"2025-11-21T03:07:16","slug":"guncelin-cagrisi","status":"publish","type":"product","link":"https:\/\/roveyayinevi.com.tr\/index.php\/urun\/guncelin-cagrisi\/","title":{"rendered":"G\u00fcncelin \u00c7a\u011fr\u0131s\u0131"},"content":{"rendered":"<p>B\u00fct\u00fcn d\u00fc\u015f\u00fcnd\u00fcklerimizi yazabilir, akl\u0131m\u0131zdan her ge\u00e7eni s\u00f6yleyebilir miyiz? Kendimize saklad\u0131\u011f\u0131m\u0131z gizli ve \u00f6zel d\u00fcnya, ger\u00e7eklerin ka\u00e7ta ka\u00e7\u0131n\u0131n \u00f6rt\u00fcs\u00fcd\u00fcr? D\u0131\u015f\u0131m\u0131zdaki sans\u00fcrden s\u00f6z ederiz de kendi kendimizi sans\u00fcr\u00fc bir t\u00fcrl\u00fc bilin\u00e7alt\u0131ndan bilince \u00e7\u0131karmay\u0131z.Kitaplar Kitab\u0131 ve Sakl\u0131 Su adl\u0131 yap\u0131tlar\u0131n\u0131 yay\u0131mlad\u0131\u011f\u0131m\u0131z ele\u015ftirmen Do\u011fan H\u0131zlan\u2019\u0131n \u201cg\u00fcncelin \u00e7a\u011fr\u0131s\u0131\u201dna kulak vererek yazd\u0131\u011f\u0131 denemeler.Klasik m\u00fczikten hayvan haklar\u0131na, \u00f6zel radyolardan bestseller\u2019lara pek \u00e7ok konuda, \u201cbelle\u011fin ihanetine raz\u0131 olmayan\u201d bir ya\u015fama k\u00fclt\u00fcr\u00fc ustas\u0131n\u0131n kaleminden \u00e7\u0131km\u0131\u015f yaz\u0131lar.Ama ba\u015fk\u00f6\u015fede edebiyat, hep edebiyat!<\/p>\n","protected":false},"excerpt":{"rendered":"<p>B\u00fct\u00fcn d\u00fc\u015f\u00fcnd\u00fcklerimizi yazabilir, akl\u0131m\u0131zdan her ge\u00e7eni s\u00f6yleyebilir miyiz? Kendimize saklad\u0131\u011f\u0131m\u0131z gizli ve \u00f6zel d\u00fcnya, ger\u00e7eklerin ka\u00e7ta ka\u00e7\u0131n\u0131n \u00f6rt\u00fcs\u00fcd\u00fcr? D\u0131\u015f\u0131m\u0131zdaki sans\u00fcrden s\u00f6z ederiz de kendi kendimizi sans\u00fcr\u00fc<span class=\"excerpt-hellip\"> [\u2026]<\/span><\/p>\n","protected":false},"featured_media":0,"template":"","meta":{"_monsterinsights_skip_tracking":false,"_monsterinsights_sitenote_active":false,"_monsterinsights_sitenote_note":"","_monsterinsights_sitenote_category":0},"product_brand":[],"product_cat":[12777,12291],"product_tag":[],"class_list":{"0":"post-724912","1":"product","2":"type-product","3":"status-publish","5":"product_cat-deneme","6":"product_cat-edebiyat","7":"pa_cilt-ciltli","8":"pa_tur-kitap","9":"pa_yayinevi-yapi-kredi-yayinlari","10":"pa_yazar-dogan-hizlan","12":"first","13":"instock","14":"sale","15":"shipping-taxable","16":"purchasable","17":"product-type-simple"},"_links":{"self":[{"href":"https:\/\/roveyayinevi.com.tr\/index.php\/wp-json\/wp\/v2\/product\/724912","targetHints":{"allow":["GET"]}}],"collection":[{"href":"https:\/\/roveyayinevi.com.tr\/index.php\/wp-json\/wp\/v2\/product"}],"about":[{"href":"https:\/\/roveyayinevi.com.tr\/index.php\/wp-json\/wp\/v2\/types\/product"}],"wp:attachment":[{"href":"https:\/\/roveyayinevi.com.tr\/index.php\/wp-json\/wp\/v2\/media?parent=724912"}],"wp:term":[{"taxonomy":"product_brand","embeddable":true,"href":"https:\/\/roveyayinevi.com.tr\/index.php\/wp-json\/wp\/v2\/product_brand?post=724912"},{"taxonomy":"product_cat","embeddable":true,"href":"https:\/\/roveyayinevi.com.tr\/index.php\/wp-json\/wp\/v2\/product_cat?post=724912"},{"taxonomy":"product_tag","embeddable":true,"href":"https:\/\/roveyayinevi.com.tr\/index.php\/wp-json\/wp\/v2\/product_tag?post=724912"}],"curies":[{"name":"wp","href":"https:\/\/api.w.org\/{rel}","templated":true}]}}