{"id":724905,"date":"2025-08-27T19:41:27","date_gmt":"2025-08-27T16:41:27","guid":{"rendered":"https:\/\/roveyayinevi.com.tr\/index.php\/urun\/dunyadan-fisiltilar\/"},"modified":"2026-04-16T02:32:47","modified_gmt":"2026-04-15T23:32:47","slug":"dunyadan-fisiltilar","status":"publish","type":"product","link":"https:\/\/roveyayinevi.com.tr\/index.php\/urun\/dunyadan-fisiltilar\/","title":{"rendered":"D\u00fcnya\u2019dan F\u0131s\u0131lt\u0131lar"},"content":{"rendered":"<p>1977 y\u0131l\u0131nda y\u0131ld\u0131zlara Voyager 1 ve Voyager 2 adlar\u0131nda, iki tane karde\u015f uzay arac\u0131 g\u00f6nderildi. G\u00f6revleri J\u00fcpiter\u2019den Uran\u00fcs\u2019e kadar d\u0131\u015f G\u00fcne\u015f sistemini ayr\u0131nt\u0131l\u0131 olarak incelemek ve bir ya\u015fam izi aramak i\u00e7in G\u00fcne\u015f sisteminin d\u0131\u015f\u0131na, y\u0131ld\u0131zlara do\u011fru yola \u00e7\u0131kmakt\u0131. Her iki ara\u00e7 da G\u00fcne\u015f sistemindeki g\u00f6revini tamamlad\u0131ktan sonra Voyager 1 A\u011fustos 2012\u2019de, Voyager 2 ise Kas\u0131m 2018\u2019de y\u0131ld\u0131zlararas\u0131 seyahatine ba\u015flad\u0131.Carl Sagan ve ekibi taraf\u0131ndan uzay\u0131n uzak bir noktas\u0131nda, uzak bir zamanda Voyager uzay ara\u00e7lar\u0131na rastlayabilecek olas\u0131 D\u00fcnya d\u0131\u015f\u0131 ya\u015famlar i\u00e7in ara\u00e7lar\u0131n g\u00f6vdesine alt\u0131n kaplamal\u0131 bir plak yerle\u015ftirildi. Her bir pla\u011fa gezegenimizin ve medeniyetimizin \u00e7e\u015fitli foto\u011fraflar\u0131, m\u00fczi\u011fi ve \u00e7e\u015fitli dillerde selamlama mesaj\u0131 kaydedildi.Voyager, binlerce y\u0131l sonra pla\u011f\u0131 okumay\u0131 ba\u015farabilecek zeki ya\u015famlar ile kar\u015f\u0131la\u015f\u0131rsa, bir zamanlar D\u00fcnya ad\u0131nda bir gezegenden ve insan denilen canl\u0131lardan gelen bu selam\u0131 onlara iletecek. \u0130nsanl\u0131k ise var oldu\u011fu s\u00fcrece bu selama kar\u015f\u0131l\u0131k bir yan\u0131t bekleyecek.D\u00fcnya\u2019dan F\u0131s\u0131lt\u0131lar, D\u00fcnya\u2019dan, yani bizlerden \u201cOnlar\u2019a\u201d g\u00f6nderilen bu dostane selam\u0131n i\u00e7eri\u011fini, amac\u0131n\u0131 ve haz\u0131rlan\u0131\u015f a\u015famalar\u0131n\u0131 anlatan, s\u00fcreci ekibin her \u00fcyesinin kaleminden aktaran bir anlat\u0131..<\/p>\n","protected":false},"excerpt":{"rendered":"<p>1977 y\u0131l\u0131nda y\u0131ld\u0131zlara Voyager 1 ve Voyager 2 adlar\u0131nda, iki tane karde\u015f uzay arac\u0131 g\u00f6nderildi. G\u00f6revleri J\u00fcpiter\u2019den Uran\u00fcs\u2019e kadar d\u0131\u015f G\u00fcne\u015f sistemini ayr\u0131nt\u0131l\u0131 olarak incelemek ve<span class=\"excerpt-hellip\"> [\u2026]<\/span><\/p>\n","protected":false},"featured_media":0,"template":"","meta":{"_monsterinsights_skip_tracking":false,"_monsterinsights_sitenote_active":false,"_monsterinsights_sitenote_note":"","_monsterinsights_sitenote_category":0},"product_brand":[],"product_cat":[13005,13006],"product_tag":[],"class_list":{"0":"post-724905","1":"product","2":"type-product","3":"status-publish","5":"product_cat-bilim-muhendislik","6":"product_cat-populer-bilim","7":"pa_cilt-ciltsiz","8":"pa_tur-kitap","9":"pa_yayinevi-say-yayinlari","10":"pa_yazar-carl-sagan","12":"first","13":"instock","14":"sale","15":"shipping-taxable","16":"purchasable","17":"product-type-simple"},"_links":{"self":[{"href":"https:\/\/roveyayinevi.com.tr\/index.php\/wp-json\/wp\/v2\/product\/724905","targetHints":{"allow":["GET"]}}],"collection":[{"href":"https:\/\/roveyayinevi.com.tr\/index.php\/wp-json\/wp\/v2\/product"}],"about":[{"href":"https:\/\/roveyayinevi.com.tr\/index.php\/wp-json\/wp\/v2\/types\/product"}],"wp:attachment":[{"href":"https:\/\/roveyayinevi.com.tr\/index.php\/wp-json\/wp\/v2\/media?parent=724905"}],"wp:term":[{"taxonomy":"product_brand","embeddable":true,"href":"https:\/\/roveyayinevi.com.tr\/index.php\/wp-json\/wp\/v2\/product_brand?post=724905"},{"taxonomy":"product_cat","embeddable":true,"href":"https:\/\/roveyayinevi.com.tr\/index.php\/wp-json\/wp\/v2\/product_cat?post=724905"},{"taxonomy":"product_tag","embeddable":true,"href":"https:\/\/roveyayinevi.com.tr\/index.php\/wp-json\/wp\/v2\/product_tag?post=724905"}],"curies":[{"name":"wp","href":"https:\/\/api.w.org\/{rel}","templated":true}]}}