{"id":724902,"date":"2025-08-27T19:41:24","date_gmt":"2025-08-27T16:41:24","guid":{"rendered":"https:\/\/roveyayinevi.com.tr\/index.php\/urun\/ayla\/"},"modified":"2026-04-16T02:32:47","modified_gmt":"2026-04-15T23:32:47","slug":"ayla","status":"publish","type":"product","link":"https:\/\/roveyayinevi.com.tr\/index.php\/urun\/ayla\/","title":{"rendered":"Ayla"},"content":{"rendered":"<p>Ben k\u00fc\u00e7\u00fck bir k\u0131z \u00e7ocu\u011fuyken; yaln\u0131z kalmaktan, sevdiklerimi kaybetmekten korktum.Mutlu olup \u00e7ok g\u00fcld\u00fc\u011f\u00fcmde, ba\u015f\u0131ma bir \u015fey gelmesinden korktum.Hep g\u00fc\u00e7l\u00fc bir k\u0131z oldum, ba\u015f\u0131m\u0131 kimsenin ok\u015famas\u0131na izin vermedim. H\u00e2lbuki sevdiklerimle birlikte ge\u00e7en mutlu bir hayat\u0131 d\u00fc\u015flerken, bunu hak etmedi\u011fimi fark ettim ve \u201can\u201dlar hayat\u0131mdan ak\u0131p gittiler.Bug\u00fcn ge\u00e7mi\u015fi geri getiremem, bunun fark\u0131nday\u0131m. Bununla birlikte \u00f6\u011frendi\u011fim bir \u015fey var: Hayat\u0131 as\u0131l sahibine teslim etmek, asl\u0131nda \u201can\u201dlar\u0131 \u00f6zg\u00fcrce ya\u015famakm\u0131\u015f.\u015eimdi g\u00f6zlerimi kapatt\u0131\u011f\u0131mda, sessizli\u011fin sesini dinleyip yan\u0131mda varl\u0131n\u0131 hissetti\u011fim k\u00fc\u00e7\u00fck k\u0131z\u0131n ba\u015f\u0131n\u0131 ok\u015fuyorum. Ona g\u00fcl\u00fcms\u00fcyorum, g\u00f6zlerine bak\u0131p;  \u201cSeni seviyorum, sen de\u011ferlisin g\u00fczel k\u0131z.\u201d  diyerek s\u0131k\u0131ca sar\u0131l\u0131yorum. \u201cSen bunu hak ediyorsun Ayla\u2026\u201d<\/p>\n","protected":false},"excerpt":{"rendered":"<p>Ben k\u00fc\u00e7\u00fck bir k\u0131z \u00e7ocu\u011fuyken; yaln\u0131z kalmaktan, sevdiklerimi kaybetmekten korktum.Mutlu olup \u00e7ok g\u00fcld\u00fc\u011f\u00fcmde, ba\u015f\u0131ma bir \u015fey gelmesinden korktum.Hep g\u00fc\u00e7l\u00fc bir k\u0131z oldum, ba\u015f\u0131m\u0131 kimsenin ok\u015famas\u0131na izin<span class=\"excerpt-hellip\"> [\u2026]<\/span><\/p>\n","protected":false},"featured_media":0,"template":"","meta":{"_monsterinsights_skip_tracking":false,"_monsterinsights_sitenote_active":false,"_monsterinsights_sitenote_note":"","_monsterinsights_sitenote_category":0},"product_brand":[],"product_cat":[12291,12711],"product_tag":[],"class_list":{"0":"post-724902","1":"product","2":"type-product","3":"status-publish","5":"product_cat-edebiyat","6":"product_cat-roman-oyku","7":"pa_cilt-ciltsiz","8":"pa_tur-kitap","9":"pa_yayinevi-cinaralti-yayinlari","10":"pa_yazar-aysun-arifoglu-tekin","12":"first","13":"instock","14":"sale","15":"shipping-taxable","16":"purchasable","17":"product-type-simple"},"_links":{"self":[{"href":"https:\/\/roveyayinevi.com.tr\/index.php\/wp-json\/wp\/v2\/product\/724902","targetHints":{"allow":["GET"]}}],"collection":[{"href":"https:\/\/roveyayinevi.com.tr\/index.php\/wp-json\/wp\/v2\/product"}],"about":[{"href":"https:\/\/roveyayinevi.com.tr\/index.php\/wp-json\/wp\/v2\/types\/product"}],"wp:attachment":[{"href":"https:\/\/roveyayinevi.com.tr\/index.php\/wp-json\/wp\/v2\/media?parent=724902"}],"wp:term":[{"taxonomy":"product_brand","embeddable":true,"href":"https:\/\/roveyayinevi.com.tr\/index.php\/wp-json\/wp\/v2\/product_brand?post=724902"},{"taxonomy":"product_cat","embeddable":true,"href":"https:\/\/roveyayinevi.com.tr\/index.php\/wp-json\/wp\/v2\/product_cat?post=724902"},{"taxonomy":"product_tag","embeddable":true,"href":"https:\/\/roveyayinevi.com.tr\/index.php\/wp-json\/wp\/v2\/product_tag?post=724902"}],"curies":[{"name":"wp","href":"https:\/\/api.w.org\/{rel}","templated":true}]}}