{"id":724901,"date":"2025-08-27T19:41:23","date_gmt":"2025-08-27T16:41:23","guid":{"rendered":"https:\/\/roveyayinevi.com.tr\/index.php\/urun\/padisah-analari\/"},"modified":"2026-04-16T02:32:47","modified_gmt":"2026-04-15T23:32:47","slug":"padisah-analari","status":"publish","type":"product","link":"https:\/\/roveyayinevi.com.tr\/index.php\/urun\/padisah-analari\/","title":{"rendered":"Padi\u015fah Analar\u0131"},"content":{"rendered":"<p>D\u00fcnyan\u0131n hemen her devrinde zordu kad\u0131n olmak. Kral k\u0131z\u0131 ya da padi\u015fah k\u0131z\u0131 sultan olmak\u2026Bey k\u0131z\u0131 olmak ya da h\u00fcr bir asilzade olmak\u2026 Ya da bir k\u00f6le olmak\u2026Padi\u015fah annesi, Osmanl\u0131 \u0130mparatorlu\u011funda saray\u0131n en az padi\u015fah kadar s\u00f6z sahibi olan hanedan \u00fcyesidir. Padi\u015fah e\u015fleri, o\u011fullar\u0131 tahta ge\u00e7ti\u011finde g\u00fc\u00e7lerinin zirvesine ula\u015fm\u0131\u015flar, o\u011fullar\u0131 cihan\u0131 idare ederken Valide Sultanlar da cihan imparatorunun haremini idare edip sarayda dirlik ve d\u00fczenini sa\u011flam\u0131\u015flard\u0131r.Di\u011fer taraftan \u201cValide Sultan\u201d, hanedan \u00fcyelerinin vak\u0131f defterlerini, saray cariyelerinin hay\u0131r hasenat i\u015flerini tanzim etmi\u015fler, vak\u0131f gelirlerini in\u015fa ettirdikleri eser ve k\u00fclliyelere harcam\u0131\u015flard\u0131r.Son d\u00f6nemlerde tarihe olan ilgi ve bu alandaki \u00e7al\u0131\u015fmalar\u0131n yo\u011funla\u015fmas\u0131yla \u00f6zellikle padi\u015fah e\u015fleri ve valide sultanlar ile alakal\u0131 yay\u0131nlar \u00e7o\u011falm\u0131\u015f, bu alanda yap\u0131lan \u00e7al\u0131\u015fmalar artm\u0131\u015ft\u0131r. \u00c7o\u011fu zaman bu \u00e7al\u0131\u015fmalarda d\u00fcnyaya h\u00fckmeden bir imparatorlu\u011fun \u015fanl\u0131 padi\u015fahlar\u0131n\u0131 yeti\u015ftiren annelerin nas\u0131l birer m\u00fcnevver M\u00fcsl\u00fcman olduklar\u0131, ana dillerini unutacak kadar kendilerini nas\u0131l bu milletten sayd\u0131klar\u0131, saray hayat\u0131 i\u00e7erisindeki ya\u015fant\u0131lar\u0131, hay\u0131r hasenatta nas\u0131l birbirleriyle yar\u0131\u015ft\u0131klar\u0131, in\u015fa ettirmi\u015f olduklar\u0131 k\u00fclliyeleri nas\u0131l y\u00fczy\u0131llarca ayakta tutulabilecek dehaya sahip olduklar\u0131 daima g\u00f6z ard\u0131 edilmi\u015ftir.Osmanl\u0131 ar\u015fivlerinde yer alan ve eserde sizlere sunaca\u011f\u0131m\u0131z belgelerden de anla\u015f\u0131laca\u011f\u0131 \u00fczere vakfiyeler, f\u0131tra defterleri, nameler, emirler bizlere valide sultanlar\u0131n ki\u015filikleri ve yapt\u0131klar\u0131 hakk\u0131nda pek \u00e7ok ipucu vermekte, ger\u00e7e\u011fin pe\u015finde ko\u015fanlar i\u00e7in b\u00fcy\u00fck kaynak olu\u015fturmaktad\u0131r.Uzun ara\u015ft\u0131rmalar neticesinde ortaya \u00e7\u0131kan bu \u00e7al\u0131\u015fma, 6 as\u0131r h\u00fck\u00fcm s\u00fcren Osmanl\u0131 \u0130mparatorlu\u011funun padi\u015fahlar\u0131n\u0131n \u201cValide Sultan\u201dlar\u0131na dair bilinmeyenleri ortaya koyan, yanl\u0131\u015f bilgileri d\u00fczelten bir \u00e7al\u0131\u015fmad\u0131r.<\/p>\n","protected":false},"excerpt":{"rendered":"<p>D\u00fcnyan\u0131n hemen her devrinde zordu kad\u0131n olmak. Kral k\u0131z\u0131 ya da padi\u015fah k\u0131z\u0131 sultan olmak\u2026Bey k\u0131z\u0131 olmak ya da h\u00fcr bir asilzade olmak\u2026 Ya da bir<span class=\"excerpt-hellip\"> [\u2026]<\/span><\/p>\n","protected":false},"featured_media":0,"template":"","meta":{"_monsterinsights_skip_tracking":false,"_monsterinsights_sitenote_active":false,"_monsterinsights_sitenote_note":"","_monsterinsights_sitenote_category":0},"product_brand":[],"product_cat":[13517,12304],"product_tag":[],"class_list":{"0":"post-724901","1":"product","2":"type-product","3":"status-publish","5":"product_cat-osmanli-tarihi","6":"product_cat-tarih","7":"pa_cilt-ciltsiz","8":"pa_tur-kitap","9":"pa_yayinevi-cinaralti-yayinlari","10":"pa_yazar-nermin-taylan","12":"first","13":"instock","14":"sale","15":"shipping-taxable","16":"purchasable","17":"product-type-simple"},"_links":{"self":[{"href":"https:\/\/roveyayinevi.com.tr\/index.php\/wp-json\/wp\/v2\/product\/724901","targetHints":{"allow":["GET"]}}],"collection":[{"href":"https:\/\/roveyayinevi.com.tr\/index.php\/wp-json\/wp\/v2\/product"}],"about":[{"href":"https:\/\/roveyayinevi.com.tr\/index.php\/wp-json\/wp\/v2\/types\/product"}],"wp:attachment":[{"href":"https:\/\/roveyayinevi.com.tr\/index.php\/wp-json\/wp\/v2\/media?parent=724901"}],"wp:term":[{"taxonomy":"product_brand","embeddable":true,"href":"https:\/\/roveyayinevi.com.tr\/index.php\/wp-json\/wp\/v2\/product_brand?post=724901"},{"taxonomy":"product_cat","embeddable":true,"href":"https:\/\/roveyayinevi.com.tr\/index.php\/wp-json\/wp\/v2\/product_cat?post=724901"},{"taxonomy":"product_tag","embeddable":true,"href":"https:\/\/roveyayinevi.com.tr\/index.php\/wp-json\/wp\/v2\/product_tag?post=724901"}],"curies":[{"name":"wp","href":"https:\/\/api.w.org\/{rel}","templated":true}]}}