{"id":724900,"date":"2025-08-27T19:41:22","date_gmt":"2025-08-27T16:41:22","guid":{"rendered":"https:\/\/roveyayinevi.com.tr\/index.php\/urun\/devlet-icin-devlete-ragmen\/"},"modified":"2026-04-16T02:32:47","modified_gmt":"2026-04-15T23:32:47","slug":"devlet-icin-devlete-ragmen","status":"publish","type":"product","link":"https:\/\/roveyayinevi.com.tr\/index.php\/urun\/devlet-icin-devlete-ragmen\/","title":{"rendered":"Devlet \u0130\u00e7in Devlete Ra\u011fmen"},"content":{"rendered":"<p>* T\u00fcrkiye\u2019de Siyonist derin devlet yap\u0131lanmas\u0131 var m\u0131? \u201cDevlet \u0130\u00e7in Devlete Ra\u011fmen\u2019\u2019 \u00f6rg\u00fctlenmesi i\u00e7inde kimler var? * T\u00fcrkiye\u2019de 5 bin metrenin alt\u0131nda petrol denizi mi var? T\u00fcrkiye\u2019yi aralar\u0131nda payla\u015fan \u00fc\u00e7 petrol tr\u00f6st\u00fc hangileri?* E\u011fitim sistemimizi CIA mi yapt\u0131? Zihnimizi formatlay\u0131p analitik d\u00fc\u015f\u00fcnemeyen nesiller mi in\u015fa ettiler?* Gizlenen Lozan Antla\u015fmalar\u0131 var m\u0131? Hangi protokollerle y\u0131llarca ipotekli ya\u015fad\u0131k?* \u015eeyh Said \u0130ngiliz ajan\u0131 m\u0131yd\u0131? Yoksa provokasyona m\u0131 u\u011frad\u0131? \u0130n\u00f6n\u00fc, hakikati niye saklad\u0131?* T\u00fcrkiye, gizli ev kiliselerle ku\u015fat\u0131l\u0131yor mu? Zenci ve Koreli kiliselerimiz var m\u0131?* Uluslararas\u0131 organ mafyas\u0131n\u0131n pazar\u0131 sokak \u00e7ocuklar\u0131 m\u0131? \u00c7e\u00e7enistan\u2019da cesetler niye parayla geri al\u0131n\u0131yor?* Hitler\u2019in akrabalar\u0131 Tel Aviv\u2019de mi ya\u015f\u0131yor? Y\u0131llarca mason Thule locas\u0131n\u0131n i\u015fledi\u011fi \u201cdeli bir onba\u015f\u0131ya\u201d m\u0131 inand\u0131k? Bu ve daha nice sorunun cevab\u0131 elinizdeki bu ara\u015ft\u0131rmada\u2026<\/p>\n","protected":false},"excerpt":{"rendered":"<p>* T\u00fcrkiye\u2019de Siyonist derin devlet yap\u0131lanmas\u0131 var m\u0131? \u201cDevlet \u0130\u00e7in Devlete Ra\u011fmen\u2019\u2019 \u00f6rg\u00fctlenmesi i\u00e7inde kimler var? * T\u00fcrkiye\u2019de 5 bin metrenin alt\u0131nda petrol denizi mi var?<span class=\"excerpt-hellip\"> [\u2026]<\/span><\/p>\n","protected":false},"featured_media":0,"template":"","meta":{"_monsterinsights_skip_tracking":false,"_monsterinsights_sitenote_active":false,"_monsterinsights_sitenote_note":"","_monsterinsights_sitenote_category":0},"product_brand":[],"product_cat":[13590,12337],"product_tag":[],"class_list":{"0":"post-724900","1":"product","2":"type-product","3":"status-publish","5":"product_cat-arastirma-inceleme-politika-siyaset","6":"product_cat-politika-siyaset","7":"pa_cilt-ciltsiz","8":"pa_tur-kitap","9":"pa_yayinevi-cinaralti-yayinlari","10":"pa_yazar-hakan-yilmaz-cebi","12":"first","13":"instock","14":"sale","15":"shipping-taxable","16":"purchasable","17":"product-type-simple"},"_links":{"self":[{"href":"https:\/\/roveyayinevi.com.tr\/index.php\/wp-json\/wp\/v2\/product\/724900","targetHints":{"allow":["GET"]}}],"collection":[{"href":"https:\/\/roveyayinevi.com.tr\/index.php\/wp-json\/wp\/v2\/product"}],"about":[{"href":"https:\/\/roveyayinevi.com.tr\/index.php\/wp-json\/wp\/v2\/types\/product"}],"wp:attachment":[{"href":"https:\/\/roveyayinevi.com.tr\/index.php\/wp-json\/wp\/v2\/media?parent=724900"}],"wp:term":[{"taxonomy":"product_brand","embeddable":true,"href":"https:\/\/roveyayinevi.com.tr\/index.php\/wp-json\/wp\/v2\/product_brand?post=724900"},{"taxonomy":"product_cat","embeddable":true,"href":"https:\/\/roveyayinevi.com.tr\/index.php\/wp-json\/wp\/v2\/product_cat?post=724900"},{"taxonomy":"product_tag","embeddable":true,"href":"https:\/\/roveyayinevi.com.tr\/index.php\/wp-json\/wp\/v2\/product_tag?post=724900"}],"curies":[{"name":"wp","href":"https:\/\/api.w.org\/{rel}","templated":true}]}}