{"id":724897,"date":"2025-08-27T19:41:20","date_gmt":"2025-08-27T16:41:20","guid":{"rendered":"https:\/\/roveyayinevi.com.tr\/index.php\/urun\/yeraltinin-sakli-hazineleri\/"},"modified":"2026-04-16T02:32:47","modified_gmt":"2026-04-15T23:32:47","slug":"yeraltinin-sakli-hazineleri","status":"publish","type":"product","link":"https:\/\/roveyayinevi.com.tr\/index.php\/urun\/yeraltinin-sakli-hazineleri\/","title":{"rendered":"Yeralt\u0131n\u0131n Sakl\u0131 Hazineleri"},"content":{"rendered":"<p>Hepimiz de\u011fi\u015fik vesilelerle farkl\u0131 b\u00f6lgelere, en az\u0131ndan memleketine senede bir kez de olsa giden insanlar\u0131z. \u0130yi bir g\u00f6zlemci; \u00e7evresinde g\u00f6rd\u00fc\u011f\u00fc de\u011fi\u015fik obje, kaya, \u015fekil, i\u015faret, sembol, rakam veya harf gibi \u015feylere dikkat eder. Genelde dere kenarlar\u0131, yol \u00e7ataklar\u0131, de\u011firmenler, ibadethaneler, su kuyular\u0131 ve \u00f6nemli mekanlar definelerin izleridir. Buralardaki \u00e7e\u015fitli insan ve hayvan suretine benzer kayalar, ilgin\u00e7 bitki yap\u0131lar\u0131 defineyle ilgili i\u015faretler olup sanki hedefe ad\u0131m ad\u0131m yakla\u015ft\u0131ran trafik levhalar\u0131d\u0131rDi\u011fer taraftan, yer isimlerini dikkate alarak ara\u015ft\u0131rmalar yap\u0131ld\u0131\u011f\u0131nda; \u00f6rne\u011fin \u201cPapaz\u0131n \u00c7ay\u0131r\u0131\u201d, \u201cKilise yan\u0131\u201d gibi yerlerin tarihi ge\u00e7mi\u015finden dolay\u0131 bulunduklar\u0131 b\u00f6lgeyle ilgili a\u00e7\u0131k veya kapal\u0131 mesaj verdikleri dikkati \u00e7ekmektedir.Elinizdeki bu ara\u015ft\u0131rmada, yer alt\u0131n\u0131n sakl\u0131 hazineleri hakk\u0131nda merak etti\u011finiz her \u015feyin cevab\u0131n\u0131 bulacaks\u0131n\u0131z\u0130\u015faretlerin anlam\u0131na, ustalar\u0131n yorumlar\u0131na ve hat\u0131ralara dair \u00e7ok \u015fey bulacaks\u0131n\u0131z.<\/p>\n","protected":false},"excerpt":{"rendered":"<p>Hepimiz de\u011fi\u015fik vesilelerle farkl\u0131 b\u00f6lgelere, en az\u0131ndan memleketine senede bir kez de olsa giden insanlar\u0131z. \u0130yi bir g\u00f6zlemci; \u00e7evresinde g\u00f6rd\u00fc\u011f\u00fc de\u011fi\u015fik obje, kaya, \u015fekil, i\u015faret, sembol,<span class=\"excerpt-hellip\"> [\u2026]<\/span><\/p>\n","protected":false},"featured_media":0,"template":"","meta":{"_monsterinsights_skip_tracking":false,"_monsterinsights_sitenote_active":false,"_monsterinsights_sitenote_note":"","_monsterinsights_sitenote_category":0},"product_brand":[],"product_cat":[52477,52478],"product_tag":[],"class_list":{"0":"post-724897","1":"product","2":"type-product","3":"status-publish","5":"product_cat-arastirma","6":"product_cat-arkeoloji","7":"pa_cilt-ciltsiz","8":"pa_tur-kitap","9":"pa_yayinevi-cinaralti-yayinlari","10":"pa_yazar-hakan-yilmaz-cebi","12":"first","13":"instock","14":"sale","15":"shipping-taxable","16":"purchasable","17":"product-type-simple"},"_links":{"self":[{"href":"https:\/\/roveyayinevi.com.tr\/index.php\/wp-json\/wp\/v2\/product\/724897","targetHints":{"allow":["GET"]}}],"collection":[{"href":"https:\/\/roveyayinevi.com.tr\/index.php\/wp-json\/wp\/v2\/product"}],"about":[{"href":"https:\/\/roveyayinevi.com.tr\/index.php\/wp-json\/wp\/v2\/types\/product"}],"wp:attachment":[{"href":"https:\/\/roveyayinevi.com.tr\/index.php\/wp-json\/wp\/v2\/media?parent=724897"}],"wp:term":[{"taxonomy":"product_brand","embeddable":true,"href":"https:\/\/roveyayinevi.com.tr\/index.php\/wp-json\/wp\/v2\/product_brand?post=724897"},{"taxonomy":"product_cat","embeddable":true,"href":"https:\/\/roveyayinevi.com.tr\/index.php\/wp-json\/wp\/v2\/product_cat?post=724897"},{"taxonomy":"product_tag","embeddable":true,"href":"https:\/\/roveyayinevi.com.tr\/index.php\/wp-json\/wp\/v2\/product_tag?post=724897"}],"curies":[{"name":"wp","href":"https:\/\/api.w.org\/{rel}","templated":true}]}}