{"id":724895,"date":"2025-08-27T19:41:19","date_gmt":"2025-08-27T16:41:19","guid":{"rendered":"https:\/\/roveyayinevi.com.tr\/index.php\/urun\/gizlenen-dunya-tarihi\/"},"modified":"2026-04-16T02:32:47","modified_gmt":"2026-04-15T23:32:47","slug":"gizlenen-dunya-tarihi","status":"publish","type":"product","link":"https:\/\/roveyayinevi.com.tr\/index.php\/urun\/gizlenen-dunya-tarihi\/","title":{"rendered":"Gizlenen D\u00fcnya Tarihi"},"content":{"rendered":"<p>Bu \u00e7al\u0131\u015fma; efsanelerden ve f\u00fcsunlardan ibaret olan, mitolojilerle yaz\u0131lm\u0131\u015f kadim tarih ve d\u00fc\u015f\u00fcncelere bir dikleni\u015f!Fizik ve fizik \u00f6tesi bir\u00e7ok yolculuk\u2026\u0130lahi hakikatleri topra\u011fa g\u00f6menlerle hesapla\u015fma, akabinde bilginin ve hikmetin bahar kervanlar\u0131yla ya\u011fmur olup d\u00f6k\u00fclmeden \u00f6nceki ilk katreleri\u2026 Halkbilimci Hakan Y\u0131lmaz \u00c7ebi; s\u00f6zl\u00fc ve yaz\u0131l\u0131 edebiyat\u0131m\u0131zda s\u0131rr\u0131n\u0131 k\u0131smen bildi\u011fimiz veya hi\u00e7 bilmedi\u011fimiz naftalinli ger\u00e7ekleri, Ney&#8217;e s\u0131rlanan namelerden icazet alarak okuyucular\u0131n\u0131n belleklerine nefesliyor. Hz. Musa\u2019n\u0131n az\u0131\u011f\u0131ndaki \u00f6l\u00fc bal\u0131\u011f\u0131n, H\u0131z\u0131r\u2019la bulu\u015ftu\u011fu iki denizin birle\u015fti\u011fi yerde dirildi\u011fi gibi beynimizdeki bal\u0131klar\u0131\/uyutulan n\u00f6ronlar\u0131 \u201cab-\u0131 hayat\u201d suyuyla Yu\u015fa Tepesi\u2019nde(!) bulu\u015fturuyor. * K\u0131z Kulesinin 2500 y\u0131ld\u0131r gizlenen gizemi\u2026 * P3\u2019\u00fcn \u015fifresi: G\u00f6r\u00fcyor, Biliyor, Duyuyor\u2026  * Hz. Yusuf\u2019un tah\u0131l silolar\u0131\u2026 * Zaman kaps\u00fcl\u00fc ziggurutlar\u2026  * K\u00f6rfez Sava\u015f\u0131 s\u0131ras\u0131nda, ABD neden zigguratlar\u0131 bombalad\u0131?  * Commegene Krall\u0131\u011f\u0131\/Nemrut H\u00f6y\u00fc\u011f\u00fc\u2019n\u00fcn alt\u0131nda ne var?  * Nuh\u2019un gemisi ve Tennur\u2026  * Metafizik \u0130stihbarat\u2026 Metafizik ve teknolojik zihin kontrol operasyonlar\u0131\u2026  * Ahir zaman\u2026 Hermegiddo\/Armegeddon\u2026Ve daha bir\u00e7ok ger\u00e7ek\u2026 D\u00fc\u015f\u00fcnen insanlar \u00e7a\u011f\u0131na ho\u015f geldiniz!<\/p>\n","protected":false},"excerpt":{"rendered":"<p>Bu \u00e7al\u0131\u015fma; efsanelerden ve f\u00fcsunlardan ibaret olan, mitolojilerle yaz\u0131lm\u0131\u015f kadim tarih ve d\u00fc\u015f\u00fcncelere bir dikleni\u015f!Fizik ve fizik \u00f6tesi bir\u00e7ok yolculuk\u2026\u0130lahi hakikatleri topra\u011fa g\u00f6menlerle hesapla\u015fma, akabinde bilginin<span class=\"excerpt-hellip\"> [\u2026]<\/span><\/p>\n","protected":false},"featured_media":0,"template":"","meta":{"_monsterinsights_skip_tracking":false,"_monsterinsights_sitenote_active":false,"_monsterinsights_sitenote_note":"","_monsterinsights_sitenote_category":0},"product_brand":[],"product_cat":[12370,12304],"product_tag":[],"class_list":{"0":"post-724895","1":"product","2":"type-product","3":"status-publish","5":"product_cat-arastirma-inceleme","6":"product_cat-tarih","7":"pa_cilt-ciltsiz","8":"pa_tur-kitap","9":"pa_yayinevi-cinaralti-yayinlari","10":"pa_yazar-hakan-yilmaz-cebi","12":"first","13":"instock","14":"sale","15":"shipping-taxable","16":"purchasable","17":"product-type-simple"},"_links":{"self":[{"href":"https:\/\/roveyayinevi.com.tr\/index.php\/wp-json\/wp\/v2\/product\/724895","targetHints":{"allow":["GET"]}}],"collection":[{"href":"https:\/\/roveyayinevi.com.tr\/index.php\/wp-json\/wp\/v2\/product"}],"about":[{"href":"https:\/\/roveyayinevi.com.tr\/index.php\/wp-json\/wp\/v2\/types\/product"}],"wp:attachment":[{"href":"https:\/\/roveyayinevi.com.tr\/index.php\/wp-json\/wp\/v2\/media?parent=724895"}],"wp:term":[{"taxonomy":"product_brand","embeddable":true,"href":"https:\/\/roveyayinevi.com.tr\/index.php\/wp-json\/wp\/v2\/product_brand?post=724895"},{"taxonomy":"product_cat","embeddable":true,"href":"https:\/\/roveyayinevi.com.tr\/index.php\/wp-json\/wp\/v2\/product_cat?post=724895"},{"taxonomy":"product_tag","embeddable":true,"href":"https:\/\/roveyayinevi.com.tr\/index.php\/wp-json\/wp\/v2\/product_tag?post=724895"}],"curies":[{"name":"wp","href":"https:\/\/api.w.org\/{rel}","templated":true}]}}