{"id":724893,"date":"2025-08-27T19:41:17","date_gmt":"2025-08-27T16:41:17","guid":{"rendered":"https:\/\/roveyayinevi.com.tr\/index.php\/urun\/devletler-hakkinda\/"},"modified":"2026-04-16T02:32:47","modified_gmt":"2026-04-15T23:32:47","slug":"devletler-hakkinda","status":"publish","type":"product","link":"https:\/\/roveyayinevi.com.tr\/index.php\/urun\/devletler-hakkinda\/","title":{"rendered":"Devletler Hakk\u0131nda"},"content":{"rendered":"<p>Bir devlet olman\u0131n anlam\u0131 ve s\u0131n\u0131rlar\u0131 nedir? Bunu kim belirler? Yoksa bir devlet sadece s\u0131n\u0131rlar\u0131 kadar m\u0131d\u0131r? T\u00fcrklerin tarihteki ayak izlerini takip etti\u011fimizde, hi\u00e7bir devletin bu kadar bu kadar e\u015fsiz ve muhte\u015fem olamad\u0131\u011f\u0131n\u0131 g\u00f6rebiliriz. Binlerce y\u0131l boyunca var olan T\u00fcrklerin muhte\u015fem yolculu\u011fu\u2026\u201cT\u00fcrk\u201d sadece bir soy ad\u0131 de\u011fildir. T\u00fcrk, binlerce y\u0131ll\u0131k tecr\u00fcbeyi, merhameti, adaleti, sayg\u0131nl\u0131\u011f\u0131, zekay\u0131, d\u00fc\u015fmanda uyand\u0131rd\u0131\u011f\u0131 korkuyu, mazlumda uyand\u0131rd\u0131\u011f\u0131 umudu temsil eder.\u201cT\u00fcrk\u201d bu hislerle damarlarda dola\u015fan asil kan\u0131n ad\u0131d\u0131r. Biz birsek, g\u00fc\u00e7l\u00fcy\u00fcz; biz birle\u015fince de t\u00fcm cihan bizimdir.Tarihin her an\u0131nda bir devlet kurma \u00e7abas\u0131nda olan T\u00fcrk\u2019ler, hi\u00e7bir zaman ba\u015fka devletlerin g\u00f6lgesi alt\u0131nda ya\u015famam\u0131\u015ft\u0131r. Ve ya\u015famayacakt\u0131r.Y\u00fcce Allah, T\u00fcrk\u2019\u00fcn varl\u0131\u011f\u0131n\u0131 ve kurdu\u011fu bu daim medeniyeti y\u00fcce k\u0131ls\u0131n<\/p>\n","protected":false},"excerpt":{"rendered":"<p>Bir devlet olman\u0131n anlam\u0131 ve s\u0131n\u0131rlar\u0131 nedir? Bunu kim belirler? Yoksa bir devlet sadece s\u0131n\u0131rlar\u0131 kadar m\u0131d\u0131r? T\u00fcrklerin tarihteki ayak izlerini takip etti\u011fimizde, hi\u00e7bir devletin bu<span class=\"excerpt-hellip\"> [\u2026]<\/span><\/p>\n","protected":false},"featured_media":0,"template":"","meta":{"_monsterinsights_skip_tracking":false,"_monsterinsights_sitenote_active":false,"_monsterinsights_sitenote_note":"","_monsterinsights_sitenote_category":0},"product_brand":[],"product_cat":[12370,12304],"product_tag":[],"class_list":{"0":"post-724893","1":"product","2":"type-product","3":"status-publish","5":"product_cat-arastirma-inceleme","6":"product_cat-tarih","7":"pa_cilt-ciltsiz","8":"pa_tur-kitap","9":"pa_yayinevi-cinaralti-yayinlari","10":"pa_yazar-tarik-ince","12":"first","13":"instock","14":"sale","15":"shipping-taxable","16":"purchasable","17":"product-type-simple"},"_links":{"self":[{"href":"https:\/\/roveyayinevi.com.tr\/index.php\/wp-json\/wp\/v2\/product\/724893","targetHints":{"allow":["GET"]}}],"collection":[{"href":"https:\/\/roveyayinevi.com.tr\/index.php\/wp-json\/wp\/v2\/product"}],"about":[{"href":"https:\/\/roveyayinevi.com.tr\/index.php\/wp-json\/wp\/v2\/types\/product"}],"wp:attachment":[{"href":"https:\/\/roveyayinevi.com.tr\/index.php\/wp-json\/wp\/v2\/media?parent=724893"}],"wp:term":[{"taxonomy":"product_brand","embeddable":true,"href":"https:\/\/roveyayinevi.com.tr\/index.php\/wp-json\/wp\/v2\/product_brand?post=724893"},{"taxonomy":"product_cat","embeddable":true,"href":"https:\/\/roveyayinevi.com.tr\/index.php\/wp-json\/wp\/v2\/product_cat?post=724893"},{"taxonomy":"product_tag","embeddable":true,"href":"https:\/\/roveyayinevi.com.tr\/index.php\/wp-json\/wp\/v2\/product_tag?post=724893"}],"curies":[{"name":"wp","href":"https:\/\/api.w.org\/{rel}","templated":true}]}}