{"id":724892,"date":"2025-08-27T19:41:16","date_gmt":"2025-08-27T16:41:16","guid":{"rendered":"https:\/\/roveyayinevi.com.tr\/index.php\/urun\/genc-arkadas\/"},"modified":"2026-04-16T02:32:47","modified_gmt":"2026-04-15T23:32:47","slug":"genc-arkadas","status":"publish","type":"product","link":"https:\/\/roveyayinevi.com.tr\/index.php\/urun\/genc-arkadas\/","title":{"rendered":"Gen\u00e7 Arkada\u015f"},"content":{"rendered":"<p>Seyfettin Do\u011fu: \u201cGen\u00e7 bir kalemden, T\u00fcrk gen\u00e7li\u011fine yol ve y\u00f6n g\u00f6steren nasihatlerle dolu bir kitap. Kitaptaki tavsiyelerden birini veya birka\u00e7\u0131n\u0131 kendinize d\u00fcstur edindi\u011finiz takdirde, istikametinizin d\u00fczelmeye ba\u015flad\u0131\u011f\u0131n\u0131 fark edersiniz. Ayr\u0131ca kitab\u0131 okudu\u011funuzda \u015fanl\u0131 tarihimize iz b\u0131rakm\u0131\u015f kahramanlar ve dava i\u00e7in can veren \u015fahsiyetler hakk\u0131nda da bilgi sahibi olabilirsiniz. Arvasi oca\u011f\u0131nda pi\u015fmi\u015f ve k\u0131vam bulmu\u015f gen\u00e7 yazar\u0131m\u0131z\u0131 can\u0131 g\u00f6n\u00fclden tebrik ediyoruz.\u201dKul Ahmet Cant\u00fcrk: \u201cDe\u011ferlerimize sald\u0131ranlar\u0131n ve \u00fcst\u00fcne oynanan oyunlar\u0131n had safhaya \u00e7\u0131kt\u0131\u011f\u0131 g\u00fcn\u00fcm\u00fczde \u201cBana ne?\u201d diyenlere ibret olacak bir eser niteli\u011findeki \u201cGen\u00e7 Arkada\u015f\u201d; fikir ve de\u011ferlerimizi hat\u0131rlatan, \u00f6\u011freten \u00e7ok k\u0131ymetli bir eser olmu\u015f.\u201dDr. G\u00f6kberk Y\u00fccel: \u201cBizim nesil b\u00fcy\u00fcklerinden ge\u00e7mi\u015fin ac\u0131 tatl\u0131 hikayelerini dinleyerek yeti\u015fti. Arkada\u015flarla her bir araya geldi\u011fimizde, b\u00fcy\u00fcklerimizden duydu\u011fumuz hikayeleri, okuduklar\u0131m\u0131zla harmanlar ve birbirimize anlatma i\u015ftiyak\u0131yla gelece\u011fimize istikamet vermeye \u00e7al\u0131\u015f\u0131rd\u0131k. T\u00fcrk tarihi, esas\u0131nda T\u00fcrklerin devlet(li) olma haf\u0131zas\u0131d\u0131r. Bu haf\u0131zan\u0131n, sacayaklar\u0131ndan bir tanesini de de\u011ferli \u015fahsiyetler olu\u015fturur. Tarihi akt\u00f6rler, T\u00fcrk gen\u00e7li\u011finin yeti\u015fmesinde ve gelece\u011fine y\u00f6n vermesinde idol olma rol\u00fcn\u00fc de \u00fcstlenmektedir. Yeter ki do\u011fru anla\u015f\u0131ls\u0131nlar. Elinizde bulunan kitap, demli \u00e7ay\u0131n bu\u011fusunda g\u00f6n\u00fcl ile halle\u015fen muhabbetin bir \u00fcr\u00fcn\u00fcd\u00fcr ve bu \u015fahsiyetlere ili\u015fkin hap bilgiler sunmaktad\u0131r.\u201d\u00d6\u011fr. G\u00f6r. Fatih Akg\u00fcl: \u201cBa\u015far\u0131lar kimi zaman herkes, kimi zaman az\u0131nl\u0131k taraf\u0131ndan takdir edilir. Bu kitapta, her ne olursa olsun takdir beklemeden, umut vadeden ba\u015far\u0131lara imza atm\u0131\u015f ve atacak olan, gen\u00e7lik y\u0131llar\u0131n\u0131 davas\u0131n\u0131 adam\u0131\u015f olan can garda\u015f\u0131m\u0131n eme\u011fi var. Kendi tarihinden, davas\u0131ndan vazge\u00e7meden ilerleyen ve bu istikamette hareket edilmesi gerekti\u011fini \u00f6rneklerle, a\u00e7\u0131klamalarla ortaya koyan bu eserin derin manas\u0131n\u0131 anlamak i\u00e7in d\u00fc\u015f\u00fcnerek okuman\u0131z\u0131 tavsiye ederim.\u201dMehmet Ak\u0131ll\u0131o\u011flu: \u201cO\u011fuz Ka\u011fan\u2019\u0131n, Abdulkerim Saltuk Bu\u011fra Han\u2019\u0131n, Sultan Alparslan\u2019\u0131n, \u00c7a\u011fr\u0131 Bey\u2019in, Tu\u011frul Bey\u2019in, Osman Gazi Han, Yavuz Sultan Selim\u2019in, Fatih Sultan Mehmet Han\u2019\u0131n \u2026 davas\u0131 ne ise T\u00fcrk gen\u00e7li\u011finin davas\u0131 odur. T\u00fcrk t\u00f6resi; k\u00fclt\u00fcrden, kanuna kadar akla gelebilecek her \u015feyin bir nizam i\u00e7erisinde olmas\u0131d\u0131r. Bu nizam\u0131n s\u0131n\u0131rlar\u0131n\u0131 \u00e7izen de \u0130slam\u2019d\u0131r. Ne mutlu \u0130lay-\u0131 Kelimetullah i\u00e7in kendi \u00f6z kimli\u011finden kopmadan aleme nizam vermek i\u00e7in m\u00fccadele eden gen\u00e7lere.\u201d<\/p>\n","protected":false},"excerpt":{"rendered":"<p>Seyfettin Do\u011fu: \u201cGen\u00e7 bir kalemden, T\u00fcrk gen\u00e7li\u011fine yol ve y\u00f6n g\u00f6steren nasihatlerle dolu bir kitap. Kitaptaki tavsiyelerden birini veya birka\u00e7\u0131n\u0131 kendinize d\u00fcstur edindi\u011finiz takdirde, istikametinizin d\u00fczelmeye<span class=\"excerpt-hellip\"> [\u2026]<\/span><\/p>\n","protected":false},"featured_media":0,"template":"","meta":{"_monsterinsights_skip_tracking":false,"_monsterinsights_sitenote_active":false,"_monsterinsights_sitenote_note":"","_monsterinsights_sitenote_category":0},"product_brand":[],"product_cat":[12291,12745],"product_tag":[],"class_list":{"0":"post-724892","1":"product","2":"type-product","3":"status-publish","5":"product_cat-edebiyat","6":"product_cat-tarihi-roman","7":"pa_cilt-ciltsiz","8":"pa_tur-kitap","9":"pa_yayinevi-cinaralti-yayinlari","10":"pa_yazar-halil-ibrahim-arvas","12":"first","13":"instock","14":"sale","15":"shipping-taxable","16":"purchasable","17":"product-type-simple"},"_links":{"self":[{"href":"https:\/\/roveyayinevi.com.tr\/index.php\/wp-json\/wp\/v2\/product\/724892","targetHints":{"allow":["GET"]}}],"collection":[{"href":"https:\/\/roveyayinevi.com.tr\/index.php\/wp-json\/wp\/v2\/product"}],"about":[{"href":"https:\/\/roveyayinevi.com.tr\/index.php\/wp-json\/wp\/v2\/types\/product"}],"wp:attachment":[{"href":"https:\/\/roveyayinevi.com.tr\/index.php\/wp-json\/wp\/v2\/media?parent=724892"}],"wp:term":[{"taxonomy":"product_brand","embeddable":true,"href":"https:\/\/roveyayinevi.com.tr\/index.php\/wp-json\/wp\/v2\/product_brand?post=724892"},{"taxonomy":"product_cat","embeddable":true,"href":"https:\/\/roveyayinevi.com.tr\/index.php\/wp-json\/wp\/v2\/product_cat?post=724892"},{"taxonomy":"product_tag","embeddable":true,"href":"https:\/\/roveyayinevi.com.tr\/index.php\/wp-json\/wp\/v2\/product_tag?post=724892"}],"curies":[{"name":"wp","href":"https:\/\/api.w.org\/{rel}","templated":true}]}}