{"id":724891,"date":"2025-08-27T19:41:16","date_gmt":"2025-08-27T16:41:16","guid":{"rendered":"https:\/\/roveyayinevi.com.tr\/index.php\/urun\/hayata-kucuk-dokunuslar\/"},"modified":"2026-04-08T02:41:15","modified_gmt":"2026-04-07T23:41:15","slug":"hayata-kucuk-dokunuslar","status":"publish","type":"product","link":"https:\/\/roveyayinevi.com.tr\/index.php\/urun\/hayata-kucuk-dokunuslar\/","title":{"rendered":"Hayata K\u00fc\u00e7\u00fck Dokunu\u015flar"},"content":{"rendered":"<p>Uyand\u0131\u011f\u0131n\u0131z her g\u00fcn\u00fcn k\u0131ymetini bilin.Bir daha o g\u00fcne asla uyanamayacaks\u0131n\u0131z.\u0130nsan bir kez do\u011fuyor, bir kez \u00f6l\u00fcyor.Bir kez \u00e7ocuk oluyor, bir kez gen\u00e7 oluyor ve bir kez ihtiyar oluyor.Tekrar\u0131 olmayan bir hayat\u0131n sahipleriyiz.D\u00fcnya uzayda, bir ge\u00e7ti\u011fi yerden bir daha ge\u00e7miyor.Sen de uyand\u0131\u011f\u0131n bir sabaha tekrar uyanamayacaks\u0131n.Her g\u00fcn\u00fcm\u00fcz bize bah\u015fedilen e\u015fsiz ve tekrar\u0131 olmayacak olan bir \u00f6d\u00fcld\u00fcr.<\/p>\n","protected":false},"excerpt":{"rendered":"<p>Uyand\u0131\u011f\u0131n\u0131z her g\u00fcn\u00fcn k\u0131ymetini bilin.Bir daha o g\u00fcne asla uyanamayacaks\u0131n\u0131z.\u0130nsan bir kez do\u011fuyor, bir kez \u00f6l\u00fcyor.Bir kez \u00e7ocuk oluyor, bir kez gen\u00e7 oluyor ve bir kez<span class=\"excerpt-hellip\"> [\u2026]<\/span><\/p>\n","protected":false},"featured_media":0,"template":"","meta":{"_monsterinsights_skip_tracking":false,"_monsterinsights_sitenote_active":false,"_monsterinsights_sitenote_note":"","_monsterinsights_sitenote_category":0},"product_brand":[],"product_cat":[12364,12376],"product_tag":[],"class_list":{"0":"post-724891","1":"product","2":"type-product","3":"status-publish","5":"product_cat-genel-konular","6":"product_cat-kisisel-gelisim","7":"pa_cilt-ciltsiz","8":"pa_tur-kitap","9":"pa_yayinevi-cinaralti-yayinlari","10":"pa_yazar-ilyas-altunkaya","12":"first","13":"instock","14":"sale","15":"shipping-taxable","16":"purchasable","17":"product-type-simple"},"_links":{"self":[{"href":"https:\/\/roveyayinevi.com.tr\/index.php\/wp-json\/wp\/v2\/product\/724891","targetHints":{"allow":["GET"]}}],"collection":[{"href":"https:\/\/roveyayinevi.com.tr\/index.php\/wp-json\/wp\/v2\/product"}],"about":[{"href":"https:\/\/roveyayinevi.com.tr\/index.php\/wp-json\/wp\/v2\/types\/product"}],"wp:attachment":[{"href":"https:\/\/roveyayinevi.com.tr\/index.php\/wp-json\/wp\/v2\/media?parent=724891"}],"wp:term":[{"taxonomy":"product_brand","embeddable":true,"href":"https:\/\/roveyayinevi.com.tr\/index.php\/wp-json\/wp\/v2\/product_brand?post=724891"},{"taxonomy":"product_cat","embeddable":true,"href":"https:\/\/roveyayinevi.com.tr\/index.php\/wp-json\/wp\/v2\/product_cat?post=724891"},{"taxonomy":"product_tag","embeddable":true,"href":"https:\/\/roveyayinevi.com.tr\/index.php\/wp-json\/wp\/v2\/product_tag?post=724891"}],"curies":[{"name":"wp","href":"https:\/\/api.w.org\/{rel}","templated":true}]}}