{"id":724890,"date":"2025-08-27T19:41:15","date_gmt":"2025-08-27T16:41:15","guid":{"rendered":"https:\/\/roveyayinevi.com.tr\/index.php\/urun\/beyaz-kartalin-sirri\/"},"modified":"2026-04-16T02:32:47","modified_gmt":"2026-04-15T23:32:47","slug":"beyaz-kartalin-sirri","status":"publish","type":"product","link":"https:\/\/roveyayinevi.com.tr\/index.php\/urun\/beyaz-kartalin-sirri\/","title":{"rendered":"Beyaz Kartal\u0131n S\u0131rr\u0131"},"content":{"rendered":"<p>\u015eu durumda onun ne yerinden kalkacak ne de kanad\u0131n\u0131 \u00e7\u0131rpacak g\u00fcc\u00fc var; neredeyse \u00f6lmek \u00fczere. Fakat hayatta kalmak istiyorsa bir se\u00e7im yapmal\u0131.Ya\u015famay\u0131 se\u00e7erse onu zorlu g\u00fcnler bekliyor; ama bu \u00f6lmekten yine de iyidir.Umar\u0131m bunu ba\u015far\u0131r.&#8221; dedi.Hakk\u0131nda \u00e7ok konu\u015fulan fakat \u00e7ok az \u015fey bilinen Sultan Abd\u00fclmecit d\u00f6nemi, Meri\u00e7 Turan\u2019\u0131n kaleminden siz de\u011ferli okurlarla bulu\u015ftu.Tarih\u00ee roman t\u00fcr\u00fcnde zor bulunan ger\u00e7ek bir maceran\u0131n tad\u0131n\u0131 almaya var m\u0131s\u0131n\u0131z?Haz\u0131rsan\u0131z, d\u00fcne yolculuk ba\u015flas\u0131n!<\/p>\n","protected":false},"excerpt":{"rendered":"<p>\u015eu durumda onun ne yerinden kalkacak ne de kanad\u0131n\u0131 \u00e7\u0131rpacak g\u00fcc\u00fc var; neredeyse \u00f6lmek \u00fczere. Fakat hayatta kalmak istiyorsa bir se\u00e7im yapmal\u0131.Ya\u015famay\u0131 se\u00e7erse onu zorlu g\u00fcnler<span class=\"excerpt-hellip\"> [\u2026]<\/span><\/p>\n","protected":false},"featured_media":0,"template":"","meta":{"_monsterinsights_skip_tracking":false,"_monsterinsights_sitenote_active":false,"_monsterinsights_sitenote_note":"","_monsterinsights_sitenote_category":0},"product_brand":[],"product_cat":[12291,12745],"product_tag":[],"class_list":{"0":"post-724890","1":"product","2":"type-product","3":"status-publish","5":"product_cat-edebiyat","6":"product_cat-tarihi-roman","7":"pa_cilt-ciltsiz","8":"pa_tur-kitap","9":"pa_yayinevi-cinaralti-yayinlari","10":"pa_yazar-meric-turan","12":"first","13":"instock","14":"sale","15":"shipping-taxable","16":"purchasable","17":"product-type-simple"},"_links":{"self":[{"href":"https:\/\/roveyayinevi.com.tr\/index.php\/wp-json\/wp\/v2\/product\/724890","targetHints":{"allow":["GET"]}}],"collection":[{"href":"https:\/\/roveyayinevi.com.tr\/index.php\/wp-json\/wp\/v2\/product"}],"about":[{"href":"https:\/\/roveyayinevi.com.tr\/index.php\/wp-json\/wp\/v2\/types\/product"}],"wp:attachment":[{"href":"https:\/\/roveyayinevi.com.tr\/index.php\/wp-json\/wp\/v2\/media?parent=724890"}],"wp:term":[{"taxonomy":"product_brand","embeddable":true,"href":"https:\/\/roveyayinevi.com.tr\/index.php\/wp-json\/wp\/v2\/product_brand?post=724890"},{"taxonomy":"product_cat","embeddable":true,"href":"https:\/\/roveyayinevi.com.tr\/index.php\/wp-json\/wp\/v2\/product_cat?post=724890"},{"taxonomy":"product_tag","embeddable":true,"href":"https:\/\/roveyayinevi.com.tr\/index.php\/wp-json\/wp\/v2\/product_tag?post=724890"}],"curies":[{"name":"wp","href":"https:\/\/api.w.org\/{rel}","templated":true}]}}