{"id":724889,"date":"2025-08-27T19:41:14","date_gmt":"2025-08-27T16:41:14","guid":{"rendered":"https:\/\/roveyayinevi.com.tr\/index.php\/urun\/dunyayi-kurtar\/"},"modified":"2026-04-16T02:32:47","modified_gmt":"2026-04-15T23:32:47","slug":"dunyayi-kurtar","status":"publish","type":"product","link":"https:\/\/roveyayinevi.com.tr\/index.php\/urun\/dunyayi-kurtar\/","title":{"rendered":"D\u00fcnyay\u0131 Kurtar"},"content":{"rendered":"<p>D\u00fcnya yok olu\u015fa do\u011fru s\u00fcr\u00fcklenmektedir. Bu yok olu\u015f s\u00fcrecinin sorumlusu bizler yani insanlard\u0131r. \u0130nsanlar\u0131n bencilli\u011fi, h\u0131rs\u0131, kibri, doyumsuzlu\u011fu ve savurganl\u0131\u011f\u0131 do\u011fay\u0131 y\u0131k\u0131c\u0131 boyutlarda tahrip etmektedir. Bu y\u0131k\u0131m\u0131n bir neticesi olarak milyonlarca insan \u00f6lmekte, bitki ve hayvan t\u00fcrleri yok olmakta ve \u00e7evrenin fiziksel unsurlar\u0131 i\u015flevini kaybetmektedir. Tabiat anaya ya\u015fatt\u0131\u011f\u0131m\u0131z felaketi para h\u0131rs\u0131yla d\u00f6nen kibirli g\u00f6zlerimiz g\u00f6r(e)m\u00fcyor ya da g\u00f6rmek istemiyor. Fakat ivedi olarak toplumsal bir uyan\u0131\u015fa yani g\u00f6zlerimizi hakikate a\u00e7maya ihtiyac\u0131m\u0131z var. H\u00e2l\u00e2ge\u00e7 de\u011fil. Bu yok olu\u015f s\u00fcrecini tersine \u00e7evirmemiz yani d\u00fcnyay\u0131 daha ya\u015fanabilir bir yer yapmam\u0131z m\u00fcmk\u00fcn. Zor ama kesinlikle imk\u00e2ns\u0131z de\u011fil. Yeter ki insanlar\u0131n uyan\u0131\u015f\u0131 sa\u011flayacak toplumsal ayd\u0131nlanma i\u00e7in ilk ad\u0131m\u0131 atal\u0131m.D\u00fcnyan\u0131n yok olu\u015funu durdurman\u0131n tek yolu olan toplumsal uyan\u0131\u015f\u0131 ger\u00e7ekle\u015ftirmek amac\u0131yla ele al\u0131nan bu kitapta, \u00e7evre sorunlar\u0131n\u0131 azaltarak yok olu\u015f s\u00fcrecini tersine \u00e7evirebilmemiz i\u00e7in at\u0131lmas\u0131 gereken ad\u0131mlar\u0131n neler oldu\u011fu yani bilimsel \u00e7\u00f6z\u00fcm \u00f6nerileri okuyuculara sunulmaktad\u0131r. Bu kitapta payla\u015f\u0131lan 10 alt\u0131n kural ile d\u00fcnyay\u0131 gelecek ku\u015faklar yani \u00e7ocuklar\u0131m\u0131z i\u00e7in kurtarabiliriz.<\/p>\n","protected":false},"excerpt":{"rendered":"<p>D\u00fcnya yok olu\u015fa do\u011fru s\u00fcr\u00fcklenmektedir. Bu yok olu\u015f s\u00fcrecinin sorumlusu bizler yani insanlard\u0131r. \u0130nsanlar\u0131n bencilli\u011fi, h\u0131rs\u0131, kibri, doyumsuzlu\u011fu ve savurganl\u0131\u011f\u0131 do\u011fay\u0131 y\u0131k\u0131c\u0131 boyutlarda tahrip etmektedir. Bu<span class=\"excerpt-hellip\"> [\u2026]<\/span><\/p>\n","protected":false},"featured_media":0,"template":"","meta":{"_monsterinsights_skip_tracking":false,"_monsterinsights_sitenote_active":false,"_monsterinsights_sitenote_note":"","_monsterinsights_sitenote_category":0},"product_brand":[],"product_cat":[12365,12364],"product_tag":[],"class_list":{"0":"post-724889","1":"product","2":"type-product","3":"status-publish","5":"product_cat-diger-genel-konular","6":"product_cat-genel-konular","7":"pa_cilt-ciltsiz","8":"pa_tur-kitap","9":"pa_yayinevi-astana-yayinlari","10":"pa_yazar-emrah-akyuz","12":"first","13":"instock","14":"sale","15":"shipping-taxable","16":"purchasable","17":"product-type-simple"},"_links":{"self":[{"href":"https:\/\/roveyayinevi.com.tr\/index.php\/wp-json\/wp\/v2\/product\/724889","targetHints":{"allow":["GET"]}}],"collection":[{"href":"https:\/\/roveyayinevi.com.tr\/index.php\/wp-json\/wp\/v2\/product"}],"about":[{"href":"https:\/\/roveyayinevi.com.tr\/index.php\/wp-json\/wp\/v2\/types\/product"}],"wp:attachment":[{"href":"https:\/\/roveyayinevi.com.tr\/index.php\/wp-json\/wp\/v2\/media?parent=724889"}],"wp:term":[{"taxonomy":"product_brand","embeddable":true,"href":"https:\/\/roveyayinevi.com.tr\/index.php\/wp-json\/wp\/v2\/product_brand?post=724889"},{"taxonomy":"product_cat","embeddable":true,"href":"https:\/\/roveyayinevi.com.tr\/index.php\/wp-json\/wp\/v2\/product_cat?post=724889"},{"taxonomy":"product_tag","embeddable":true,"href":"https:\/\/roveyayinevi.com.tr\/index.php\/wp-json\/wp\/v2\/product_tag?post=724889"}],"curies":[{"name":"wp","href":"https:\/\/api.w.org\/{rel}","templated":true}]}}